{"id":3917,"date":"2022-11-17T08:08:05","date_gmt":"2022-11-17T07:08:05","guid":{"rendered":"https:\/\/auftragsmalerei-kwast-berlin.de\/en\/?page_id=3917"},"modified":"2022-11-17T08:08:40","modified_gmt":"2022-11-17T07:08:40","slug":"wall-painting-diorama-carbon-forest-museum-am-scholerberg-osnabruck","status":"publish","type":"page","link":"https:\/\/auftragsmalerei-kwast-berlin.de\/en\/museum-painting\/wall-painting-diorama-carbon-forest-museum-am-scholerberg-osnabruck\/","title":{"rendered":"Wall painting diorama &#8220;Carbon Forest&#8221;, Museum am Sch\u00f6lerberg, Osnabr\u00fcck"},"content":{"rendered":"<div class=\"textblock\">\n<h3>Client: Museum am Sch\u00f6lerberg | Acrylic and facade paints | approx. 8 x 20 m<\/h3>\n<p>For the redesign of the museum, a painted carbon forest is to be the eye-catcher as part of a diorama. The design was created in collaboration with a Berlin graphic designer and the museum&#8217;s biologists. The work was carried out on movable scaffolding. Several layers of paint were applied directly from the design to the wall without any preliminary drawing. Four theatre and commissioned painters were involved in the realisation. A work of art was created and its size is probably unique in a German museum.<\/p>\n<\/div>\n<div class=\"content_block\" id=\"custom_post_widget-3905\">\n<figure class=\"wp-block-image size-full\"><img loading=\"lazy\" decoding=\"async\" width=\"900\" height=\"675\" src=\"https:\/\/auftragsmalerei-kwast-berlin.de\/en\/wp-content\/uploads\/sites\/2\/2022\/11\/auftragsmalerei-kwast-berlin_museumsmalerei_karbonwald_5.jpg\" alt=\"\" class=\"wp-image-3906\" srcset=\"https:\/\/auftragsmalerei-kwast-berlin.de\/en\/wp-content\/uploads\/sites\/2\/2022\/11\/auftragsmalerei-kwast-berlin_museumsmalerei_karbonwald_5.jpg 900w, https:\/\/auftragsmalerei-kwast-berlin.de\/en\/wp-content\/uploads\/sites\/2\/2022\/11\/auftragsmalerei-kwast-berlin_museumsmalerei_karbonwald_5-300x225.jpg 300w, https:\/\/auftragsmalerei-kwast-berlin.de\/en\/wp-content\/uploads\/sites\/2\/2022\/11\/auftragsmalerei-kwast-berlin_museumsmalerei_karbonwald_5-768x576.jpg 768w\" sizes=\"auto, (max-width: 900px) 100vw, 900px\" \/><\/figure>\n\n\n\n<figure class=\"wp-block-image size-full\"><img loading=\"lazy\" decoding=\"async\" width=\"900\" height=\"675\" src=\"https:\/\/auftragsmalerei-kwast-berlin.de\/en\/wp-content\/uploads\/sites\/2\/2022\/11\/auftragsmalerei-kwast-berlin_museumsmalerei_karbonwald_1.jpg\" alt=\"\" class=\"wp-image-3907\" srcset=\"https:\/\/auftragsmalerei-kwast-berlin.de\/en\/wp-content\/uploads\/sites\/2\/2022\/11\/auftragsmalerei-kwast-berlin_museumsmalerei_karbonwald_1.jpg 900w, https:\/\/auftragsmalerei-kwast-berlin.de\/en\/wp-content\/uploads\/sites\/2\/2022\/11\/auftragsmalerei-kwast-berlin_museumsmalerei_karbonwald_1-300x225.jpg 300w, https:\/\/auftragsmalerei-kwast-berlin.de\/en\/wp-content\/uploads\/sites\/2\/2022\/11\/auftragsmalerei-kwast-berlin_museumsmalerei_karbonwald_1-768x576.jpg 768w\" sizes=\"auto, (max-width: 900px) 100vw, 900px\" \/><\/figure>\n\n\n\n<figure class=\"wp-block-image size-full\"><img loading=\"lazy\" decoding=\"async\" width=\"900\" height=\"675\" src=\"https:\/\/auftragsmalerei-kwast-berlin.de\/en\/wp-content\/uploads\/sites\/2\/2022\/11\/auftragsmalerei-kwast-berlin_museumsmalerei_karbonwald_4.jpg\" alt=\"\" class=\"wp-image-3908\" srcset=\"https:\/\/auftragsmalerei-kwast-berlin.de\/en\/wp-content\/uploads\/sites\/2\/2022\/11\/auftragsmalerei-kwast-berlin_museumsmalerei_karbonwald_4.jpg 900w, https:\/\/auftragsmalerei-kwast-berlin.de\/en\/wp-content\/uploads\/sites\/2\/2022\/11\/auftragsmalerei-kwast-berlin_museumsmalerei_karbonwald_4-300x225.jpg 300w, https:\/\/auftragsmalerei-kwast-berlin.de\/en\/wp-content\/uploads\/sites\/2\/2022\/11\/auftragsmalerei-kwast-berlin_museumsmalerei_karbonwald_4-768x576.jpg 768w\" sizes=\"auto, (max-width: 900px) 100vw, 900px\" \/><\/figure>\n\n\n\n<figure class=\"wp-block-image size-full\"><img loading=\"lazy\" decoding=\"async\" width=\"900\" height=\"675\" src=\"https:\/\/auftragsmalerei-kwast-berlin.de\/en\/wp-content\/uploads\/sites\/2\/2022\/11\/auftragsmalerei-kwast-berlin_museumsmalerei_karbonwald_12.jpg\" alt=\"\" class=\"wp-image-3909\" srcset=\"https:\/\/auftragsmalerei-kwast-berlin.de\/en\/wp-content\/uploads\/sites\/2\/2022\/11\/auftragsmalerei-kwast-berlin_museumsmalerei_karbonwald_12.jpg 900w, https:\/\/auftragsmalerei-kwast-berlin.de\/en\/wp-content\/uploads\/sites\/2\/2022\/11\/auftragsmalerei-kwast-berlin_museumsmalerei_karbonwald_12-300x225.jpg 300w, https:\/\/auftragsmalerei-kwast-berlin.de\/en\/wp-content\/uploads\/sites\/2\/2022\/11\/auftragsmalerei-kwast-berlin_museumsmalerei_karbonwald_12-768x576.jpg 768w\" sizes=\"auto, (max-width: 900px) 100vw, 900px\" \/><\/figure>\n\n\n\n<figure class=\"wp-block-image size-full\"><img loading=\"lazy\" decoding=\"async\" width=\"900\" height=\"675\" src=\"https:\/\/auftragsmalerei-kwast-berlin.de\/en\/wp-content\/uploads\/sites\/2\/2022\/11\/auftragsmalerei-kwast-berlin_museumsmalerei_karbonwald_13.jpg\" alt=\"\" class=\"wp-image-3910\" srcset=\"https:\/\/auftragsmalerei-kwast-berlin.de\/en\/wp-content\/uploads\/sites\/2\/2022\/11\/auftragsmalerei-kwast-berlin_museumsmalerei_karbonwald_13.jpg 900w, https:\/\/auftragsmalerei-kwast-berlin.de\/en\/wp-content\/uploads\/sites\/2\/2022\/11\/auftragsmalerei-kwast-berlin_museumsmalerei_karbonwald_13-300x225.jpg 300w, https:\/\/auftragsmalerei-kwast-berlin.de\/en\/wp-content\/uploads\/sites\/2\/2022\/11\/auftragsmalerei-kwast-berlin_museumsmalerei_karbonwald_13-768x576.jpg 768w\" sizes=\"auto, (max-width: 900px) 100vw, 900px\" \/><\/figure>\n\n\n\n<figure class=\"wp-block-image size-full\"><img loading=\"lazy\" decoding=\"async\" width=\"900\" height=\"675\" src=\"https:\/\/auftragsmalerei-kwast-berlin.de\/en\/wp-content\/uploads\/sites\/2\/2022\/11\/auftragsmalerei-kwast-berlin_museumsmalerei_karbonwald_2.jpg\" alt=\"\" class=\"wp-image-3911\" srcset=\"https:\/\/auftragsmalerei-kwast-berlin.de\/en\/wp-content\/uploads\/sites\/2\/2022\/11\/auftragsmalerei-kwast-berlin_museumsmalerei_karbonwald_2.jpg 900w, https:\/\/auftragsmalerei-kwast-berlin.de\/en\/wp-content\/uploads\/sites\/2\/2022\/11\/auftragsmalerei-kwast-berlin_museumsmalerei_karbonwald_2-300x225.jpg 300w, https:\/\/auftragsmalerei-kwast-berlin.de\/en\/wp-content\/uploads\/sites\/2\/2022\/11\/auftragsmalerei-kwast-berlin_museumsmalerei_karbonwald_2-768x576.jpg 768w\" sizes=\"auto, (max-width: 900px) 100vw, 900px\" \/><\/figure>\n\n\n\n<figure class=\"wp-block-image size-full\"><img loading=\"lazy\" decoding=\"async\" width=\"900\" height=\"675\" src=\"https:\/\/auftragsmalerei-kwast-berlin.de\/en\/wp-content\/uploads\/sites\/2\/2022\/11\/auftragsmalerei-kwast-berlin_museumsmalerei_karbonwald_6.jpg\" alt=\"\" class=\"wp-image-3912\" srcset=\"https:\/\/auftragsmalerei-kwast-berlin.de\/en\/wp-content\/uploads\/sites\/2\/2022\/11\/auftragsmalerei-kwast-berlin_museumsmalerei_karbonwald_6.jpg 900w, https:\/\/auftragsmalerei-kwast-berlin.de\/en\/wp-content\/uploads\/sites\/2\/2022\/11\/auftragsmalerei-kwast-berlin_museumsmalerei_karbonwald_6-300x225.jpg 300w, https:\/\/auftragsmalerei-kwast-berlin.de\/en\/wp-content\/uploads\/sites\/2\/2022\/11\/auftragsmalerei-kwast-berlin_museumsmalerei_karbonwald_6-768x576.jpg 768w\" sizes=\"auto, (max-width: 900px) 100vw, 900px\" \/><\/figure>\n\n\n\n<figure class=\"wp-block-image size-full\"><img loading=\"lazy\" decoding=\"async\" width=\"900\" height=\"675\" src=\"https:\/\/auftragsmalerei-kwast-berlin.de\/en\/wp-content\/uploads\/sites\/2\/2022\/11\/auftragsmalerei-kwast-berlin_museumsmalerei_karbonwald_3.1.jpg\" alt=\"\" class=\"wp-image-3913\" srcset=\"https:\/\/auftragsmalerei-kwast-berlin.de\/en\/wp-content\/uploads\/sites\/2\/2022\/11\/auftragsmalerei-kwast-berlin_museumsmalerei_karbonwald_3.1.jpg 900w, https:\/\/auftragsmalerei-kwast-berlin.de\/en\/wp-content\/uploads\/sites\/2\/2022\/11\/auftragsmalerei-kwast-berlin_museumsmalerei_karbonwald_3.1-300x225.jpg 300w, https:\/\/auftragsmalerei-kwast-berlin.de\/en\/wp-content\/uploads\/sites\/2\/2022\/11\/auftragsmalerei-kwast-berlin_museumsmalerei_karbonwald_3.1-768x576.jpg 768w\" sizes=\"auto, (max-width: 900px) 100vw, 900px\" \/><\/figure>\n\n\n\n<figure class=\"wp-block-image size-full\"><img loading=\"lazy\" decoding=\"async\" width=\"675\" height=\"900\" src=\"https:\/\/auftragsmalerei-kwast-berlin.de\/en\/wp-content\/uploads\/sites\/2\/2022\/11\/auftragsmalerei-kwast-berlin_museumsmalerei_karbonwald_11.jpg\" alt=\"\" class=\"wp-image-3914\" srcset=\"https:\/\/auftragsmalerei-kwast-berlin.de\/en\/wp-content\/uploads\/sites\/2\/2022\/11\/auftragsmalerei-kwast-berlin_museumsmalerei_karbonwald_11.jpg 675w, https:\/\/auftragsmalerei-kwast-berlin.de\/en\/wp-content\/uploads\/sites\/2\/2022\/11\/auftragsmalerei-kwast-berlin_museumsmalerei_karbonwald_11-225x300.jpg 225w\" sizes=\"auto, (max-width: 675px) 100vw, 675px\" \/><\/figure>\n\n\n\n<figure class=\"wp-block-image size-full\"><img loading=\"lazy\" decoding=\"async\" width=\"900\" height=\"675\" src=\"https:\/\/auftragsmalerei-kwast-berlin.de\/en\/wp-content\/uploads\/sites\/2\/2022\/11\/auftragsmalerei-kwast-berlin_museumsmalerei_karbonwald_9.jpg\" alt=\"\" class=\"wp-image-3915\" srcset=\"https:\/\/auftragsmalerei-kwast-berlin.de\/en\/wp-content\/uploads\/sites\/2\/2022\/11\/auftragsmalerei-kwast-berlin_museumsmalerei_karbonwald_9.jpg 900w, https:\/\/auftragsmalerei-kwast-berlin.de\/en\/wp-content\/uploads\/sites\/2\/2022\/11\/auftragsmalerei-kwast-berlin_museumsmalerei_karbonwald_9-300x225.jpg 300w, https:\/\/auftragsmalerei-kwast-berlin.de\/en\/wp-content\/uploads\/sites\/2\/2022\/11\/auftragsmalerei-kwast-berlin_museumsmalerei_karbonwald_9-768x576.jpg 768w\" sizes=\"auto, (max-width: 900px) 100vw, 900px\" \/><\/figure>\n<\/div>\n","protected":false},"excerpt":{"rendered":"<p>Client: Museum am Sch\u00f6lerberg | Acrylic and facade paints | approx. 8 x 20 m For the redesign of the museum, a painted carbon forest is to be the eye-catcher as part of a diorama. The design was created in collaboration with a Berlin graphic designer and the museum&#8217;s biologists. The work was carried out [&hellip;]<\/p>\n","protected":false},"author":2,"featured_media":0,"parent":121,"menu_order":4,"comment_status":"closed","ping_status":"closed","template":"detailseiten.php","meta":{"footnotes":""},"class_list":["post-3917","page","type-page","status-publish","hentry","brick"],"yoast_head":"<!-- This site is optimized with the Yoast SEO plugin v27.5 - https:\/\/yoast.com\/product\/yoast-seo-wordpress\/ -->\n<title>Wall painting diorama &quot;Carbon Forest&quot;, Museum am Sch\u00f6lerberg, Osnabr\u00fcck - Commissioned Painting Kwast Berlin<\/title>\n<meta name=\"robots\" content=\"index, follow, max-snippet:-1, max-image-preview:large, max-video-preview:-1\" \/>\n<link rel=\"canonical\" href=\"https:\/\/auftragsmalerei-kwast-berlin.de\/en\/museum-painting\/wall-painting-diorama-carbon-forest-museum-am-scholerberg-osnabruck\/\" \/>\n<meta property=\"og:locale\" content=\"en_US\" \/>\n<meta property=\"og:type\" content=\"article\" \/>\n<meta property=\"og:title\" content=\"Wall painting diorama &quot;Carbon Forest&quot;, Museum am Sch\u00f6lerberg, Osnabr\u00fcck - Commissioned Painting Kwast Berlin\" \/>\n<meta property=\"og:description\" content=\"Client: Museum am Sch\u00f6lerberg | Acrylic and facade paints | approx. 8 x 20 m For the redesign of the museum, a painted carbon forest is to be the eye-catcher as part of a diorama. The design was created in collaboration with a Berlin graphic designer and the museum&#8217;s biologists. The work was carried out [&hellip;]\" \/>\n<meta property=\"og:url\" content=\"https:\/\/auftragsmalerei-kwast-berlin.de\/en\/museum-painting\/wall-painting-diorama-carbon-forest-museum-am-scholerberg-osnabruck\/\" \/>\n<meta property=\"og:site_name\" content=\"Commissioned Painting Kwast Berlin\" \/>\n<meta property=\"article:modified_time\" content=\"2022-11-17T07:08:40+00:00\" \/>\n<meta name=\"twitter:card\" content=\"summary_large_image\" \/>\n<meta name=\"twitter:label1\" content=\"Est. reading time\" \/>\n\t<meta name=\"twitter:data1\" content=\"1 minute\" \/>\n<script type=\"application\/ld+json\" class=\"yoast-schema-graph\">{\"@context\":\"https:\\\/\\\/schema.org\",\"@graph\":[{\"@type\":\"WebPage\",\"@id\":\"https:\\\/\\\/auftragsmalerei-kwast-berlin.de\\\/en\\\/museum-painting\\\/wall-painting-diorama-carbon-forest-museum-am-scholerberg-osnabruck\\\/\",\"url\":\"https:\\\/\\\/auftragsmalerei-kwast-berlin.de\\\/en\\\/museum-painting\\\/wall-painting-diorama-carbon-forest-museum-am-scholerberg-osnabruck\\\/\",\"name\":\"Wall painting diorama \\\"Carbon Forest\\\", Museum am Sch\u00f6lerberg, Osnabr\u00fcck - Commissioned Painting Kwast Berlin\",\"isPartOf\":{\"@id\":\"https:\\\/\\\/auftragsmalerei-kwast-berlin.de\\\/en\\\/#website\"},\"datePublished\":\"2022-11-17T07:08:05+00:00\",\"dateModified\":\"2022-11-17T07:08:40+00:00\",\"breadcrumb\":{\"@id\":\"https:\\\/\\\/auftragsmalerei-kwast-berlin.de\\\/en\\\/museum-painting\\\/wall-painting-diorama-carbon-forest-museum-am-scholerberg-osnabruck\\\/#breadcrumb\"},\"inLanguage\":\"en-US\",\"potentialAction\":[{\"@type\":\"ReadAction\",\"target\":[\"https:\\\/\\\/auftragsmalerei-kwast-berlin.de\\\/en\\\/museum-painting\\\/wall-painting-diorama-carbon-forest-museum-am-scholerberg-osnabruck\\\/\"]}]},{\"@type\":\"BreadcrumbList\",\"@id\":\"https:\\\/\\\/auftragsmalerei-kwast-berlin.de\\\/en\\\/museum-painting\\\/wall-painting-diorama-carbon-forest-museum-am-scholerberg-osnabruck\\\/#breadcrumb\",\"itemListElement\":[{\"@type\":\"ListItem\",\"position\":1,\"name\":\"Home\",\"item\":\"https:\\\/\\\/auftragsmalerei-kwast-berlin.de\\\/en\\\/\"},{\"@type\":\"ListItem\",\"position\":2,\"name\":\"Museum painting\",\"item\":\"https:\\\/\\\/auftragsmalerei-kwast-berlin.de\\\/en\\\/museum-painting\\\/\"},{\"@type\":\"ListItem\",\"position\":3,\"name\":\"Wall painting diorama &#8220;Carbon Forest&#8221;, Museum am Sch\u00f6lerberg, Osnabr\u00fcck\"}]},{\"@type\":\"WebSite\",\"@id\":\"https:\\\/\\\/auftragsmalerei-kwast-berlin.de\\\/en\\\/#website\",\"url\":\"https:\\\/\\\/auftragsmalerei-kwast-berlin.de\\\/en\\\/\",\"name\":\"Commissioned Painting Kwast Berlin\",\"description\":\"Commissioned painting for theatre and film, fairs and museums, wall, facade and portrait\",\"potentialAction\":[{\"@type\":\"SearchAction\",\"target\":{\"@type\":\"EntryPoint\",\"urlTemplate\":\"https:\\\/\\\/auftragsmalerei-kwast-berlin.de\\\/en\\\/?s={search_term_string}\"},\"query-input\":{\"@type\":\"PropertyValueSpecification\",\"valueRequired\":true,\"valueName\":\"search_term_string\"}}],\"inLanguage\":\"en-US\"}]}<\/script>\n<!-- \/ Yoast SEO plugin. -->","yoast_head_json":{"title":"Wall painting diorama \"Carbon Forest\", Museum am Sch\u00f6lerberg, Osnabr\u00fcck - Commissioned Painting Kwast Berlin","robots":{"index":"index","follow":"follow","max-snippet":"max-snippet:-1","max-image-preview":"max-image-preview:large","max-video-preview":"max-video-preview:-1"},"canonical":"https:\/\/auftragsmalerei-kwast-berlin.de\/en\/museum-painting\/wall-painting-diorama-carbon-forest-museum-am-scholerberg-osnabruck\/","og_locale":"en_US","og_type":"article","og_title":"Wall painting diorama \"Carbon Forest\", Museum am Sch\u00f6lerberg, Osnabr\u00fcck - Commissioned Painting Kwast Berlin","og_description":"Client: Museum am Sch\u00f6lerberg | Acrylic and facade paints | approx. 8 x 20 m For the redesign of the museum, a painted carbon forest is to be the eye-catcher as part of a diorama. The design was created in collaboration with a Berlin graphic designer and the museum&#8217;s biologists. The work was carried out [&hellip;]","og_url":"https:\/\/auftragsmalerei-kwast-berlin.de\/en\/museum-painting\/wall-painting-diorama-carbon-forest-museum-am-scholerberg-osnabruck\/","og_site_name":"Commissioned Painting Kwast Berlin","article_modified_time":"2022-11-17T07:08:40+00:00","twitter_card":"summary_large_image","twitter_misc":{"Est. reading time":"1 minute"},"schema":{"@context":"https:\/\/schema.org","@graph":[{"@type":"WebPage","@id":"https:\/\/auftragsmalerei-kwast-berlin.de\/en\/museum-painting\/wall-painting-diorama-carbon-forest-museum-am-scholerberg-osnabruck\/","url":"https:\/\/auftragsmalerei-kwast-berlin.de\/en\/museum-painting\/wall-painting-diorama-carbon-forest-museum-am-scholerberg-osnabruck\/","name":"Wall painting diorama \"Carbon Forest\", Museum am Sch\u00f6lerberg, Osnabr\u00fcck - Commissioned Painting Kwast Berlin","isPartOf":{"@id":"https:\/\/auftragsmalerei-kwast-berlin.de\/en\/#website"},"datePublished":"2022-11-17T07:08:05+00:00","dateModified":"2022-11-17T07:08:40+00:00","breadcrumb":{"@id":"https:\/\/auftragsmalerei-kwast-berlin.de\/en\/museum-painting\/wall-painting-diorama-carbon-forest-museum-am-scholerberg-osnabruck\/#breadcrumb"},"inLanguage":"en-US","potentialAction":[{"@type":"ReadAction","target":["https:\/\/auftragsmalerei-kwast-berlin.de\/en\/museum-painting\/wall-painting-diorama-carbon-forest-museum-am-scholerberg-osnabruck\/"]}]},{"@type":"BreadcrumbList","@id":"https:\/\/auftragsmalerei-kwast-berlin.de\/en\/museum-painting\/wall-painting-diorama-carbon-forest-museum-am-scholerberg-osnabruck\/#breadcrumb","itemListElement":[{"@type":"ListItem","position":1,"name":"Home","item":"https:\/\/auftragsmalerei-kwast-berlin.de\/en\/"},{"@type":"ListItem","position":2,"name":"Museum painting","item":"https:\/\/auftragsmalerei-kwast-berlin.de\/en\/museum-painting\/"},{"@type":"ListItem","position":3,"name":"Wall painting diorama &#8220;Carbon Forest&#8221;, Museum am Sch\u00f6lerberg, Osnabr\u00fcck"}]},{"@type":"WebSite","@id":"https:\/\/auftragsmalerei-kwast-berlin.de\/en\/#website","url":"https:\/\/auftragsmalerei-kwast-berlin.de\/en\/","name":"Commissioned Painting Kwast Berlin","description":"Commissioned painting for theatre and film, fairs and museums, wall, facade and portrait","potentialAction":[{"@type":"SearchAction","target":{"@type":"EntryPoint","urlTemplate":"https:\/\/auftragsmalerei-kwast-berlin.de\/en\/?s={search_term_string}"},"query-input":{"@type":"PropertyValueSpecification","valueRequired":true,"valueName":"search_term_string"}}],"inLanguage":"en-US"}]}},"_links":{"self":[{"href":"https:\/\/auftragsmalerei-kwast-berlin.de\/en\/wp-json\/wp\/v2\/pages\/3917","targetHints":{"allow":["GET"]}}],"collection":[{"href":"https:\/\/auftragsmalerei-kwast-berlin.de\/en\/wp-json\/wp\/v2\/pages"}],"about":[{"href":"https:\/\/auftragsmalerei-kwast-berlin.de\/en\/wp-json\/wp\/v2\/types\/page"}],"author":[{"embeddable":true,"href":"https:\/\/auftragsmalerei-kwast-berlin.de\/en\/wp-json\/wp\/v2\/users\/2"}],"replies":[{"embeddable":true,"href":"https:\/\/auftragsmalerei-kwast-berlin.de\/en\/wp-json\/wp\/v2\/comments?post=3917"}],"version-history":[{"count":1,"href":"https:\/\/auftragsmalerei-kwast-berlin.de\/en\/wp-json\/wp\/v2\/pages\/3917\/revisions"}],"predecessor-version":[{"id":3918,"href":"https:\/\/auftragsmalerei-kwast-berlin.de\/en\/wp-json\/wp\/v2\/pages\/3917\/revisions\/3918"}],"up":[{"embeddable":true,"href":"https:\/\/auftragsmalerei-kwast-berlin.de\/en\/wp-json\/wp\/v2\/pages\/121"}],"wp:attachment":[{"href":"https:\/\/auftragsmalerei-kwast-berlin.de\/en\/wp-json\/wp\/v2\/media?parent=3917"}],"curies":[{"name":"wp","href":"https:\/\/api.w.org\/{rel}","templated":true}]}}