{"id":3943,"date":"2022-11-22T10:26:46","date_gmt":"2022-11-22T09:26:46","guid":{"rendered":"https:\/\/auftragsmalerei-kwast-berlin.de\/en\/?page_id=3943"},"modified":"2022-11-22T10:36:09","modified_gmt":"2022-11-22T09:36:09","slug":"wall-painting-carboniferous-age-museum-am-scholerberg-osnabruck","status":"publish","type":"page","link":"https:\/\/auftragsmalerei-kwast-berlin.de\/en\/museum-painting\/wall-painting-carboniferous-age-museum-am-scholerberg-osnabruck\/","title":{"rendered":"Wall painting &#8220;Carboniferous Age&#8221;, Museum am Sch\u00f6lerberg, Osnabr\u00fcck"},"content":{"rendered":"<div class=\"textblock\">\n<h3>Costumer: Museum am Sch\u00f6lerberg | Acrylic and facade paints | approx. 8 x 20 m<\/h3>\n<p>In the newly designed museum, several large-scale murals were created for the permanent exhibition \u00bbCarboniferous Age\u00ab. They are still being supplemented with prints and exhibits. The murals shown here are located in the rooms adjacent to the diorama mural \u00bbCarbon Forest\u00ab.<\/p>\n<\/div>\n<div class=\"content_block\" id=\"custom_post_widget-3931\">\n<figure class=\"wp-block-image size-full\"><img loading=\"lazy\" decoding=\"async\" width=\"900\" height=\"675\" src=\"https:\/\/auftragsmalerei-kwast-berlin.de\/en\/wp-content\/uploads\/sites\/2\/2022\/11\/auftragsmalerei-kwast-berlin_museumsmalerei_osnabrueck_1-1.jpg\" alt=\"\" class=\"wp-image-3932\" srcset=\"https:\/\/auftragsmalerei-kwast-berlin.de\/en\/wp-content\/uploads\/sites\/2\/2022\/11\/auftragsmalerei-kwast-berlin_museumsmalerei_osnabrueck_1-1.jpg 900w, https:\/\/auftragsmalerei-kwast-berlin.de\/en\/wp-content\/uploads\/sites\/2\/2022\/11\/auftragsmalerei-kwast-berlin_museumsmalerei_osnabrueck_1-1-300x225.jpg 300w, https:\/\/auftragsmalerei-kwast-berlin.de\/en\/wp-content\/uploads\/sites\/2\/2022\/11\/auftragsmalerei-kwast-berlin_museumsmalerei_osnabrueck_1-1-768x576.jpg 768w\" sizes=\"auto, (max-width: 900px) 100vw, 900px\" \/><\/figure>\n\n\n\n<figure class=\"wp-block-image size-full\"><img loading=\"lazy\" decoding=\"async\" width=\"900\" height=\"675\" src=\"https:\/\/auftragsmalerei-kwast-berlin.de\/en\/wp-content\/uploads\/sites\/2\/2022\/11\/auftragsmalerei-kwast-berlin_museumsmalerei_osnabrueck_1.1-1.jpg\" alt=\"\" class=\"wp-image-3933\" srcset=\"https:\/\/auftragsmalerei-kwast-berlin.de\/en\/wp-content\/uploads\/sites\/2\/2022\/11\/auftragsmalerei-kwast-berlin_museumsmalerei_osnabrueck_1.1-1.jpg 900w, https:\/\/auftragsmalerei-kwast-berlin.de\/en\/wp-content\/uploads\/sites\/2\/2022\/11\/auftragsmalerei-kwast-berlin_museumsmalerei_osnabrueck_1.1-1-300x225.jpg 300w, https:\/\/auftragsmalerei-kwast-berlin.de\/en\/wp-content\/uploads\/sites\/2\/2022\/11\/auftragsmalerei-kwast-berlin_museumsmalerei_osnabrueck_1.1-1-768x576.jpg 768w\" sizes=\"auto, (max-width: 900px) 100vw, 900px\" \/><\/figure>\n\n\n\n<figure class=\"wp-block-image size-full\"><img loading=\"lazy\" decoding=\"async\" width=\"900\" height=\"675\" src=\"https:\/\/auftragsmalerei-kwast-berlin.de\/en\/wp-content\/uploads\/sites\/2\/2022\/11\/auftragsmalerei-kwast-berlin_museumsmalerei_osnabrueck_1.2-1.jpg\" alt=\"\" class=\"wp-image-3934\" srcset=\"https:\/\/auftragsmalerei-kwast-berlin.de\/en\/wp-content\/uploads\/sites\/2\/2022\/11\/auftragsmalerei-kwast-berlin_museumsmalerei_osnabrueck_1.2-1.jpg 900w, https:\/\/auftragsmalerei-kwast-berlin.de\/en\/wp-content\/uploads\/sites\/2\/2022\/11\/auftragsmalerei-kwast-berlin_museumsmalerei_osnabrueck_1.2-1-300x225.jpg 300w, https:\/\/auftragsmalerei-kwast-berlin.de\/en\/wp-content\/uploads\/sites\/2\/2022\/11\/auftragsmalerei-kwast-berlin_museumsmalerei_osnabrueck_1.2-1-768x576.jpg 768w\" sizes=\"auto, (max-width: 900px) 100vw, 900px\" \/><\/figure>\n\n\n\n<figure class=\"wp-block-image size-full\"><img loading=\"lazy\" decoding=\"async\" width=\"900\" height=\"675\" src=\"https:\/\/auftragsmalerei-kwast-berlin.de\/en\/wp-content\/uploads\/sites\/2\/2022\/11\/auftragsmalerei-kwast-berlin_museumsmalerei_osnabrueck_1.3-1.jpg\" alt=\"\" class=\"wp-image-3935\" srcset=\"https:\/\/auftragsmalerei-kwast-berlin.de\/en\/wp-content\/uploads\/sites\/2\/2022\/11\/auftragsmalerei-kwast-berlin_museumsmalerei_osnabrueck_1.3-1.jpg 900w, https:\/\/auftragsmalerei-kwast-berlin.de\/en\/wp-content\/uploads\/sites\/2\/2022\/11\/auftragsmalerei-kwast-berlin_museumsmalerei_osnabrueck_1.3-1-300x225.jpg 300w, https:\/\/auftragsmalerei-kwast-berlin.de\/en\/wp-content\/uploads\/sites\/2\/2022\/11\/auftragsmalerei-kwast-berlin_museumsmalerei_osnabrueck_1.3-1-768x576.jpg 768w\" sizes=\"auto, (max-width: 900px) 100vw, 900px\" \/><\/figure>\n\n\n\n<figure class=\"wp-block-image size-full\"><img loading=\"lazy\" decoding=\"async\" width=\"900\" height=\"675\" src=\"https:\/\/auftragsmalerei-kwast-berlin.de\/en\/wp-content\/uploads\/sites\/2\/2022\/11\/auftragsmalerei-kwast-berlin_museumsmalerei_osnabrueck_1.4-1.jpg\" alt=\"\" class=\"wp-image-3936\" srcset=\"https:\/\/auftragsmalerei-kwast-berlin.de\/en\/wp-content\/uploads\/sites\/2\/2022\/11\/auftragsmalerei-kwast-berlin_museumsmalerei_osnabrueck_1.4-1.jpg 900w, https:\/\/auftragsmalerei-kwast-berlin.de\/en\/wp-content\/uploads\/sites\/2\/2022\/11\/auftragsmalerei-kwast-berlin_museumsmalerei_osnabrueck_1.4-1-300x225.jpg 300w, https:\/\/auftragsmalerei-kwast-berlin.de\/en\/wp-content\/uploads\/sites\/2\/2022\/11\/auftragsmalerei-kwast-berlin_museumsmalerei_osnabrueck_1.4-1-768x576.jpg 768w\" sizes=\"auto, (max-width: 900px) 100vw, 900px\" \/><\/figure>\n\n\n\n<figure class=\"wp-block-image size-full\"><img loading=\"lazy\" decoding=\"async\" width=\"900\" height=\"675\" src=\"https:\/\/auftragsmalerei-kwast-berlin.de\/en\/wp-content\/uploads\/sites\/2\/2022\/11\/auftragsmalerei-kwast-berlin_museumsmalerei_osnabrueck_2-1.jpg\" alt=\"\" class=\"wp-image-3937\" srcset=\"https:\/\/auftragsmalerei-kwast-berlin.de\/en\/wp-content\/uploads\/sites\/2\/2022\/11\/auftragsmalerei-kwast-berlin_museumsmalerei_osnabrueck_2-1.jpg 900w, https:\/\/auftragsmalerei-kwast-berlin.de\/en\/wp-content\/uploads\/sites\/2\/2022\/11\/auftragsmalerei-kwast-berlin_museumsmalerei_osnabrueck_2-1-300x225.jpg 300w, https:\/\/auftragsmalerei-kwast-berlin.de\/en\/wp-content\/uploads\/sites\/2\/2022\/11\/auftragsmalerei-kwast-berlin_museumsmalerei_osnabrueck_2-1-768x576.jpg 768w\" sizes=\"auto, (max-width: 900px) 100vw, 900px\" \/><\/figure>\n\n\n\n<figure class=\"wp-block-image size-full\"><img loading=\"lazy\" decoding=\"async\" width=\"900\" height=\"675\" src=\"https:\/\/auftragsmalerei-kwast-berlin.de\/en\/wp-content\/uploads\/sites\/2\/2022\/11\/auftragsmalerei-kwast-berlin_museumsmalerei_osnabrueck_3-1.jpg\" alt=\"\" class=\"wp-image-3938\" srcset=\"https:\/\/auftragsmalerei-kwast-berlin.de\/en\/wp-content\/uploads\/sites\/2\/2022\/11\/auftragsmalerei-kwast-berlin_museumsmalerei_osnabrueck_3-1.jpg 900w, https:\/\/auftragsmalerei-kwast-berlin.de\/en\/wp-content\/uploads\/sites\/2\/2022\/11\/auftragsmalerei-kwast-berlin_museumsmalerei_osnabrueck_3-1-300x225.jpg 300w, https:\/\/auftragsmalerei-kwast-berlin.de\/en\/wp-content\/uploads\/sites\/2\/2022\/11\/auftragsmalerei-kwast-berlin_museumsmalerei_osnabrueck_3-1-768x576.jpg 768w\" sizes=\"auto, (max-width: 900px) 100vw, 900px\" \/><\/figure>\n\n\n\n<figure class=\"wp-block-image size-full\"><img loading=\"lazy\" decoding=\"async\" width=\"900\" height=\"675\" src=\"https:\/\/auftragsmalerei-kwast-berlin.de\/en\/wp-content\/uploads\/sites\/2\/2022\/11\/auftragsmalerei-kwast-berlin_museumsmalerei_osnabrueck_4-1.jpg\" alt=\"\" class=\"wp-image-3939\" srcset=\"https:\/\/auftragsmalerei-kwast-berlin.de\/en\/wp-content\/uploads\/sites\/2\/2022\/11\/auftragsmalerei-kwast-berlin_museumsmalerei_osnabrueck_4-1.jpg 900w, https:\/\/auftragsmalerei-kwast-berlin.de\/en\/wp-content\/uploads\/sites\/2\/2022\/11\/auftragsmalerei-kwast-berlin_museumsmalerei_osnabrueck_4-1-300x225.jpg 300w, https:\/\/auftragsmalerei-kwast-berlin.de\/en\/wp-content\/uploads\/sites\/2\/2022\/11\/auftragsmalerei-kwast-berlin_museumsmalerei_osnabrueck_4-1-768x576.jpg 768w\" sizes=\"auto, (max-width: 900px) 100vw, 900px\" \/><\/figure>\n<\/div>\n","protected":false},"excerpt":{"rendered":"<p>Costumer: Museum am Sch\u00f6lerberg | Acrylic and facade paints | approx. 8 x 20 m In the newly designed museum, several large-scale murals were created for the permanent exhibition \u00bbCarboniferous Age\u00ab. They are still being supplemented with prints and exhibits. The murals shown here are located in the rooms adjacent to the diorama mural \u00bbCarbon [&hellip;]<\/p>\n","protected":false},"author":2,"featured_media":0,"parent":121,"menu_order":7,"comment_status":"closed","ping_status":"closed","template":"detailseiten.php","meta":{"footnotes":""},"class_list":["post-3943","page","type-page","status-publish","hentry","brick"],"yoast_head":"<!-- This site is optimized with the Yoast SEO plugin v27.4 - https:\/\/yoast.com\/product\/yoast-seo-wordpress\/ -->\n<title>Wall painting &quot;Carboniferous Age&quot;, Museum am Sch\u00f6lerberg, Osnabr\u00fcck - Commissioned Painting Kwast Berlin<\/title>\n<meta name=\"robots\" content=\"index, follow, max-snippet:-1, max-image-preview:large, max-video-preview:-1\" \/>\n<link rel=\"canonical\" href=\"https:\/\/auftragsmalerei-kwast-berlin.de\/en\/museum-painting\/wall-painting-carboniferous-age-museum-am-scholerberg-osnabruck\/\" \/>\n<meta property=\"og:locale\" content=\"en_US\" \/>\n<meta property=\"og:type\" content=\"article\" \/>\n<meta property=\"og:title\" content=\"Wall painting &quot;Carboniferous Age&quot;, Museum am Sch\u00f6lerberg, Osnabr\u00fcck - Commissioned Painting Kwast Berlin\" \/>\n<meta property=\"og:description\" content=\"Costumer: Museum am Sch\u00f6lerberg | Acrylic and facade paints | approx. 8 x 20 m In the newly designed museum, several large-scale murals were created for the permanent exhibition \u00bbCarboniferous Age\u00ab. They are still being supplemented with prints and exhibits. The murals shown here are located in the rooms adjacent to the diorama mural \u00bbCarbon [&hellip;]\" \/>\n<meta property=\"og:url\" content=\"https:\/\/auftragsmalerei-kwast-berlin.de\/en\/museum-painting\/wall-painting-carboniferous-age-museum-am-scholerberg-osnabruck\/\" \/>\n<meta property=\"og:site_name\" content=\"Commissioned Painting Kwast Berlin\" \/>\n<meta property=\"article:modified_time\" content=\"2022-11-22T09:36:09+00:00\" \/>\n<meta name=\"twitter:card\" content=\"summary_large_image\" \/>\n<meta name=\"twitter:label1\" content=\"Est. reading time\" \/>\n\t<meta name=\"twitter:data1\" content=\"1 minute\" \/>\n<script type=\"application\/ld+json\" class=\"yoast-schema-graph\">{\"@context\":\"https:\\\/\\\/schema.org\",\"@graph\":[{\"@type\":\"WebPage\",\"@id\":\"https:\\\/\\\/auftragsmalerei-kwast-berlin.de\\\/en\\\/museum-painting\\\/wall-painting-carboniferous-age-museum-am-scholerberg-osnabruck\\\/\",\"url\":\"https:\\\/\\\/auftragsmalerei-kwast-berlin.de\\\/en\\\/museum-painting\\\/wall-painting-carboniferous-age-museum-am-scholerberg-osnabruck\\\/\",\"name\":\"Wall painting \\\"Carboniferous Age\\\", Museum am Sch\u00f6lerberg, Osnabr\u00fcck - Commissioned Painting Kwast Berlin\",\"isPartOf\":{\"@id\":\"https:\\\/\\\/auftragsmalerei-kwast-berlin.de\\\/en\\\/#website\"},\"datePublished\":\"2022-11-22T09:26:46+00:00\",\"dateModified\":\"2022-11-22T09:36:09+00:00\",\"breadcrumb\":{\"@id\":\"https:\\\/\\\/auftragsmalerei-kwast-berlin.de\\\/en\\\/museum-painting\\\/wall-painting-carboniferous-age-museum-am-scholerberg-osnabruck\\\/#breadcrumb\"},\"inLanguage\":\"en-US\",\"potentialAction\":[{\"@type\":\"ReadAction\",\"target\":[\"https:\\\/\\\/auftragsmalerei-kwast-berlin.de\\\/en\\\/museum-painting\\\/wall-painting-carboniferous-age-museum-am-scholerberg-osnabruck\\\/\"]}]},{\"@type\":\"BreadcrumbList\",\"@id\":\"https:\\\/\\\/auftragsmalerei-kwast-berlin.de\\\/en\\\/museum-painting\\\/wall-painting-carboniferous-age-museum-am-scholerberg-osnabruck\\\/#breadcrumb\",\"itemListElement\":[{\"@type\":\"ListItem\",\"position\":1,\"name\":\"Home\",\"item\":\"https:\\\/\\\/auftragsmalerei-kwast-berlin.de\\\/en\\\/\"},{\"@type\":\"ListItem\",\"position\":2,\"name\":\"Museum painting\",\"item\":\"https:\\\/\\\/auftragsmalerei-kwast-berlin.de\\\/en\\\/museum-painting\\\/\"},{\"@type\":\"ListItem\",\"position\":3,\"name\":\"Wall painting &#8220;Carboniferous Age&#8221;, Museum am Sch\u00f6lerberg, Osnabr\u00fcck\"}]},{\"@type\":\"WebSite\",\"@id\":\"https:\\\/\\\/auftragsmalerei-kwast-berlin.de\\\/en\\\/#website\",\"url\":\"https:\\\/\\\/auftragsmalerei-kwast-berlin.de\\\/en\\\/\",\"name\":\"Commissioned Painting Kwast Berlin\",\"description\":\"Commissioned painting for theatre and film, fairs and museums, wall, facade and portrait\",\"potentialAction\":[{\"@type\":\"SearchAction\",\"target\":{\"@type\":\"EntryPoint\",\"urlTemplate\":\"https:\\\/\\\/auftragsmalerei-kwast-berlin.de\\\/en\\\/?s={search_term_string}\"},\"query-input\":{\"@type\":\"PropertyValueSpecification\",\"valueRequired\":true,\"valueName\":\"search_term_string\"}}],\"inLanguage\":\"en-US\"}]}<\/script>\n<!-- \/ Yoast SEO plugin. -->","yoast_head_json":{"title":"Wall painting \"Carboniferous Age\", Museum am Sch\u00f6lerberg, Osnabr\u00fcck - Commissioned Painting Kwast Berlin","robots":{"index":"index","follow":"follow","max-snippet":"max-snippet:-1","max-image-preview":"max-image-preview:large","max-video-preview":"max-video-preview:-1"},"canonical":"https:\/\/auftragsmalerei-kwast-berlin.de\/en\/museum-painting\/wall-painting-carboniferous-age-museum-am-scholerberg-osnabruck\/","og_locale":"en_US","og_type":"article","og_title":"Wall painting \"Carboniferous Age\", Museum am Sch\u00f6lerberg, Osnabr\u00fcck - Commissioned Painting Kwast Berlin","og_description":"Costumer: Museum am Sch\u00f6lerberg | Acrylic and facade paints | approx. 8 x 20 m In the newly designed museum, several large-scale murals were created for the permanent exhibition \u00bbCarboniferous Age\u00ab. They are still being supplemented with prints and exhibits. The murals shown here are located in the rooms adjacent to the diorama mural \u00bbCarbon [&hellip;]","og_url":"https:\/\/auftragsmalerei-kwast-berlin.de\/en\/museum-painting\/wall-painting-carboniferous-age-museum-am-scholerberg-osnabruck\/","og_site_name":"Commissioned Painting Kwast Berlin","article_modified_time":"2022-11-22T09:36:09+00:00","twitter_card":"summary_large_image","twitter_misc":{"Est. reading time":"1 minute"},"schema":{"@context":"https:\/\/schema.org","@graph":[{"@type":"WebPage","@id":"https:\/\/auftragsmalerei-kwast-berlin.de\/en\/museum-painting\/wall-painting-carboniferous-age-museum-am-scholerberg-osnabruck\/","url":"https:\/\/auftragsmalerei-kwast-berlin.de\/en\/museum-painting\/wall-painting-carboniferous-age-museum-am-scholerberg-osnabruck\/","name":"Wall painting \"Carboniferous Age\", Museum am Sch\u00f6lerberg, Osnabr\u00fcck - Commissioned Painting Kwast Berlin","isPartOf":{"@id":"https:\/\/auftragsmalerei-kwast-berlin.de\/en\/#website"},"datePublished":"2022-11-22T09:26:46+00:00","dateModified":"2022-11-22T09:36:09+00:00","breadcrumb":{"@id":"https:\/\/auftragsmalerei-kwast-berlin.de\/en\/museum-painting\/wall-painting-carboniferous-age-museum-am-scholerberg-osnabruck\/#breadcrumb"},"inLanguage":"en-US","potentialAction":[{"@type":"ReadAction","target":["https:\/\/auftragsmalerei-kwast-berlin.de\/en\/museum-painting\/wall-painting-carboniferous-age-museum-am-scholerberg-osnabruck\/"]}]},{"@type":"BreadcrumbList","@id":"https:\/\/auftragsmalerei-kwast-berlin.de\/en\/museum-painting\/wall-painting-carboniferous-age-museum-am-scholerberg-osnabruck\/#breadcrumb","itemListElement":[{"@type":"ListItem","position":1,"name":"Home","item":"https:\/\/auftragsmalerei-kwast-berlin.de\/en\/"},{"@type":"ListItem","position":2,"name":"Museum painting","item":"https:\/\/auftragsmalerei-kwast-berlin.de\/en\/museum-painting\/"},{"@type":"ListItem","position":3,"name":"Wall painting &#8220;Carboniferous Age&#8221;, Museum am Sch\u00f6lerberg, Osnabr\u00fcck"}]},{"@type":"WebSite","@id":"https:\/\/auftragsmalerei-kwast-berlin.de\/en\/#website","url":"https:\/\/auftragsmalerei-kwast-berlin.de\/en\/","name":"Commissioned Painting Kwast Berlin","description":"Commissioned painting for theatre and film, fairs and museums, wall, facade and portrait","potentialAction":[{"@type":"SearchAction","target":{"@type":"EntryPoint","urlTemplate":"https:\/\/auftragsmalerei-kwast-berlin.de\/en\/?s={search_term_string}"},"query-input":{"@type":"PropertyValueSpecification","valueRequired":true,"valueName":"search_term_string"}}],"inLanguage":"en-US"}]}},"_links":{"self":[{"href":"https:\/\/auftragsmalerei-kwast-berlin.de\/en\/wp-json\/wp\/v2\/pages\/3943","targetHints":{"allow":["GET"]}}],"collection":[{"href":"https:\/\/auftragsmalerei-kwast-berlin.de\/en\/wp-json\/wp\/v2\/pages"}],"about":[{"href":"https:\/\/auftragsmalerei-kwast-berlin.de\/en\/wp-json\/wp\/v2\/types\/page"}],"author":[{"embeddable":true,"href":"https:\/\/auftragsmalerei-kwast-berlin.de\/en\/wp-json\/wp\/v2\/users\/2"}],"replies":[{"embeddable":true,"href":"https:\/\/auftragsmalerei-kwast-berlin.de\/en\/wp-json\/wp\/v2\/comments?post=3943"}],"version-history":[{"count":2,"href":"https:\/\/auftragsmalerei-kwast-berlin.de\/en\/wp-json\/wp\/v2\/pages\/3943\/revisions"}],"predecessor-version":[{"id":3948,"href":"https:\/\/auftragsmalerei-kwast-berlin.de\/en\/wp-json\/wp\/v2\/pages\/3943\/revisions\/3948"}],"up":[{"embeddable":true,"href":"https:\/\/auftragsmalerei-kwast-berlin.de\/en\/wp-json\/wp\/v2\/pages\/121"}],"wp:attachment":[{"href":"https:\/\/auftragsmalerei-kwast-berlin.de\/en\/wp-json\/wp\/v2\/media?parent=3943"}],"curies":[{"name":"wp","href":"https:\/\/api.w.org\/{rel}","templated":true}]}}