{"id":4017,"date":"2023-08-23T16:13:01","date_gmt":"2023-08-23T14:13:01","guid":{"rendered":"https:\/\/auftragsmalerei-kwast-berlin.de\/en\/?page_id=4017"},"modified":"2024-06-05T22:13:12","modified_gmt":"2024-06-05T20:13:12","slug":"site-notice","status":"publish","type":"page","link":"https:\/\/auftragsmalerei-kwast-berlin.de\/en\/site-notice\/","title":{"rendered":"Site Notice"},"content":{"rendered":"\n<p>Mario Kwast<br>Auftragsmalerei f\u00fcr Theater und Film, Messen und Museen, Wand und Fassade<br>Saarbr\u00fccker Stra\u00dfe 24<br>10405 Berlin<\/p>\n\n\n\n<h2 class=\"wp-block-heading\">Contact<\/h2>\n\n\n\n<p>Phone: +49 (0)30 22 01 96 57<br>E-mail: &#109;&#x61;&#x72;&#105;&#x6f;&#x6b;&#119;&#x61;&#x73;&#116;&#x40;&#x79;&#97;&#x68;&#x6f;&#111;&#x2e;&#x63;&#111;&#x6d;<\/p>\n\n\n\n<h2 class=\"wp-block-heading\">VAT ID<\/h2>\n\n\n\n<p>Sales tax identification number according to Sect. 27 a of the Sales Tax Law:<br>Ust.-ID bitte eintragen<\/p>\n\n\n\n<h2 class=\"wp-block-heading\">EU dispute resolution<\/h2>\n\n\n\n<p>The European Commission provides a platform for online dispute resolution (ODR): <a href=\"https:\/\/ec.europa.eu\/consumers\/odr\/\" target=\"_blank\" rel=\"noreferrer noopener\">https:\/\/ec.europa.eu\/consumers\/odr\/<\/a>.<br>Our e-mail address can be found above in the site notice.<\/p>\n\n\n\n<h2 class=\"wp-block-heading\">Dispute resolution proceedings in front of a consumer arbitration board<\/h2>\n\n\n\n<p>We are not willing or obliged to participate in dispute resolution proceedings in front of a consumer arbitration board.<\/p>\n","protected":false},"excerpt":{"rendered":"<p>Mario KwastAuftragsmalerei f\u00fcr Theater und Film, Messen und Museen, Wand und FassadeSaarbr\u00fccker Stra\u00dfe 2410405 Berlin Contact Phone: +49 (0)30 22 01 96 57E-mail: &#x6d;&#97;r&#x69;&#111;k&#x77;&#x61;&#115;&#x74;&#x40;&#121;a&#x68;&#111;o&#x2e;&#x63;&#111;&#x6d; VAT ID Sales tax identification number according to Sect. 27 a of the Sales Tax Law:Ust.-ID bitte eintragen EU dispute resolution The European Commission provides a platform for online dispute resolution [&hellip;]<\/p>\n","protected":false},"author":2,"featured_media":0,"parent":0,"menu_order":17,"comment_status":"closed","ping_status":"closed","template":"detailseiten.php","meta":{"footnotes":""},"class_list":["post-4017","page","type-page","status-publish","hentry","brick"],"yoast_head":"<!-- This site is optimized with the Yoast SEO plugin v27.4 - https:\/\/yoast.com\/product\/yoast-seo-wordpress\/ -->\n<title>Site Notice - Commissioned Painting Kwast Berlin<\/title>\n<meta name=\"robots\" content=\"index, follow, max-snippet:-1, max-image-preview:large, max-video-preview:-1\" \/>\n<link rel=\"canonical\" href=\"https:\/\/auftragsmalerei-kwast-berlin.de\/en\/site-notice\/\" \/>\n<meta property=\"og:locale\" content=\"en_US\" \/>\n<meta property=\"og:type\" content=\"article\" \/>\n<meta property=\"og:title\" content=\"Site Notice - Commissioned Painting Kwast Berlin\" \/>\n<meta property=\"og:description\" content=\"Mario KwastAuftragsmalerei f\u00fcr Theater und Film, Messen und Museen, Wand und FassadeSaarbr\u00fccker Stra\u00dfe 2410405 Berlin Contact Phone: +49 (0)30 22 01 96 57E-mail: &#x6d;&#x61;&#x72;&#x69;&#x6f;&#x6b;&#x77;&#097;&#115;&#116;&#064;&#121;ahoo&#x2e;&#x63;&#x6f;&#x6d; VAT ID Sales tax identification number according to Sect. 27 a of the Sales Tax Law:Ust.-ID bitte eintragen EU dispute resolution The European Commission provides a platform for online dispute resolution [&hellip;]\" \/>\n<meta property=\"og:url\" content=\"https:\/\/auftragsmalerei-kwast-berlin.de\/en\/site-notice\/\" \/>\n<meta property=\"og:site_name\" content=\"Commissioned Painting Kwast Berlin\" \/>\n<meta property=\"article:modified_time\" content=\"2024-06-05T20:13:12+00:00\" \/>\n<meta name=\"twitter:card\" content=\"summary_large_image\" \/>\n<meta name=\"twitter:label1\" content=\"Est. reading time\" \/>\n\t<meta name=\"twitter:data1\" content=\"1 minute\" \/>\n<script type=\"application\/ld+json\" class=\"yoast-schema-graph\">{\"@context\":\"https:\\\/\\\/schema.org\",\"@graph\":[{\"@type\":\"WebPage\",\"@id\":\"https:\\\/\\\/auftragsmalerei-kwast-berlin.de\\\/en\\\/site-notice\\\/\",\"url\":\"https:\\\/\\\/auftragsmalerei-kwast-berlin.de\\\/en\\\/site-notice\\\/\",\"name\":\"Site Notice - Commissioned Painting Kwast Berlin\",\"isPartOf\":{\"@id\":\"https:\\\/\\\/auftragsmalerei-kwast-berlin.de\\\/en\\\/#website\"},\"datePublished\":\"2023-08-23T14:13:01+00:00\",\"dateModified\":\"2024-06-05T20:13:12+00:00\",\"breadcrumb\":{\"@id\":\"https:\\\/\\\/auftragsmalerei-kwast-berlin.de\\\/en\\\/site-notice\\\/#breadcrumb\"},\"inLanguage\":\"en-US\",\"potentialAction\":[{\"@type\":\"ReadAction\",\"target\":[\"https:\\\/\\\/auftragsmalerei-kwast-berlin.de\\\/en\\\/site-notice\\\/\"]}]},{\"@type\":\"BreadcrumbList\",\"@id\":\"https:\\\/\\\/auftragsmalerei-kwast-berlin.de\\\/en\\\/site-notice\\\/#breadcrumb\",\"itemListElement\":[{\"@type\":\"ListItem\",\"position\":1,\"name\":\"Home\",\"item\":\"https:\\\/\\\/auftragsmalerei-kwast-berlin.de\\\/en\\\/\"},{\"@type\":\"ListItem\",\"position\":2,\"name\":\"Site Notice\"}]},{\"@type\":\"WebSite\",\"@id\":\"https:\\\/\\\/auftragsmalerei-kwast-berlin.de\\\/en\\\/#website\",\"url\":\"https:\\\/\\\/auftragsmalerei-kwast-berlin.de\\\/en\\\/\",\"name\":\"Commissioned Painting Kwast Berlin\",\"description\":\"Commissioned painting for theatre and film, fairs and museums, wall, facade and portrait\",\"potentialAction\":[{\"@type\":\"SearchAction\",\"target\":{\"@type\":\"EntryPoint\",\"urlTemplate\":\"https:\\\/\\\/auftragsmalerei-kwast-berlin.de\\\/en\\\/?s={search_term_string}\"},\"query-input\":{\"@type\":\"PropertyValueSpecification\",\"valueRequired\":true,\"valueName\":\"search_term_string\"}}],\"inLanguage\":\"en-US\"}]}<\/script>\n<!-- \/ Yoast SEO plugin. -->","yoast_head_json":{"title":"Site Notice - Commissioned Painting Kwast Berlin","robots":{"index":"index","follow":"follow","max-snippet":"max-snippet:-1","max-image-preview":"max-image-preview:large","max-video-preview":"max-video-preview:-1"},"canonical":"https:\/\/auftragsmalerei-kwast-berlin.de\/en\/site-notice\/","og_locale":"en_US","og_type":"article","og_title":"Site Notice - Commissioned Painting Kwast Berlin","og_description":"Mario KwastAuftragsmalerei f\u00fcr Theater und Film, Messen und Museen, Wand und FassadeSaarbr\u00fccker Stra\u00dfe 2410405 Berlin Contact Phone: +49 (0)30 22 01 96 57E-mail: &#x6d;&#x61;&#x72;&#x69;&#x6f;&#x6b;&#x77;&#97;&#115;&#116;&#64;&#121;ahoo&#x2e;&#x63;&#x6f;&#x6d; VAT ID Sales tax identification number according to Sect. 27 a of the Sales Tax Law:Ust.-ID bitte eintragen EU dispute resolution The European Commission provides a platform for online dispute resolution [&hellip;]","og_url":"https:\/\/auftragsmalerei-kwast-berlin.de\/en\/site-notice\/","og_site_name":"Commissioned Painting Kwast Berlin","article_modified_time":"2024-06-05T20:13:12+00:00","twitter_card":"summary_large_image","twitter_misc":{"Est. reading time":"1 minute"},"schema":{"@context":"https:\/\/schema.org","@graph":[{"@type":"WebPage","@id":"https:\/\/auftragsmalerei-kwast-berlin.de\/en\/site-notice\/","url":"https:\/\/auftragsmalerei-kwast-berlin.de\/en\/site-notice\/","name":"Site Notice - Commissioned Painting Kwast Berlin","isPartOf":{"@id":"https:\/\/auftragsmalerei-kwast-berlin.de\/en\/#website"},"datePublished":"2023-08-23T14:13:01+00:00","dateModified":"2024-06-05T20:13:12+00:00","breadcrumb":{"@id":"https:\/\/auftragsmalerei-kwast-berlin.de\/en\/site-notice\/#breadcrumb"},"inLanguage":"en-US","potentialAction":[{"@type":"ReadAction","target":["https:\/\/auftragsmalerei-kwast-berlin.de\/en\/site-notice\/"]}]},{"@type":"BreadcrumbList","@id":"https:\/\/auftragsmalerei-kwast-berlin.de\/en\/site-notice\/#breadcrumb","itemListElement":[{"@type":"ListItem","position":1,"name":"Home","item":"https:\/\/auftragsmalerei-kwast-berlin.de\/en\/"},{"@type":"ListItem","position":2,"name":"Site Notice"}]},{"@type":"WebSite","@id":"https:\/\/auftragsmalerei-kwast-berlin.de\/en\/#website","url":"https:\/\/auftragsmalerei-kwast-berlin.de\/en\/","name":"Commissioned Painting Kwast Berlin","description":"Commissioned painting for theatre and film, fairs and museums, wall, facade and portrait","potentialAction":[{"@type":"SearchAction","target":{"@type":"EntryPoint","urlTemplate":"https:\/\/auftragsmalerei-kwast-berlin.de\/en\/?s={search_term_string}"},"query-input":{"@type":"PropertyValueSpecification","valueRequired":true,"valueName":"search_term_string"}}],"inLanguage":"en-US"}]}},"_links":{"self":[{"href":"https:\/\/auftragsmalerei-kwast-berlin.de\/en\/wp-json\/wp\/v2\/pages\/4017","targetHints":{"allow":["GET"]}}],"collection":[{"href":"https:\/\/auftragsmalerei-kwast-berlin.de\/en\/wp-json\/wp\/v2\/pages"}],"about":[{"href":"https:\/\/auftragsmalerei-kwast-berlin.de\/en\/wp-json\/wp\/v2\/types\/page"}],"author":[{"embeddable":true,"href":"https:\/\/auftragsmalerei-kwast-berlin.de\/en\/wp-json\/wp\/v2\/users\/2"}],"replies":[{"embeddable":true,"href":"https:\/\/auftragsmalerei-kwast-berlin.de\/en\/wp-json\/wp\/v2\/comments?post=4017"}],"version-history":[{"count":2,"href":"https:\/\/auftragsmalerei-kwast-berlin.de\/en\/wp-json\/wp\/v2\/pages\/4017\/revisions"}],"predecessor-version":[{"id":4131,"href":"https:\/\/auftragsmalerei-kwast-berlin.de\/en\/wp-json\/wp\/v2\/pages\/4017\/revisions\/4131"}],"wp:attachment":[{"href":"https:\/\/auftragsmalerei-kwast-berlin.de\/en\/wp-json\/wp\/v2\/media?parent=4017"}],"curies":[{"name":"wp","href":"https:\/\/api.w.org\/{rel}","templated":true}]}}