{"id":402,"date":"2015-08-22T05:06:48","date_gmt":"2015-08-22T03:06:48","guid":{"rendered":"http:\/\/relaunch.auftragsmalerei-kwast-berlin.de\/?page_id=402"},"modified":"2015-08-22T05:06:48","modified_gmt":"2015-08-22T03:06:48","slug":"theatermalerei-oper-hoffmanns-erzaehlungen","status":"publish","type":"page","link":"https:\/\/auftragsmalerei-kwast-berlin.de\/en\/theater-und-filmmalerei-arbeitsbeispiele\/theatermalerei-oper-hoffmanns-erzaehlungen\/","title":{"rendered":"Theatermalerei Oper \u00bbHoffmanns Erz\u00e4hlungen\u00ab"},"content":{"rendered":"<div class=\"textblock\">\n<h3>Auftraggeber: Oper Rheinsberg | Acryl auf Sperrholz | unterschiedliche Gr\u00f6\u00dfen<\/h3>\n<p>Die Theatermalereien f\u00fcr die Opernauff\u00fchrung \u00bbHoffmanns Erz\u00e4hlungen\u00ab in Rheinsberg waren \u00fcberwiegend eine Kombination von Schablonenmalereien und kontrolliertem Zufall.<\/p>\n<div class=\"content_block\" id=\"custom_post_widget-397\"><p><img loading=\"lazy\" decoding=\"async\" src=\"\/wp-content\/uploads\/theater_rheinsberg2013_1gr.jpg\" alt=\"Kwast - Theatermalerei Hoffmanns Erz\u00e4hlungen\" width=\"773\" height=\"537\" class=\"alignnone size-full wp-image-398\" \/><\/p>\n<p><img loading=\"lazy\" decoding=\"async\" src=\"\/wp-content\/uploads\/theater_rheinsberg2013_2gr.jpg\" alt=\"Kwast - Theatermalerei Hoffmanns Erz\u00e4hlungen\" width=\"773\" height=\"537\" class=\"alignnone size-full wp-image-399\" \/><\/p>\n<p><img loading=\"lazy\" decoding=\"async\" src=\"\/wp-content\/uploads\/theater_rheinsberg2013_3gr.jpg\" alt=\"Kwast - Theatermalerei Hoffmanns Erz\u00e4hlungen\" width=\"521\" height=\"693\" class=\"alignnone size-full wp-image-400\" \/><\/p>\n<\/div>\n<\/div>\n","protected":false},"excerpt":{"rendered":"<p>Auftraggeber: Oper Rheinsberg | Acryl auf Sperrholz | unterschiedliche Gr\u00f6\u00dfen Die Theatermalereien f\u00fcr die Opernauff\u00fchrung \u00bbHoffmanns Erz\u00e4hlungen\u00ab in Rheinsberg waren \u00fcberwiegend eine Kombination von Schablonenmalereien und kontrolliertem Zufall.<\/p>\n","protected":false},"author":2,"featured_media":0,"parent":134,"menu_order":22,"comment_status":"closed","ping_status":"closed","template":"detailseiten.php","meta":{"footnotes":""},"class_list":["post-402","page","type-page","status-publish","hentry","brick"],"yoast_head":"<!-- This site is optimized with the Yoast SEO plugin v27.4 - https:\/\/yoast.com\/product\/yoast-seo-wordpress\/ -->\n<title>Theatermalerei Oper \u00bbHoffmanns Erz\u00e4hlungen\u00ab - Commissioned Painting Kwast Berlin<\/title>\n<meta name=\"robots\" content=\"index, follow, max-snippet:-1, max-image-preview:large, max-video-preview:-1\" \/>\n<link rel=\"canonical\" href=\"https:\/\/auftragsmalerei-kwast-berlin.de\/en\/theater-und-filmmalerei-arbeitsbeispiele\/theatermalerei-oper-hoffmanns-erzaehlungen\/\" \/>\n<meta property=\"og:locale\" content=\"en_US\" \/>\n<meta property=\"og:type\" content=\"article\" \/>\n<meta property=\"og:title\" content=\"Theatermalerei Oper \u00bbHoffmanns Erz\u00e4hlungen\u00ab - Commissioned Painting Kwast Berlin\" \/>\n<meta property=\"og:description\" content=\"Auftraggeber: Oper Rheinsberg | Acryl auf Sperrholz | unterschiedliche Gr\u00f6\u00dfen Die Theatermalereien f\u00fcr die Opernauff\u00fchrung \u00bbHoffmanns Erz\u00e4hlungen\u00ab in Rheinsberg waren \u00fcberwiegend eine Kombination von Schablonenmalereien und kontrolliertem Zufall.\" \/>\n<meta property=\"og:url\" content=\"https:\/\/auftragsmalerei-kwast-berlin.de\/en\/theater-und-filmmalerei-arbeitsbeispiele\/theatermalerei-oper-hoffmanns-erzaehlungen\/\" \/>\n<meta property=\"og:site_name\" content=\"Commissioned Painting Kwast Berlin\" \/>\n<meta name=\"twitter:card\" content=\"summary_large_image\" \/>\n<script type=\"application\/ld+json\" class=\"yoast-schema-graph\">{\"@context\":\"https:\\\/\\\/schema.org\",\"@graph\":[{\"@type\":\"WebPage\",\"@id\":\"https:\\\/\\\/auftragsmalerei-kwast-berlin.de\\\/en\\\/theater-und-filmmalerei-arbeitsbeispiele\\\/theatermalerei-oper-hoffmanns-erzaehlungen\\\/\",\"url\":\"https:\\\/\\\/auftragsmalerei-kwast-berlin.de\\\/en\\\/theater-und-filmmalerei-arbeitsbeispiele\\\/theatermalerei-oper-hoffmanns-erzaehlungen\\\/\",\"name\":\"Theatermalerei Oper \u00bbHoffmanns Erz\u00e4hlungen\u00ab - Commissioned Painting Kwast Berlin\",\"isPartOf\":{\"@id\":\"https:\\\/\\\/auftragsmalerei-kwast-berlin.de\\\/en\\\/#website\"},\"datePublished\":\"2015-08-22T03:06:48+00:00\",\"breadcrumb\":{\"@id\":\"https:\\\/\\\/auftragsmalerei-kwast-berlin.de\\\/en\\\/theater-und-filmmalerei-arbeitsbeispiele\\\/theatermalerei-oper-hoffmanns-erzaehlungen\\\/#breadcrumb\"},\"inLanguage\":\"en-US\",\"potentialAction\":[{\"@type\":\"ReadAction\",\"target\":[\"https:\\\/\\\/auftragsmalerei-kwast-berlin.de\\\/en\\\/theater-und-filmmalerei-arbeitsbeispiele\\\/theatermalerei-oper-hoffmanns-erzaehlungen\\\/\"]}]},{\"@type\":\"BreadcrumbList\",\"@id\":\"https:\\\/\\\/auftragsmalerei-kwast-berlin.de\\\/en\\\/theater-und-filmmalerei-arbeitsbeispiele\\\/theatermalerei-oper-hoffmanns-erzaehlungen\\\/#breadcrumb\",\"itemListElement\":[{\"@type\":\"ListItem\",\"position\":1,\"name\":\"Home\",\"item\":\"https:\\\/\\\/auftragsmalerei-kwast-berlin.de\\\/en\\\/\"},{\"@type\":\"ListItem\",\"position\":2,\"name\":\"Scenic painting and film painting\",\"item\":\"https:\\\/\\\/auftragsmalerei-kwast-berlin.de\\\/en\\\/theater-und-filmmalerei-arbeitsbeispiele\\\/\"},{\"@type\":\"ListItem\",\"position\":3,\"name\":\"Theatermalerei Oper \u00bbHoffmanns Erz\u00e4hlungen\u00ab\"}]},{\"@type\":\"WebSite\",\"@id\":\"https:\\\/\\\/auftragsmalerei-kwast-berlin.de\\\/en\\\/#website\",\"url\":\"https:\\\/\\\/auftragsmalerei-kwast-berlin.de\\\/en\\\/\",\"name\":\"Commissioned Painting Kwast Berlin\",\"description\":\"Commissioned painting for theatre and film, fairs and museums, wall, facade and portrait\",\"potentialAction\":[{\"@type\":\"SearchAction\",\"target\":{\"@type\":\"EntryPoint\",\"urlTemplate\":\"https:\\\/\\\/auftragsmalerei-kwast-berlin.de\\\/en\\\/?s={search_term_string}\"},\"query-input\":{\"@type\":\"PropertyValueSpecification\",\"valueRequired\":true,\"valueName\":\"search_term_string\"}}],\"inLanguage\":\"en-US\"}]}<\/script>\n<!-- \/ Yoast SEO plugin. -->","yoast_head_json":{"title":"Theatermalerei Oper \u00bbHoffmanns Erz\u00e4hlungen\u00ab - Commissioned Painting Kwast Berlin","robots":{"index":"index","follow":"follow","max-snippet":"max-snippet:-1","max-image-preview":"max-image-preview:large","max-video-preview":"max-video-preview:-1"},"canonical":"https:\/\/auftragsmalerei-kwast-berlin.de\/en\/theater-und-filmmalerei-arbeitsbeispiele\/theatermalerei-oper-hoffmanns-erzaehlungen\/","og_locale":"en_US","og_type":"article","og_title":"Theatermalerei Oper \u00bbHoffmanns Erz\u00e4hlungen\u00ab - Commissioned Painting Kwast Berlin","og_description":"Auftraggeber: Oper Rheinsberg | Acryl auf Sperrholz | unterschiedliche Gr\u00f6\u00dfen Die Theatermalereien f\u00fcr die Opernauff\u00fchrung \u00bbHoffmanns Erz\u00e4hlungen\u00ab in Rheinsberg waren \u00fcberwiegend eine Kombination von Schablonenmalereien und kontrolliertem Zufall.","og_url":"https:\/\/auftragsmalerei-kwast-berlin.de\/en\/theater-und-filmmalerei-arbeitsbeispiele\/theatermalerei-oper-hoffmanns-erzaehlungen\/","og_site_name":"Commissioned Painting Kwast Berlin","twitter_card":"summary_large_image","schema":{"@context":"https:\/\/schema.org","@graph":[{"@type":"WebPage","@id":"https:\/\/auftragsmalerei-kwast-berlin.de\/en\/theater-und-filmmalerei-arbeitsbeispiele\/theatermalerei-oper-hoffmanns-erzaehlungen\/","url":"https:\/\/auftragsmalerei-kwast-berlin.de\/en\/theater-und-filmmalerei-arbeitsbeispiele\/theatermalerei-oper-hoffmanns-erzaehlungen\/","name":"Theatermalerei Oper \u00bbHoffmanns Erz\u00e4hlungen\u00ab - Commissioned Painting Kwast Berlin","isPartOf":{"@id":"https:\/\/auftragsmalerei-kwast-berlin.de\/en\/#website"},"datePublished":"2015-08-22T03:06:48+00:00","breadcrumb":{"@id":"https:\/\/auftragsmalerei-kwast-berlin.de\/en\/theater-und-filmmalerei-arbeitsbeispiele\/theatermalerei-oper-hoffmanns-erzaehlungen\/#breadcrumb"},"inLanguage":"en-US","potentialAction":[{"@type":"ReadAction","target":["https:\/\/auftragsmalerei-kwast-berlin.de\/en\/theater-und-filmmalerei-arbeitsbeispiele\/theatermalerei-oper-hoffmanns-erzaehlungen\/"]}]},{"@type":"BreadcrumbList","@id":"https:\/\/auftragsmalerei-kwast-berlin.de\/en\/theater-und-filmmalerei-arbeitsbeispiele\/theatermalerei-oper-hoffmanns-erzaehlungen\/#breadcrumb","itemListElement":[{"@type":"ListItem","position":1,"name":"Home","item":"https:\/\/auftragsmalerei-kwast-berlin.de\/en\/"},{"@type":"ListItem","position":2,"name":"Scenic painting and film painting","item":"https:\/\/auftragsmalerei-kwast-berlin.de\/en\/theater-und-filmmalerei-arbeitsbeispiele\/"},{"@type":"ListItem","position":3,"name":"Theatermalerei Oper \u00bbHoffmanns Erz\u00e4hlungen\u00ab"}]},{"@type":"WebSite","@id":"https:\/\/auftragsmalerei-kwast-berlin.de\/en\/#website","url":"https:\/\/auftragsmalerei-kwast-berlin.de\/en\/","name":"Commissioned Painting Kwast Berlin","description":"Commissioned painting for theatre and film, fairs and museums, wall, facade and portrait","potentialAction":[{"@type":"SearchAction","target":{"@type":"EntryPoint","urlTemplate":"https:\/\/auftragsmalerei-kwast-berlin.de\/en\/?s={search_term_string}"},"query-input":{"@type":"PropertyValueSpecification","valueRequired":true,"valueName":"search_term_string"}}],"inLanguage":"en-US"}]}},"_links":{"self":[{"href":"https:\/\/auftragsmalerei-kwast-berlin.de\/en\/wp-json\/wp\/v2\/pages\/402","targetHints":{"allow":["GET"]}}],"collection":[{"href":"https:\/\/auftragsmalerei-kwast-berlin.de\/en\/wp-json\/wp\/v2\/pages"}],"about":[{"href":"https:\/\/auftragsmalerei-kwast-berlin.de\/en\/wp-json\/wp\/v2\/types\/page"}],"author":[{"embeddable":true,"href":"https:\/\/auftragsmalerei-kwast-berlin.de\/en\/wp-json\/wp\/v2\/users\/2"}],"replies":[{"embeddable":true,"href":"https:\/\/auftragsmalerei-kwast-berlin.de\/en\/wp-json\/wp\/v2\/comments?post=402"}],"version-history":[{"count":0,"href":"https:\/\/auftragsmalerei-kwast-berlin.de\/en\/wp-json\/wp\/v2\/pages\/402\/revisions"}],"up":[{"embeddable":true,"href":"https:\/\/auftragsmalerei-kwast-berlin.de\/en\/wp-json\/wp\/v2\/pages\/134"}],"wp:attachment":[{"href":"https:\/\/auftragsmalerei-kwast-berlin.de\/en\/wp-json\/wp\/v2\/media?parent=402"}],"curies":[{"name":"wp","href":"https:\/\/api.w.org\/{rel}","templated":true}]}}