{"id":490,"date":"2015-08-22T06:39:55","date_gmt":"2015-08-22T04:39:55","guid":{"rendered":"http:\/\/relaunch.auftragsmalerei-kwast-berlin.de\/?page_id=490"},"modified":"2015-08-22T06:39:55","modified_gmt":"2015-08-22T04:39:55","slug":"das-abendmahl","status":"publish","type":"page","link":"https:\/\/auftragsmalerei-kwast-berlin.de\/en\/auftragsmalerei-arbeitsbeispiele\/das-abendmahl\/","title":{"rendered":"Tafelbild \u00bbDas Abendmahl\u00ab"},"content":{"rendered":"<div class=\"textblock\">\n<h3>Auftraggeber: Roland Rechtsschutz | \u00d6l auf Leinwand | 80 x 120 cm<\/h3>\n<p>Als Abschiedsgeschenk f\u00fcr ihren Vorstand lie\u00df eine Rechtsschutzversicherung dieses Bild mit den Gesichtern der Kollegen malen. Als Vorlagen f\u00fcr diese Auftragsmalerei dienten das Tafelbild von Leonardo da Vinci und Fotos der Mitarbeiter, die vorher den Figuren zugeordnet waren.<\/p>\n<\/div>\n<div class=\"content_block\" id=\"custom_post_widget-484\"><p><img loading=\"lazy\" decoding=\"async\" class=\"alignnone size-full wp-image-485\" src=\"\/wp-content\/uploads\/auftragsmalerei_abendmahl_1gr.jpg\" alt=\"Kwast - Auftragsmalerei Das Abendmahl\" width=\"751\" height=\"537\" \/><br \/>\n<img loading=\"lazy\" decoding=\"async\" class=\"alignnone wp-image-486 size-full\" src=\"https:\/\/auftragsmalerei-kwast-berlin.de\/wp-content\/uploads\/auftragsmalerei_abendmahl_2gr.jpg\" alt=\"Kwast - Auftragsmalerei Das Abendmahl\" width=\"751\" height=\"537\" \/><br \/>\n<img loading=\"lazy\" decoding=\"async\" class=\"alignnone wp-image-487 size-full\" src=\"https:\/\/auftragsmalerei-kwast-berlin.de\/wp-content\/uploads\/auftragsmalerei_abendmahl_3gr.jpg\" alt=\"Kwast - Auftragsmalerei Das Abendmahl\" width=\"751\" height=\"537\" \/><\/p>\n<\/div>\n","protected":false},"excerpt":{"rendered":"<p>Auftraggeber: Roland Rechtsschutz | \u00d6l auf Leinwand | 80 x 120 cm Als Abschiedsgeschenk f\u00fcr ihren Vorstand lie\u00df eine Rechtsschutzversicherung dieses Bild mit den Gesichtern der Kollegen malen. Als Vorlagen f\u00fcr diese Auftragsmalerei dienten das Tafelbild von Leonardo da Vinci und Fotos der Mitarbeiter, die vorher den Figuren zugeordnet waren.<\/p>\n","protected":false},"author":2,"featured_media":0,"parent":77,"menu_order":30,"comment_status":"closed","ping_status":"closed","template":"detailseiten.php","meta":{"footnotes":""},"class_list":["post-490","page","type-page","status-publish","hentry","brick"],"yoast_head":"<!-- This site is optimized with the Yoast SEO plugin v27.4 - https:\/\/yoast.com\/product\/yoast-seo-wordpress\/ -->\n<title>Tafelbild \u00bbDas Abendmahl\u00ab, Auftragsmalerei-Kwast-Berlin<\/title>\n<meta name=\"description\" content=\"Das Abendmahl von Leonardo da Vinci, Gesichter der Mitarbeiter, Oelmalerei auf Leinwand, Firmengeschenk, Vorlage Fotos\" \/>\n<meta name=\"robots\" content=\"index, follow, max-snippet:-1, max-image-preview:large, max-video-preview:-1\" \/>\n<link rel=\"canonical\" href=\"https:\/\/auftragsmalerei-kwast-berlin.de\/en\/auftragsmalerei-arbeitsbeispiele\/das-abendmahl\/\" \/>\n<meta property=\"og:locale\" content=\"en_US\" \/>\n<meta property=\"og:type\" content=\"article\" \/>\n<meta property=\"og:title\" content=\"Tafelbild \u00bbDas Abendmahl\u00ab, Auftragsmalerei-Kwast-Berlin\" \/>\n<meta property=\"og:description\" content=\"Das Abendmahl von Leonardo da Vinci, Gesichter der Mitarbeiter, Oelmalerei auf Leinwand, Firmengeschenk, Vorlage Fotos\" \/>\n<meta property=\"og:url\" content=\"https:\/\/auftragsmalerei-kwast-berlin.de\/en\/auftragsmalerei-arbeitsbeispiele\/das-abendmahl\/\" \/>\n<meta property=\"og:site_name\" content=\"Commissioned Painting Kwast Berlin\" \/>\n<meta name=\"twitter:card\" content=\"summary_large_image\" \/>\n<script type=\"application\/ld+json\" class=\"yoast-schema-graph\">{\"@context\":\"https:\\\/\\\/schema.org\",\"@graph\":[{\"@type\":\"WebPage\",\"@id\":\"https:\\\/\\\/auftragsmalerei-kwast-berlin.de\\\/en\\\/auftragsmalerei-arbeitsbeispiele\\\/das-abendmahl\\\/\",\"url\":\"https:\\\/\\\/auftragsmalerei-kwast-berlin.de\\\/en\\\/auftragsmalerei-arbeitsbeispiele\\\/das-abendmahl\\\/\",\"name\":\"Tafelbild \u00bbDas Abendmahl\u00ab, Auftragsmalerei-Kwast-Berlin\",\"isPartOf\":{\"@id\":\"https:\\\/\\\/auftragsmalerei-kwast-berlin.de\\\/en\\\/#website\"},\"datePublished\":\"2015-08-22T04:39:55+00:00\",\"description\":\"Das Abendmahl von Leonardo da Vinci, Gesichter der Mitarbeiter, Oelmalerei auf Leinwand, Firmengeschenk, Vorlage Fotos\",\"breadcrumb\":{\"@id\":\"https:\\\/\\\/auftragsmalerei-kwast-berlin.de\\\/en\\\/auftragsmalerei-arbeitsbeispiele\\\/das-abendmahl\\\/#breadcrumb\"},\"inLanguage\":\"en-US\",\"potentialAction\":[{\"@type\":\"ReadAction\",\"target\":[\"https:\\\/\\\/auftragsmalerei-kwast-berlin.de\\\/en\\\/auftragsmalerei-arbeitsbeispiele\\\/das-abendmahl\\\/\"]}]},{\"@type\":\"BreadcrumbList\",\"@id\":\"https:\\\/\\\/auftragsmalerei-kwast-berlin.de\\\/en\\\/auftragsmalerei-arbeitsbeispiele\\\/das-abendmahl\\\/#breadcrumb\",\"itemListElement\":[{\"@type\":\"ListItem\",\"position\":1,\"name\":\"Home\",\"item\":\"https:\\\/\\\/auftragsmalerei-kwast-berlin.de\\\/en\\\/\"},{\"@type\":\"ListItem\",\"position\":2,\"name\":\"Order painting\",\"item\":\"https:\\\/\\\/auftragsmalerei-kwast-berlin.de\\\/en\\\/auftragsmalerei-arbeitsbeispiele\\\/\"},{\"@type\":\"ListItem\",\"position\":3,\"name\":\"Tafelbild \u00bbDas Abendmahl\u00ab\"}]},{\"@type\":\"WebSite\",\"@id\":\"https:\\\/\\\/auftragsmalerei-kwast-berlin.de\\\/en\\\/#website\",\"url\":\"https:\\\/\\\/auftragsmalerei-kwast-berlin.de\\\/en\\\/\",\"name\":\"Commissioned Painting Kwast Berlin\",\"description\":\"Commissioned painting for theatre and film, fairs and museums, wall, facade and portrait\",\"potentialAction\":[{\"@type\":\"SearchAction\",\"target\":{\"@type\":\"EntryPoint\",\"urlTemplate\":\"https:\\\/\\\/auftragsmalerei-kwast-berlin.de\\\/en\\\/?s={search_term_string}\"},\"query-input\":{\"@type\":\"PropertyValueSpecification\",\"valueRequired\":true,\"valueName\":\"search_term_string\"}}],\"inLanguage\":\"en-US\"}]}<\/script>\n<!-- \/ Yoast SEO plugin. -->","yoast_head_json":{"title":"Tafelbild \u00bbDas Abendmahl\u00ab, Auftragsmalerei-Kwast-Berlin","description":"Das Abendmahl von Leonardo da Vinci, Gesichter der Mitarbeiter, Oelmalerei auf Leinwand, Firmengeschenk, Vorlage Fotos","robots":{"index":"index","follow":"follow","max-snippet":"max-snippet:-1","max-image-preview":"max-image-preview:large","max-video-preview":"max-video-preview:-1"},"canonical":"https:\/\/auftragsmalerei-kwast-berlin.de\/en\/auftragsmalerei-arbeitsbeispiele\/das-abendmahl\/","og_locale":"en_US","og_type":"article","og_title":"Tafelbild \u00bbDas Abendmahl\u00ab, Auftragsmalerei-Kwast-Berlin","og_description":"Das Abendmahl von Leonardo da Vinci, Gesichter der Mitarbeiter, Oelmalerei auf Leinwand, Firmengeschenk, Vorlage Fotos","og_url":"https:\/\/auftragsmalerei-kwast-berlin.de\/en\/auftragsmalerei-arbeitsbeispiele\/das-abendmahl\/","og_site_name":"Commissioned Painting Kwast Berlin","twitter_card":"summary_large_image","schema":{"@context":"https:\/\/schema.org","@graph":[{"@type":"WebPage","@id":"https:\/\/auftragsmalerei-kwast-berlin.de\/en\/auftragsmalerei-arbeitsbeispiele\/das-abendmahl\/","url":"https:\/\/auftragsmalerei-kwast-berlin.de\/en\/auftragsmalerei-arbeitsbeispiele\/das-abendmahl\/","name":"Tafelbild \u00bbDas Abendmahl\u00ab, Auftragsmalerei-Kwast-Berlin","isPartOf":{"@id":"https:\/\/auftragsmalerei-kwast-berlin.de\/en\/#website"},"datePublished":"2015-08-22T04:39:55+00:00","description":"Das Abendmahl von Leonardo da Vinci, Gesichter der Mitarbeiter, Oelmalerei auf Leinwand, Firmengeschenk, Vorlage Fotos","breadcrumb":{"@id":"https:\/\/auftragsmalerei-kwast-berlin.de\/en\/auftragsmalerei-arbeitsbeispiele\/das-abendmahl\/#breadcrumb"},"inLanguage":"en-US","potentialAction":[{"@type":"ReadAction","target":["https:\/\/auftragsmalerei-kwast-berlin.de\/en\/auftragsmalerei-arbeitsbeispiele\/das-abendmahl\/"]}]},{"@type":"BreadcrumbList","@id":"https:\/\/auftragsmalerei-kwast-berlin.de\/en\/auftragsmalerei-arbeitsbeispiele\/das-abendmahl\/#breadcrumb","itemListElement":[{"@type":"ListItem","position":1,"name":"Home","item":"https:\/\/auftragsmalerei-kwast-berlin.de\/en\/"},{"@type":"ListItem","position":2,"name":"Order painting","item":"https:\/\/auftragsmalerei-kwast-berlin.de\/en\/auftragsmalerei-arbeitsbeispiele\/"},{"@type":"ListItem","position":3,"name":"Tafelbild \u00bbDas Abendmahl\u00ab"}]},{"@type":"WebSite","@id":"https:\/\/auftragsmalerei-kwast-berlin.de\/en\/#website","url":"https:\/\/auftragsmalerei-kwast-berlin.de\/en\/","name":"Commissioned Painting Kwast Berlin","description":"Commissioned painting for theatre and film, fairs and museums, wall, facade and portrait","potentialAction":[{"@type":"SearchAction","target":{"@type":"EntryPoint","urlTemplate":"https:\/\/auftragsmalerei-kwast-berlin.de\/en\/?s={search_term_string}"},"query-input":{"@type":"PropertyValueSpecification","valueRequired":true,"valueName":"search_term_string"}}],"inLanguage":"en-US"}]}},"_links":{"self":[{"href":"https:\/\/auftragsmalerei-kwast-berlin.de\/en\/wp-json\/wp\/v2\/pages\/490","targetHints":{"allow":["GET"]}}],"collection":[{"href":"https:\/\/auftragsmalerei-kwast-berlin.de\/en\/wp-json\/wp\/v2\/pages"}],"about":[{"href":"https:\/\/auftragsmalerei-kwast-berlin.de\/en\/wp-json\/wp\/v2\/types\/page"}],"author":[{"embeddable":true,"href":"https:\/\/auftragsmalerei-kwast-berlin.de\/en\/wp-json\/wp\/v2\/users\/2"}],"replies":[{"embeddable":true,"href":"https:\/\/auftragsmalerei-kwast-berlin.de\/en\/wp-json\/wp\/v2\/comments?post=490"}],"version-history":[{"count":0,"href":"https:\/\/auftragsmalerei-kwast-berlin.de\/en\/wp-json\/wp\/v2\/pages\/490\/revisions"}],"up":[{"embeddable":true,"href":"https:\/\/auftragsmalerei-kwast-berlin.de\/en\/wp-json\/wp\/v2\/pages\/77"}],"wp:attachment":[{"href":"https:\/\/auftragsmalerei-kwast-berlin.de\/en\/wp-json\/wp\/v2\/media?parent=490"}],"curies":[{"name":"wp","href":"https:\/\/api.w.org\/{rel}","templated":true}]}}