{"id":500,"date":"2015-08-24T07:59:43","date_gmt":"2015-08-24T05:59:43","guid":{"rendered":"http:\/\/relaunch.auftragsmalerei-kwast-berlin.de\/?page_id=500"},"modified":"2019-12-03T18:14:51","modified_gmt":"2019-12-03T17:14:51","slug":"abstrakte-malerei","status":"publish","type":"page","link":"https:\/\/auftragsmalerei-kwast-berlin.de\/en\/auftragsmalerei-arbeitsbeispiele\/abstrakte-malerei\/","title":{"rendered":"Abstrakte Malerei"},"content":{"rendered":"<div class=\"textblock\">\n<h3>Auftraggeber: privat | \u00d6l auf Leinwand | je 110 x 130 cm<\/h3>\n<p>Malerei ohne Vorlagen sind eher selten. Das sieht einfacher aus, als es war. Bis die Farben genau aufeinander abgestimmt waren, verging eine Menge Zeit. Jedes monochrome Feld setzt sich in der Praxis aus mehreren Farben zusammen, bis der Endton entschieden war. Die Farben sollten leuchten und als Fl\u00e4che der Blickpunkt in einem eher aufger\u00e4umten gro\u00dfen Zimmer sein.<\/p>\n<\/div>\n<div class=\"content_block\" id=\"custom_post_widget-494\"><p><img loading=\"lazy\" decoding=\"async\" class=\"alignnone size-full wp-image-495\" src=\"\/wp-content\/uploads\/auftragsmalerei_varwik_1gr.jpg\" alt=\"Kwast - Auftragsmalerei - Abstrakte Malerei\" width=\"751\" height=\"537\" \/><br \/>\n<img loading=\"lazy\" decoding=\"async\" class=\"alignnone size-full wp-image-496\" src=\"\/wp-content\/uploads\/auftragsmalerei_varwik_2gr.jpg\" alt=\"Kwast - Auftragsmalerei - Abstrakte Malerei\" width=\"751\" height=\"537\" \/><br \/>\n<img loading=\"lazy\" decoding=\"async\" class=\"alignnone size-full wp-image-497\" src=\"\/wp-content\/uploads\/auftragsmalerei_varwik_3gr.jpg\" alt=\"Kwast - Auftragsmalerei - Abstrakte Malerei\" width=\"751\" height=\"537\" \/><br \/>\n<img loading=\"lazy\" decoding=\"async\" class=\"alignnone size-full wp-image-498\" src=\"\/wp-content\/uploads\/auftragsmalerei_varwik_4gr.jpg\" alt=\"Kwast - Auftragsmalerei - Abstrakte Malerei\" width=\"751\" height=\"537\" \/><\/p>\n<\/div>\n","protected":false},"excerpt":{"rendered":"<p>Auftraggeber: privat | \u00d6l auf Leinwand | je 110 x 130 cm Malerei ohne Vorlagen sind eher selten. Das sieht einfacher aus, als es war. Bis die Farben genau aufeinander abgestimmt waren, verging eine Menge Zeit. Jedes monochrome Feld setzt sich in der Praxis aus mehreren Farben zusammen, bis der Endton entschieden war. Die Farben [&hellip;]<\/p>\n","protected":false},"author":2,"featured_media":0,"parent":77,"menu_order":33,"comment_status":"closed","ping_status":"closed","template":"detailseiten.php","meta":{"footnotes":""},"class_list":["post-500","page","type-page","status-publish","hentry","brick"],"yoast_head":"<!-- This site is optimized with the Yoast SEO plugin v27.4 - https:\/\/yoast.com\/product\/yoast-seo-wordpress\/ -->\n<title>Abstrakte Malerei - Auftragsmalerei Kwast Berlin<\/title>\n<meta name=\"description\" content=\"Auftragsmalerei Kwast Berlin - Abstrakte Malerei - \u00d6l auf Leinwand - drei monochrome Felder, die aufeinander abgestimmt sind.\" \/>\n<meta name=\"robots\" content=\"index, follow, max-snippet:-1, max-image-preview:large, max-video-preview:-1\" \/>\n<link rel=\"canonical\" href=\"https:\/\/auftragsmalerei-kwast-berlin.de\/en\/auftragsmalerei-arbeitsbeispiele\/abstrakte-malerei\/\" \/>\n<meta property=\"og:locale\" content=\"en_US\" \/>\n<meta property=\"og:type\" content=\"article\" \/>\n<meta property=\"og:title\" content=\"Abstrakte Malerei - Auftragsmalerei Kwast Berlin\" \/>\n<meta property=\"og:description\" content=\"Auftragsmalerei Kwast Berlin - Abstrakte Malerei - \u00d6l auf Leinwand - drei monochrome Felder, die aufeinander abgestimmt sind.\" \/>\n<meta property=\"og:url\" content=\"https:\/\/auftragsmalerei-kwast-berlin.de\/en\/auftragsmalerei-arbeitsbeispiele\/abstrakte-malerei\/\" \/>\n<meta property=\"og:site_name\" content=\"Commissioned Painting Kwast Berlin\" \/>\n<meta property=\"article:modified_time\" content=\"2019-12-03T17:14:51+00:00\" \/>\n<meta name=\"twitter:card\" content=\"summary_large_image\" \/>\n<script type=\"application\/ld+json\" class=\"yoast-schema-graph\">{\"@context\":\"https:\\\/\\\/schema.org\",\"@graph\":[{\"@type\":\"WebPage\",\"@id\":\"https:\\\/\\\/auftragsmalerei-kwast-berlin.de\\\/en\\\/auftragsmalerei-arbeitsbeispiele\\\/abstrakte-malerei\\\/\",\"url\":\"https:\\\/\\\/auftragsmalerei-kwast-berlin.de\\\/en\\\/auftragsmalerei-arbeitsbeispiele\\\/abstrakte-malerei\\\/\",\"name\":\"Abstrakte Malerei - Auftragsmalerei Kwast Berlin\",\"isPartOf\":{\"@id\":\"https:\\\/\\\/auftragsmalerei-kwast-berlin.de\\\/en\\\/#website\"},\"datePublished\":\"2015-08-24T05:59:43+00:00\",\"dateModified\":\"2019-12-03T17:14:51+00:00\",\"description\":\"Auftragsmalerei Kwast Berlin - Abstrakte Malerei - \u00d6l auf Leinwand - drei monochrome Felder, die aufeinander abgestimmt sind.\",\"breadcrumb\":{\"@id\":\"https:\\\/\\\/auftragsmalerei-kwast-berlin.de\\\/en\\\/auftragsmalerei-arbeitsbeispiele\\\/abstrakte-malerei\\\/#breadcrumb\"},\"inLanguage\":\"en-US\",\"potentialAction\":[{\"@type\":\"ReadAction\",\"target\":[\"https:\\\/\\\/auftragsmalerei-kwast-berlin.de\\\/en\\\/auftragsmalerei-arbeitsbeispiele\\\/abstrakte-malerei\\\/\"]}]},{\"@type\":\"BreadcrumbList\",\"@id\":\"https:\\\/\\\/auftragsmalerei-kwast-berlin.de\\\/en\\\/auftragsmalerei-arbeitsbeispiele\\\/abstrakte-malerei\\\/#breadcrumb\",\"itemListElement\":[{\"@type\":\"ListItem\",\"position\":1,\"name\":\"Home\",\"item\":\"https:\\\/\\\/auftragsmalerei-kwast-berlin.de\\\/en\\\/\"},{\"@type\":\"ListItem\",\"position\":2,\"name\":\"Order painting\",\"item\":\"https:\\\/\\\/auftragsmalerei-kwast-berlin.de\\\/en\\\/auftragsmalerei-arbeitsbeispiele\\\/\"},{\"@type\":\"ListItem\",\"position\":3,\"name\":\"Abstrakte Malerei\"}]},{\"@type\":\"WebSite\",\"@id\":\"https:\\\/\\\/auftragsmalerei-kwast-berlin.de\\\/en\\\/#website\",\"url\":\"https:\\\/\\\/auftragsmalerei-kwast-berlin.de\\\/en\\\/\",\"name\":\"Commissioned Painting Kwast Berlin\",\"description\":\"Commissioned painting for theatre and film, fairs and museums, wall, facade and portrait\",\"potentialAction\":[{\"@type\":\"SearchAction\",\"target\":{\"@type\":\"EntryPoint\",\"urlTemplate\":\"https:\\\/\\\/auftragsmalerei-kwast-berlin.de\\\/en\\\/?s={search_term_string}\"},\"query-input\":{\"@type\":\"PropertyValueSpecification\",\"valueRequired\":true,\"valueName\":\"search_term_string\"}}],\"inLanguage\":\"en-US\"}]}<\/script>\n<!-- \/ Yoast SEO plugin. -->","yoast_head_json":{"title":"Abstrakte Malerei - Auftragsmalerei Kwast Berlin","description":"Auftragsmalerei Kwast Berlin - Abstrakte Malerei - \u00d6l auf Leinwand - drei monochrome Felder, die aufeinander abgestimmt sind.","robots":{"index":"index","follow":"follow","max-snippet":"max-snippet:-1","max-image-preview":"max-image-preview:large","max-video-preview":"max-video-preview:-1"},"canonical":"https:\/\/auftragsmalerei-kwast-berlin.de\/en\/auftragsmalerei-arbeitsbeispiele\/abstrakte-malerei\/","og_locale":"en_US","og_type":"article","og_title":"Abstrakte Malerei - Auftragsmalerei Kwast Berlin","og_description":"Auftragsmalerei Kwast Berlin - Abstrakte Malerei - \u00d6l auf Leinwand - drei monochrome Felder, die aufeinander abgestimmt sind.","og_url":"https:\/\/auftragsmalerei-kwast-berlin.de\/en\/auftragsmalerei-arbeitsbeispiele\/abstrakte-malerei\/","og_site_name":"Commissioned Painting Kwast Berlin","article_modified_time":"2019-12-03T17:14:51+00:00","twitter_card":"summary_large_image","schema":{"@context":"https:\/\/schema.org","@graph":[{"@type":"WebPage","@id":"https:\/\/auftragsmalerei-kwast-berlin.de\/en\/auftragsmalerei-arbeitsbeispiele\/abstrakte-malerei\/","url":"https:\/\/auftragsmalerei-kwast-berlin.de\/en\/auftragsmalerei-arbeitsbeispiele\/abstrakte-malerei\/","name":"Abstrakte Malerei - Auftragsmalerei Kwast Berlin","isPartOf":{"@id":"https:\/\/auftragsmalerei-kwast-berlin.de\/en\/#website"},"datePublished":"2015-08-24T05:59:43+00:00","dateModified":"2019-12-03T17:14:51+00:00","description":"Auftragsmalerei Kwast Berlin - Abstrakte Malerei - \u00d6l auf Leinwand - drei monochrome Felder, die aufeinander abgestimmt sind.","breadcrumb":{"@id":"https:\/\/auftragsmalerei-kwast-berlin.de\/en\/auftragsmalerei-arbeitsbeispiele\/abstrakte-malerei\/#breadcrumb"},"inLanguage":"en-US","potentialAction":[{"@type":"ReadAction","target":["https:\/\/auftragsmalerei-kwast-berlin.de\/en\/auftragsmalerei-arbeitsbeispiele\/abstrakte-malerei\/"]}]},{"@type":"BreadcrumbList","@id":"https:\/\/auftragsmalerei-kwast-berlin.de\/en\/auftragsmalerei-arbeitsbeispiele\/abstrakte-malerei\/#breadcrumb","itemListElement":[{"@type":"ListItem","position":1,"name":"Home","item":"https:\/\/auftragsmalerei-kwast-berlin.de\/en\/"},{"@type":"ListItem","position":2,"name":"Order painting","item":"https:\/\/auftragsmalerei-kwast-berlin.de\/en\/auftragsmalerei-arbeitsbeispiele\/"},{"@type":"ListItem","position":3,"name":"Abstrakte Malerei"}]},{"@type":"WebSite","@id":"https:\/\/auftragsmalerei-kwast-berlin.de\/en\/#website","url":"https:\/\/auftragsmalerei-kwast-berlin.de\/en\/","name":"Commissioned Painting Kwast Berlin","description":"Commissioned painting for theatre and film, fairs and museums, wall, facade and portrait","potentialAction":[{"@type":"SearchAction","target":{"@type":"EntryPoint","urlTemplate":"https:\/\/auftragsmalerei-kwast-berlin.de\/en\/?s={search_term_string}"},"query-input":{"@type":"PropertyValueSpecification","valueRequired":true,"valueName":"search_term_string"}}],"inLanguage":"en-US"}]}},"_links":{"self":[{"href":"https:\/\/auftragsmalerei-kwast-berlin.de\/en\/wp-json\/wp\/v2\/pages\/500","targetHints":{"allow":["GET"]}}],"collection":[{"href":"https:\/\/auftragsmalerei-kwast-berlin.de\/en\/wp-json\/wp\/v2\/pages"}],"about":[{"href":"https:\/\/auftragsmalerei-kwast-berlin.de\/en\/wp-json\/wp\/v2\/types\/page"}],"author":[{"embeddable":true,"href":"https:\/\/auftragsmalerei-kwast-berlin.de\/en\/wp-json\/wp\/v2\/users\/2"}],"replies":[{"embeddable":true,"href":"https:\/\/auftragsmalerei-kwast-berlin.de\/en\/wp-json\/wp\/v2\/comments?post=500"}],"version-history":[{"count":1,"href":"https:\/\/auftragsmalerei-kwast-berlin.de\/en\/wp-json\/wp\/v2\/pages\/500\/revisions"}],"predecessor-version":[{"id":3407,"href":"https:\/\/auftragsmalerei-kwast-berlin.de\/en\/wp-json\/wp\/v2\/pages\/500\/revisions\/3407"}],"up":[{"embeddable":true,"href":"https:\/\/auftragsmalerei-kwast-berlin.de\/en\/wp-json\/wp\/v2\/pages\/77"}],"wp:attachment":[{"href":"https:\/\/auftragsmalerei-kwast-berlin.de\/en\/wp-json\/wp\/v2\/media?parent=500"}],"curies":[{"name":"wp","href":"https:\/\/api.w.org\/{rel}","templated":true}]}}