{"id":517,"date":"2015-08-24T08:13:34","date_gmt":"2015-08-24T06:13:34","guid":{"rendered":"http:\/\/relaunch.auftragsmalerei-kwast-berlin.de\/?page_id=517"},"modified":"2015-08-24T08:13:34","modified_gmt":"2015-08-24T06:13:34","slug":"25-jahre-mauerfall","status":"publish","type":"page","link":"https:\/\/auftragsmalerei-kwast-berlin.de\/en\/malerei-im-oeffentlichen-raum-arbeitsbeispiele\/25-jahre-mauerfall\/","title":{"rendered":"25 Jahre Mauerfall"},"content":{"rendered":"<h3>Auftraggeber: Senat von Berlin | Acryl auf Holz | unterschiedliche Gr\u00f6\u00dfen<\/h3>\n<p>F\u00fcr das 25j\u00e4hrige Jubil\u00e4um zum Mauerfall wurden innerhalb von 3 Wochen unter schwierigsten Bedingungen s\u00e4mtliche Aufsteller und Dekorationskisten bemalt und mit einem Korn in verschiedensten Blaut\u00f6nen gespritzt, genau 6700 St\u00fcck. Das war in erster Linie eine logistische Herausforderung. Die Bl\u00f6cke wurden danach entlang der ehemaligen Grenze innerhalb Berlins verteilt. Nochmals Danke an das ganze Team!<\/p>\n<div class=\"content_block\" id=\"custom_post_widget-512\"><p><img loading=\"lazy\" decoding=\"async\" class=\"alignnone size-full wp-image-513\" src=\"\/wp-content\/uploads\/auftragsmalerei_mauer_1gr1.jpg\" alt=\"Kwast - Auftragsmalerei - 25 Jahre Mauerfall\" width=\"751\" height=\"537\" \/><\/p>\n<p><img loading=\"lazy\" decoding=\"async\" class=\"alignnone size-full wp-image-514\" src=\"\/wp-content\/uploads\/auftragsmalerei_mauer_2gr1.jpg\" alt=\"Kwast - Auftragsmalerei - 25 Jahre Mauerfall\" width=\"751\" height=\"537\" \/><\/p>\n<p><img loading=\"lazy\" decoding=\"async\" class=\"alignnone size-full wp-image-515\" src=\"\/wp-content\/uploads\/auftragsmalerei_mauer_3gr1.jpg\" alt=\"Kwast - Auftragsmalerei - 25 Jahre Mauerfall\" width=\"751\" height=\"537\" \/><\/p>\n<p><img loading=\"lazy\" decoding=\"async\" class=\"alignnone  wp-image-2320\" src=\"https:\/\/auftragsmalerei-kwast-berlin.de\/en\/wp-content\/uploads\/gr.2-Mauerfall.jpg\" alt=\"gr.2-Mauerfall\" width=\"753\" height=\"502\" \/><\/p>\n<p><img loading=\"lazy\" decoding=\"async\" class=\"alignnone  wp-image-2319\" src=\"https:\/\/auftragsmalerei-kwast-berlin.de\/en\/wp-content\/uploads\/gr.1-Mauerfall.jpg\" alt=\"gr.1-Mauerfall\" width=\"753\" height=\"504\" \/><\/p>\n<\/div>\n","protected":false},"excerpt":{"rendered":"<p>Auftraggeber: Senat von Berlin | Acryl auf Holz | unterschiedliche Gr\u00f6\u00dfen F\u00fcr das 25j\u00e4hrige Jubil\u00e4um zum Mauerfall wurden innerhalb von 3 Wochen unter schwierigsten Bedingungen s\u00e4mtliche Aufsteller und Dekorationskisten bemalt und mit einem Korn in verschiedensten Blaut\u00f6nen gespritzt, genau 6700 St\u00fcck. Das war in erster Linie eine logistische Herausforderung. Die Bl\u00f6cke wurden danach entlang der [&hellip;]<\/p>\n","protected":false},"author":2,"featured_media":0,"parent":131,"menu_order":0,"comment_status":"closed","ping_status":"closed","template":"detailseiten.php","meta":{"footnotes":""},"class_list":["post-517","page","type-page","status-publish","hentry","brick"],"yoast_head":"<!-- This site is optimized with the Yoast SEO plugin v27.4 - https:\/\/yoast.com\/product\/yoast-seo-wordpress\/ -->\n<title>25 Jahre Mauerfall - Commissioned Painting Kwast Berlin<\/title>\n<meta name=\"robots\" content=\"index, follow, max-snippet:-1, max-image-preview:large, max-video-preview:-1\" \/>\n<link rel=\"canonical\" href=\"https:\/\/auftragsmalerei-kwast-berlin.de\/en\/malerei-im-oeffentlichen-raum-arbeitsbeispiele\/25-jahre-mauerfall\/\" \/>\n<meta property=\"og:locale\" content=\"en_US\" \/>\n<meta property=\"og:type\" content=\"article\" \/>\n<meta property=\"og:title\" content=\"25 Jahre Mauerfall - Commissioned Painting Kwast Berlin\" \/>\n<meta property=\"og:description\" content=\"Auftraggeber: Senat von Berlin | Acryl auf Holz | unterschiedliche Gr\u00f6\u00dfen F\u00fcr das 25j\u00e4hrige Jubil\u00e4um zum Mauerfall wurden innerhalb von 3 Wochen unter schwierigsten Bedingungen s\u00e4mtliche Aufsteller und Dekorationskisten bemalt und mit einem Korn in verschiedensten Blaut\u00f6nen gespritzt, genau 6700 St\u00fcck. Das war in erster Linie eine logistische Herausforderung. Die Bl\u00f6cke wurden danach entlang der [&hellip;]\" \/>\n<meta property=\"og:url\" content=\"https:\/\/auftragsmalerei-kwast-berlin.de\/en\/malerei-im-oeffentlichen-raum-arbeitsbeispiele\/25-jahre-mauerfall\/\" \/>\n<meta property=\"og:site_name\" content=\"Commissioned Painting Kwast Berlin\" \/>\n<meta name=\"twitter:card\" content=\"summary_large_image\" \/>\n<script type=\"application\/ld+json\" class=\"yoast-schema-graph\">{\"@context\":\"https:\\\/\\\/schema.org\",\"@graph\":[{\"@type\":\"WebPage\",\"@id\":\"https:\\\/\\\/auftragsmalerei-kwast-berlin.de\\\/en\\\/malerei-im-oeffentlichen-raum-arbeitsbeispiele\\\/25-jahre-mauerfall\\\/\",\"url\":\"https:\\\/\\\/auftragsmalerei-kwast-berlin.de\\\/en\\\/malerei-im-oeffentlichen-raum-arbeitsbeispiele\\\/25-jahre-mauerfall\\\/\",\"name\":\"25 Jahre Mauerfall - Commissioned Painting Kwast Berlin\",\"isPartOf\":{\"@id\":\"https:\\\/\\\/auftragsmalerei-kwast-berlin.de\\\/en\\\/#website\"},\"datePublished\":\"2015-08-24T06:13:34+00:00\",\"breadcrumb\":{\"@id\":\"https:\\\/\\\/auftragsmalerei-kwast-berlin.de\\\/en\\\/malerei-im-oeffentlichen-raum-arbeitsbeispiele\\\/25-jahre-mauerfall\\\/#breadcrumb\"},\"inLanguage\":\"en-US\",\"potentialAction\":[{\"@type\":\"ReadAction\",\"target\":[\"https:\\\/\\\/auftragsmalerei-kwast-berlin.de\\\/en\\\/malerei-im-oeffentlichen-raum-arbeitsbeispiele\\\/25-jahre-mauerfall\\\/\"]}]},{\"@type\":\"BreadcrumbList\",\"@id\":\"https:\\\/\\\/auftragsmalerei-kwast-berlin.de\\\/en\\\/malerei-im-oeffentlichen-raum-arbeitsbeispiele\\\/25-jahre-mauerfall\\\/#breadcrumb\",\"itemListElement\":[{\"@type\":\"ListItem\",\"position\":1,\"name\":\"Home\",\"item\":\"https:\\\/\\\/auftragsmalerei-kwast-berlin.de\\\/en\\\/\"},{\"@type\":\"ListItem\",\"position\":2,\"name\":\"Malerei im \u00f6ffentlichen Raum\",\"item\":\"https:\\\/\\\/auftragsmalerei-kwast-berlin.de\\\/en\\\/malerei-im-oeffentlichen-raum-arbeitsbeispiele\\\/\"},{\"@type\":\"ListItem\",\"position\":3,\"name\":\"25 Jahre Mauerfall\"}]},{\"@type\":\"WebSite\",\"@id\":\"https:\\\/\\\/auftragsmalerei-kwast-berlin.de\\\/en\\\/#website\",\"url\":\"https:\\\/\\\/auftragsmalerei-kwast-berlin.de\\\/en\\\/\",\"name\":\"Commissioned Painting Kwast Berlin\",\"description\":\"Commissioned painting for theatre and film, fairs and museums, wall, facade and portrait\",\"potentialAction\":[{\"@type\":\"SearchAction\",\"target\":{\"@type\":\"EntryPoint\",\"urlTemplate\":\"https:\\\/\\\/auftragsmalerei-kwast-berlin.de\\\/en\\\/?s={search_term_string}\"},\"query-input\":{\"@type\":\"PropertyValueSpecification\",\"valueRequired\":true,\"valueName\":\"search_term_string\"}}],\"inLanguage\":\"en-US\"}]}<\/script>\n<!-- \/ Yoast SEO plugin. -->","yoast_head_json":{"title":"25 Jahre Mauerfall - Commissioned Painting Kwast Berlin","robots":{"index":"index","follow":"follow","max-snippet":"max-snippet:-1","max-image-preview":"max-image-preview:large","max-video-preview":"max-video-preview:-1"},"canonical":"https:\/\/auftragsmalerei-kwast-berlin.de\/en\/malerei-im-oeffentlichen-raum-arbeitsbeispiele\/25-jahre-mauerfall\/","og_locale":"en_US","og_type":"article","og_title":"25 Jahre Mauerfall - Commissioned Painting Kwast Berlin","og_description":"Auftraggeber: Senat von Berlin | Acryl auf Holz | unterschiedliche Gr\u00f6\u00dfen F\u00fcr das 25j\u00e4hrige Jubil\u00e4um zum Mauerfall wurden innerhalb von 3 Wochen unter schwierigsten Bedingungen s\u00e4mtliche Aufsteller und Dekorationskisten bemalt und mit einem Korn in verschiedensten Blaut\u00f6nen gespritzt, genau 6700 St\u00fcck. Das war in erster Linie eine logistische Herausforderung. Die Bl\u00f6cke wurden danach entlang der [&hellip;]","og_url":"https:\/\/auftragsmalerei-kwast-berlin.de\/en\/malerei-im-oeffentlichen-raum-arbeitsbeispiele\/25-jahre-mauerfall\/","og_site_name":"Commissioned Painting Kwast Berlin","twitter_card":"summary_large_image","schema":{"@context":"https:\/\/schema.org","@graph":[{"@type":"WebPage","@id":"https:\/\/auftragsmalerei-kwast-berlin.de\/en\/malerei-im-oeffentlichen-raum-arbeitsbeispiele\/25-jahre-mauerfall\/","url":"https:\/\/auftragsmalerei-kwast-berlin.de\/en\/malerei-im-oeffentlichen-raum-arbeitsbeispiele\/25-jahre-mauerfall\/","name":"25 Jahre Mauerfall - Commissioned Painting Kwast Berlin","isPartOf":{"@id":"https:\/\/auftragsmalerei-kwast-berlin.de\/en\/#website"},"datePublished":"2015-08-24T06:13:34+00:00","breadcrumb":{"@id":"https:\/\/auftragsmalerei-kwast-berlin.de\/en\/malerei-im-oeffentlichen-raum-arbeitsbeispiele\/25-jahre-mauerfall\/#breadcrumb"},"inLanguage":"en-US","potentialAction":[{"@type":"ReadAction","target":["https:\/\/auftragsmalerei-kwast-berlin.de\/en\/malerei-im-oeffentlichen-raum-arbeitsbeispiele\/25-jahre-mauerfall\/"]}]},{"@type":"BreadcrumbList","@id":"https:\/\/auftragsmalerei-kwast-berlin.de\/en\/malerei-im-oeffentlichen-raum-arbeitsbeispiele\/25-jahre-mauerfall\/#breadcrumb","itemListElement":[{"@type":"ListItem","position":1,"name":"Home","item":"https:\/\/auftragsmalerei-kwast-berlin.de\/en\/"},{"@type":"ListItem","position":2,"name":"Malerei im \u00f6ffentlichen Raum","item":"https:\/\/auftragsmalerei-kwast-berlin.de\/en\/malerei-im-oeffentlichen-raum-arbeitsbeispiele\/"},{"@type":"ListItem","position":3,"name":"25 Jahre Mauerfall"}]},{"@type":"WebSite","@id":"https:\/\/auftragsmalerei-kwast-berlin.de\/en\/#website","url":"https:\/\/auftragsmalerei-kwast-berlin.de\/en\/","name":"Commissioned Painting Kwast Berlin","description":"Commissioned painting for theatre and film, fairs and museums, wall, facade and portrait","potentialAction":[{"@type":"SearchAction","target":{"@type":"EntryPoint","urlTemplate":"https:\/\/auftragsmalerei-kwast-berlin.de\/en\/?s={search_term_string}"},"query-input":{"@type":"PropertyValueSpecification","valueRequired":true,"valueName":"search_term_string"}}],"inLanguage":"en-US"}]}},"_links":{"self":[{"href":"https:\/\/auftragsmalerei-kwast-berlin.de\/en\/wp-json\/wp\/v2\/pages\/517","targetHints":{"allow":["GET"]}}],"collection":[{"href":"https:\/\/auftragsmalerei-kwast-berlin.de\/en\/wp-json\/wp\/v2\/pages"}],"about":[{"href":"https:\/\/auftragsmalerei-kwast-berlin.de\/en\/wp-json\/wp\/v2\/types\/page"}],"author":[{"embeddable":true,"href":"https:\/\/auftragsmalerei-kwast-berlin.de\/en\/wp-json\/wp\/v2\/users\/2"}],"replies":[{"embeddable":true,"href":"https:\/\/auftragsmalerei-kwast-berlin.de\/en\/wp-json\/wp\/v2\/comments?post=517"}],"version-history":[{"count":0,"href":"https:\/\/auftragsmalerei-kwast-berlin.de\/en\/wp-json\/wp\/v2\/pages\/517\/revisions"}],"up":[{"embeddable":true,"href":"https:\/\/auftragsmalerei-kwast-berlin.de\/en\/wp-json\/wp\/v2\/pages\/131"}],"wp:attachment":[{"href":"https:\/\/auftragsmalerei-kwast-berlin.de\/en\/wp-json\/wp\/v2\/media?parent=517"}],"curies":[{"name":"wp","href":"https:\/\/api.w.org\/{rel}","templated":true}]}}