{"id":60,"date":"2015-08-04T09:44:06","date_gmt":"2015-08-04T09:44:06","guid":{"rendered":"http:\/\/relaunch.auftragsmalerei-kwast-berlin.de\/?page_id=60"},"modified":"2020-05-25T08:01:38","modified_gmt":"2020-05-25T06:01:38","slug":"auftraggeber","status":"publish","type":"page","link":"https:\/\/auftragsmalerei-kwast-berlin.de\/en\/auftraggeber\/","title":{"rendered":"Listing of my most important customers since 1986"},"content":{"rendered":"<ul>\n<li>Art Department Studio Babelsberg<\/li>\n<li>artus production GmbH<\/li>\n<li>Architekturb\u00fcro Neumann\/Gusenberger<\/li>\n<li>Atze Schr\u00f6der<\/li>\n<li>Auro &#8211; Hovercraft GmbH Berlin<\/li>\n<li>Ausstattung Matthias Hein<\/li>\n<li>BAT-Studiotheater<\/li>\n<li>Ballett Schierlitz Berlin<\/li>\n<li>Bel Invest Immobilien GmbH &amp; CO. Havel KG<\/li>\n<li>Berliner Ensemble<\/li>\n<li>Berliner Seilfabrik GmbH &amp; Co<\/li>\n<li>BLEND<\/li>\n<li>B\u00fchnenservice Berlin<\/li>\n<li>Caf\u00e9 BETTY`N CATY, Berlin<\/li>\n<li>cinebuild<\/li>\n<li>Club Quasimodo Berlin<\/li>\n<li>Design strategy<\/li>\n<li>Der Kuchenladen Kantstra\u00dfe 138<\/li>\n<li>DrNice GbR<\/li>\n<li>Druckplus Berlin<\/li>\n<li>Ebel &amp; Reuer GbR<\/li>\n<li>Elegance GmbH D\u00fcsseldorf<\/li>\n<li>Elz &amp; Krause<\/li>\n<li>EURO RSCG LIFE<\/li>\n<li>Fischlandverlag<\/li>\n<li>Firma freiRaum<\/li>\n<li>Friedhof Treuhand Berlin<\/li>\n<li>Galerie Lafayette<\/li>\n<li>Gammrath Werbung GmbH<\/li>\n<li>Gentara Multimedia e.V.<\/li>\n<li>Gesobau AG<\/li>\n<li>Gewerbehof K\u00f6nigstadt<\/li>\n<li>Gielissen GmbH<\/li>\n<li>GRIPS Theater<\/li>\n<li>GUNDY UFA TV Produktion GmbH<\/li>\n<li>Henke AG<\/li>\n<li>Haus der Kulturen der Welt Berlin<\/li>\n<li>HE-Hovercraft Lausitz GmbH<\/li>\n<li>Hplusw Berlin GbR<\/li>\n<li>Ideea<\/li>\n<li>International (MCI) GmbH<\/li>\n<li>Kammerspiele Hamburg<\/li>\n<li>Kfz- Teile 24 GmbH<\/li>\n<li>Kubix<\/li>\n<li>Kaminski und Brendel<\/li>\n<li>Klinkenberg Architekten Berlin<\/li>\n<li>Kr\u00fcger G\u00fcterkraftverkehr GmbH Berlin<\/li>\n<li>K\u00fcnstler Moritz Majce<\/li>\n<li>Kulturprojekte GmbH Berlin<\/li>\n<li>Labor Berlin &#8211; Charite`Vivantes GmbH<\/li>\n<li>Lorenz Automobile GmbH<\/li>\n<li>Landestheater Neustrelitz<\/li>\n<li>Landschaftsarchitekten Neumann und Gusenburger<\/li>\n<li>Loud`n proud<\/li>\n<li>LUM<\/li>\n<li>Malerei freiRaum<\/li>\n<li>Maran Film<\/li>\n<li>Maxim Gorki Theater Berlin<\/li>\n<li>Medicor Fahrdienst GmbH<\/li>\n<li>Messe Berlin GmbH<\/li>\n<li>Messe Panorama Fashion<\/li>\n<li>METROFARM GmbH<\/li>\n<li>METFILM School Berlin<\/li>\n<li>Mina Entertainment GmbH Bonn<\/li>\n<li>Moovie the art of entertainment GmbH<\/li>\n<li>Movie Constuction<\/li>\n<li>Museum Barberinig gGmbH Potsdam<\/li>\n<li>Museum Celle<\/li>\n<li>Museum f\u00fcr Kinder Berlin<\/li>\n<li>Museum Koblenz<\/li>\n<li>Museum Rostock<\/li>\n<li>Museum Senftenberg<\/li>\n<li>Museumstechnik GmbH Berlin<\/li>\n<li>Museum Trier<\/li>\n<li>Musical Betriebsgesellschaft Operettenhaus GmbH Hamburg<\/li>\n<li>Mutter und Vater GmbH<\/li>\n<li>NDR<\/li>\n<li>NIKE<\/li>\n<li>Novoflot<\/li>\n<li>OK-Marked, Marketing &amp; Event, Brandenburg<\/li>\n<li>Oper Graz<\/li>\n<li>Oper Innsbruck<\/li>\n<li>Oper Rheinsberg<\/li>\n<li>Peres Projects GmbH<\/li>\n<li>Producers at work GmbH<\/li>\n<li>Produktionsfirma Brainnail<\/li>\n<li>RAT PACK Filmproduktion GmbH<\/li>\n<li>RKN Bauunternehmen GmbH Herzberg<\/li>\n<li>Rockenfeller &amp; G\u00f6bels<\/li>\n<li>Roland Rechtsschutz<\/li>\n<li>RTL<\/li>\n<li>Schankstube Pfefferberg Berlin<\/li>\n<li>Schiel Projektgesellschaft mbH<\/li>\n<li>SCHRAMM Film<\/li>\n<li>Semperoper Dresden<\/li>\n<li>Senat von Berlin<\/li>\n<li>Sentimental Film<\/li>\n<li>SIXT<\/li>\n<li>StepStone Berlin<\/li>\n<li>Stiftung J\u00fcdisches Museum Berlin<\/li>\n<li>Stiftung Preu\u00dfischer Kulturbesitz<\/li>\n<li>Studio Babelsberg<\/li>\n<li>Studio Hamburg<\/li>\n<li>Studio Hamburg Media Consult<\/li>\n<li>TBT<\/li>\n<li>teamWorx Television &amp; Film GmbH<\/li>\n<li>Thalia Theater Hamburg<\/li>\n<li>Theaterkapelle<\/li>\n<li>Theater an der Parkaue Berlin<\/li>\n<li>Theater o. N. Berlin<\/li>\n<li>Theater Bremen<\/li>\n<li>Theater Dortmund<\/li>\n<li>Theater Erfurt<\/li>\n<li>Theater f\u00fcr Kinder Berlin<\/li>\n<li>Theater im Kosmos<\/li>\n<li>Theater der kleinen Form<\/li>\n<li>Theaterhaus Jena<\/li>\n<li>Theaterbau Winter<\/li>\n<li>Theater Senftenberg<\/li>\n<li>Theater Wolfsburg<\/li>\n<li>think entertainment<\/li>\n<li>Trattoria a`Muntagnola<\/li>\n<li>TUI<\/li>\n<li>Unique europe GmbH<\/li>\n<li>Ubrig Malermeister GmbH Berlin<\/li>\n<li>Waldo Bar<\/li>\n<li>Zeeh Design GmbH Puchheim<\/li>\n<li>Zeitsprung Entertainment GmbH<\/li>\n<li>Zimders Kramer GbR<\/li>\n<\/ul>\n","protected":false},"excerpt":{"rendered":"<p>Art Department Studio Babelsberg artus production GmbH Architekturb\u00fcro Neumann\/Gusenberger Atze Schr\u00f6der Auro &#8211; Hovercraft GmbH Berlin Ausstattung Matthias Hein BAT-Studiotheater Ballett Schierlitz Berlin Bel Invest Immobilien GmbH &amp; CO. Havel KG Berliner Ensemble Berliner Seilfabrik GmbH &amp; Co BLEND B\u00fchnenservice Berlin Caf\u00e9 BETTY`N CATY, Berlin cinebuild Club Quasimodo Berlin Design strategy Der Kuchenladen Kantstra\u00dfe 138 [&hellip;]<\/p>\n","protected":false},"author":2,"featured_media":0,"parent":0,"menu_order":15,"comment_status":"closed","ping_status":"open","template":"detailseiten.php","meta":{"footnotes":""},"class_list":["post-60","page","type-page","status-publish","hentry","brick"],"yoast_head":"<!-- This site is optimized with the Yoast SEO plugin v27.4 - https:\/\/yoast.com\/product\/yoast-seo-wordpress\/ -->\n<title>Listing of my most important customers since 1986 - Commissioned Painting Kwast Berlin<\/title>\n<meta name=\"robots\" content=\"index, follow, max-snippet:-1, max-image-preview:large, max-video-preview:-1\" \/>\n<link rel=\"canonical\" href=\"https:\/\/auftragsmalerei-kwast-berlin.de\/en\/auftraggeber\/\" \/>\n<meta property=\"og:locale\" content=\"en_US\" \/>\n<meta property=\"og:type\" content=\"article\" \/>\n<meta property=\"og:title\" content=\"Listing of my most important customers since 1986 - Commissioned Painting Kwast Berlin\" \/>\n<meta property=\"og:description\" content=\"Art Department Studio Babelsberg artus production GmbH Architekturb\u00fcro Neumann\/Gusenberger Atze Schr\u00f6der Auro &#8211; Hovercraft GmbH Berlin Ausstattung Matthias Hein BAT-Studiotheater Ballett Schierlitz Berlin Bel Invest Immobilien GmbH &amp; CO. Havel KG Berliner Ensemble Berliner Seilfabrik GmbH &amp; Co BLEND B\u00fchnenservice Berlin Caf\u00e9 BETTY`N CATY, Berlin cinebuild Club Quasimodo Berlin Design strategy Der Kuchenladen Kantstra\u00dfe 138 [&hellip;]\" \/>\n<meta property=\"og:url\" content=\"https:\/\/auftragsmalerei-kwast-berlin.de\/en\/auftraggeber\/\" \/>\n<meta property=\"og:site_name\" content=\"Commissioned Painting Kwast Berlin\" \/>\n<meta property=\"article:modified_time\" content=\"2020-05-25T06:01:38+00:00\" \/>\n<meta name=\"twitter:card\" content=\"summary_large_image\" \/>\n<meta name=\"twitter:label1\" content=\"Est. reading time\" \/>\n\t<meta name=\"twitter:data1\" content=\"2 minutes\" \/>\n<script type=\"application\/ld+json\" class=\"yoast-schema-graph\">{\"@context\":\"https:\\\/\\\/schema.org\",\"@graph\":[{\"@type\":\"WebPage\",\"@id\":\"https:\\\/\\\/auftragsmalerei-kwast-berlin.de\\\/en\\\/auftraggeber\\\/\",\"url\":\"https:\\\/\\\/auftragsmalerei-kwast-berlin.de\\\/en\\\/auftraggeber\\\/\",\"name\":\"Listing of my most important customers since 1986 - Commissioned Painting Kwast Berlin\",\"isPartOf\":{\"@id\":\"https:\\\/\\\/auftragsmalerei-kwast-berlin.de\\\/en\\\/#website\"},\"datePublished\":\"2015-08-04T09:44:06+00:00\",\"dateModified\":\"2020-05-25T06:01:38+00:00\",\"breadcrumb\":{\"@id\":\"https:\\\/\\\/auftragsmalerei-kwast-berlin.de\\\/en\\\/auftraggeber\\\/#breadcrumb\"},\"inLanguage\":\"en-US\",\"potentialAction\":[{\"@type\":\"ReadAction\",\"target\":[\"https:\\\/\\\/auftragsmalerei-kwast-berlin.de\\\/en\\\/auftraggeber\\\/\"]}]},{\"@type\":\"BreadcrumbList\",\"@id\":\"https:\\\/\\\/auftragsmalerei-kwast-berlin.de\\\/en\\\/auftraggeber\\\/#breadcrumb\",\"itemListElement\":[{\"@type\":\"ListItem\",\"position\":1,\"name\":\"Home\",\"item\":\"https:\\\/\\\/auftragsmalerei-kwast-berlin.de\\\/en\\\/\"},{\"@type\":\"ListItem\",\"position\":2,\"name\":\"Listing of my most important customers since 1986\"}]},{\"@type\":\"WebSite\",\"@id\":\"https:\\\/\\\/auftragsmalerei-kwast-berlin.de\\\/en\\\/#website\",\"url\":\"https:\\\/\\\/auftragsmalerei-kwast-berlin.de\\\/en\\\/\",\"name\":\"Commissioned Painting Kwast Berlin\",\"description\":\"Commissioned painting for theatre and film, fairs and museums, wall, facade and portrait\",\"potentialAction\":[{\"@type\":\"SearchAction\",\"target\":{\"@type\":\"EntryPoint\",\"urlTemplate\":\"https:\\\/\\\/auftragsmalerei-kwast-berlin.de\\\/en\\\/?s={search_term_string}\"},\"query-input\":{\"@type\":\"PropertyValueSpecification\",\"valueRequired\":true,\"valueName\":\"search_term_string\"}}],\"inLanguage\":\"en-US\"}]}<\/script>\n<!-- \/ Yoast SEO plugin. -->","yoast_head_json":{"title":"Listing of my most important customers since 1986 - Commissioned Painting Kwast Berlin","robots":{"index":"index","follow":"follow","max-snippet":"max-snippet:-1","max-image-preview":"max-image-preview:large","max-video-preview":"max-video-preview:-1"},"canonical":"https:\/\/auftragsmalerei-kwast-berlin.de\/en\/auftraggeber\/","og_locale":"en_US","og_type":"article","og_title":"Listing of my most important customers since 1986 - Commissioned Painting Kwast Berlin","og_description":"Art Department Studio Babelsberg artus production GmbH Architekturb\u00fcro Neumann\/Gusenberger Atze Schr\u00f6der Auro &#8211; Hovercraft GmbH Berlin Ausstattung Matthias Hein BAT-Studiotheater Ballett Schierlitz Berlin Bel Invest Immobilien GmbH &amp; CO. Havel KG Berliner Ensemble Berliner Seilfabrik GmbH &amp; Co BLEND B\u00fchnenservice Berlin Caf\u00e9 BETTY`N CATY, Berlin cinebuild Club Quasimodo Berlin Design strategy Der Kuchenladen Kantstra\u00dfe 138 [&hellip;]","og_url":"https:\/\/auftragsmalerei-kwast-berlin.de\/en\/auftraggeber\/","og_site_name":"Commissioned Painting Kwast Berlin","article_modified_time":"2020-05-25T06:01:38+00:00","twitter_card":"summary_large_image","twitter_misc":{"Est. reading time":"2 minutes"},"schema":{"@context":"https:\/\/schema.org","@graph":[{"@type":"WebPage","@id":"https:\/\/auftragsmalerei-kwast-berlin.de\/en\/auftraggeber\/","url":"https:\/\/auftragsmalerei-kwast-berlin.de\/en\/auftraggeber\/","name":"Listing of my most important customers since 1986 - Commissioned Painting Kwast Berlin","isPartOf":{"@id":"https:\/\/auftragsmalerei-kwast-berlin.de\/en\/#website"},"datePublished":"2015-08-04T09:44:06+00:00","dateModified":"2020-05-25T06:01:38+00:00","breadcrumb":{"@id":"https:\/\/auftragsmalerei-kwast-berlin.de\/en\/auftraggeber\/#breadcrumb"},"inLanguage":"en-US","potentialAction":[{"@type":"ReadAction","target":["https:\/\/auftragsmalerei-kwast-berlin.de\/en\/auftraggeber\/"]}]},{"@type":"BreadcrumbList","@id":"https:\/\/auftragsmalerei-kwast-berlin.de\/en\/auftraggeber\/#breadcrumb","itemListElement":[{"@type":"ListItem","position":1,"name":"Home","item":"https:\/\/auftragsmalerei-kwast-berlin.de\/en\/"},{"@type":"ListItem","position":2,"name":"Listing of my most important customers since 1986"}]},{"@type":"WebSite","@id":"https:\/\/auftragsmalerei-kwast-berlin.de\/en\/#website","url":"https:\/\/auftragsmalerei-kwast-berlin.de\/en\/","name":"Commissioned Painting Kwast Berlin","description":"Commissioned painting for theatre and film, fairs and museums, wall, facade and portrait","potentialAction":[{"@type":"SearchAction","target":{"@type":"EntryPoint","urlTemplate":"https:\/\/auftragsmalerei-kwast-berlin.de\/en\/?s={search_term_string}"},"query-input":{"@type":"PropertyValueSpecification","valueRequired":true,"valueName":"search_term_string"}}],"inLanguage":"en-US"}]}},"_links":{"self":[{"href":"https:\/\/auftragsmalerei-kwast-berlin.de\/en\/wp-json\/wp\/v2\/pages\/60","targetHints":{"allow":["GET"]}}],"collection":[{"href":"https:\/\/auftragsmalerei-kwast-berlin.de\/en\/wp-json\/wp\/v2\/pages"}],"about":[{"href":"https:\/\/auftragsmalerei-kwast-berlin.de\/en\/wp-json\/wp\/v2\/types\/page"}],"author":[{"embeddable":true,"href":"https:\/\/auftragsmalerei-kwast-berlin.de\/en\/wp-json\/wp\/v2\/users\/2"}],"replies":[{"embeddable":true,"href":"https:\/\/auftragsmalerei-kwast-berlin.de\/en\/wp-json\/wp\/v2\/comments?post=60"}],"version-history":[{"count":1,"href":"https:\/\/auftragsmalerei-kwast-berlin.de\/en\/wp-json\/wp\/v2\/pages\/60\/revisions"}],"predecessor-version":[{"id":3536,"href":"https:\/\/auftragsmalerei-kwast-berlin.de\/en\/wp-json\/wp\/v2\/pages\/60\/revisions\/3536"}],"wp:attachment":[{"href":"https:\/\/auftragsmalerei-kwast-berlin.de\/en\/wp-json\/wp\/v2\/media?parent=60"}],"curies":[{"name":"wp","href":"https:\/\/api.w.org\/{rel}","templated":true}]}}