{"id":812,"date":"2015-09-03T14:05:48","date_gmt":"2015-09-03T12:05:48","guid":{"rendered":"http:\/\/relaunch.auftragsmalerei-kwast-berlin.de\/?page_id=812"},"modified":"2015-09-03T14:05:48","modified_gmt":"2015-09-03T12:05:48","slug":"pferdeshow-apassionata","status":"publish","type":"page","link":"https:\/\/auftragsmalerei-kwast-berlin.de\/en\/eventmalerei-arbeitsbeispiele\/pferdeshow-apassionata\/","title":{"rendered":"Pferdeshow Apassionata"},"content":{"rendered":"<h3>Auftraggeber: APASSIONATA Entertainment GmbH | Bemalung B\u00fchnendekoration | Stoffmalfarbe auf Nessel, verschiedene Materialien<\/h3>\n<p>F\u00fcr die Europatournee der Pferdeshow Apassionata wurde eine B\u00fchnendekoration gew\u00fcnscht, die durch die Jahreszeiten f\u00fchrt. Die Pferde sollten aus einer Art Manegentor kommen, welches das jeweilige Thema anzeigt. Daf\u00fcr wurden f\u00fcnf 18m lange Dekorationsprospekte gemalt; Fr\u00fchling, Sommer, Herbst, Winter und Karneval. Da die Show mit einer gro\u00dfz\u00fcgigen Beleuchtung arbeitete, lag es nahe, die Malerei plastisch zu unterst\u00fctzen. Alle Dekorationsh\u00e4nger hatten die gleiche Astkonstruktion, die je nach Thema unterschiedlich mit eingeschnittenem Papier, selbst hergestellten Bl\u00fcten oder geschnittenem Plastikgeflecht belegt wurden. Auch die anschlie\u00dfende farbliche Behandlung war auf diese plastische Wirkung ausgerichtet. Hochpigmentierte Standfarben sorgten zus\u00e4tzlich f\u00fcr einen leuchtenden Blickfang, der diese Show einrahmte.<br \/>\nGro\u00dffl\u00e4chige Auftragsmalerei ist eher selten, da viele Nebenkosten in den Endpreis einflie\u00dfen. Aber die individuelle Ausstrahlung macht jede dieser Arbeiten zu etwas Besonderem.<br \/>\n<div class=\"content_block\" id=\"custom_post_widget-804\"><p><img loading=\"lazy\" decoding=\"async\" src=\"\/wp-content\/uploads\/auftrag_apassionata_6gr.jpg\" alt=\"Kwast - Auftragsmalerei - Pferdeshow Apassionata\" width=\"640\" height=\"425\" class=\"alignnone size-full wp-image-810\" \/><\/p>\n<p><img loading=\"lazy\" decoding=\"async\" src=\"\/wp-content\/uploads\/auftrag_apassionata_5gr.jpg\" alt=\"Kwast - Auftragsmalerei - Pferdeshow Apassionata\" width=\"640\" height=\"425\" class=\"alignnone size-full wp-image-809\" \/><\/p>\n<p><img loading=\"lazy\" decoding=\"async\" src=\"\/wp-content\/uploads\/auftrag_apassionata_4gr.jpg\" alt=\"Kwast - Auftragsmalerei - Pferdeshow Apassionata\" width=\"640\" height=\"425\" class=\"alignnone size-full wp-image-808\" \/><\/p>\n<p><img loading=\"lazy\" decoding=\"async\" src=\"\/wp-content\/uploads\/auftrag_apassionata_3gr.jpg\" alt=\"Kwast - Auftragsmalerei - Pferdeshow Apassionata\" width=\"640\" height=\"425\" class=\"alignnone size-full wp-image-807\" \/><\/p>\n<p><img loading=\"lazy\" decoding=\"async\" src=\"\/wp-content\/uploads\/auftrag_apassionata_2gr.jpg\" alt=\"Kwast - Auftragsmalerei - Pferdeshow Apassionata\" width=\"640\" height=\"425\" class=\"alignnone size-full wp-image-806\" \/><\/p>\n<p><img loading=\"lazy\" decoding=\"async\" src=\"\/wp-content\/uploads\/auftrag_apassionata_1gr.jpg\" alt=\"Kwast - Auftragsmalerei - Pferdeshow Apassionata\" width=\"640\" height=\"425\" class=\"alignnone size-full wp-image-805\" \/><\/p>\n<\/div><\/p>\n","protected":false},"excerpt":{"rendered":"<p>Auftraggeber: APASSIONATA Entertainment GmbH | Bemalung B\u00fchnendekoration | Stoffmalfarbe auf Nessel, verschiedene Materialien F\u00fcr die Europatournee der Pferdeshow Apassionata wurde eine B\u00fchnendekoration gew\u00fcnscht, die durch die Jahreszeiten f\u00fchrt. Die Pferde sollten aus einer Art Manegentor kommen, welches das jeweilige Thema anzeigt. Daf\u00fcr wurden f\u00fcnf 18m lange Dekorationsprospekte gemalt; Fr\u00fchling, Sommer, Herbst, Winter und Karneval. Da [&hellip;]<\/p>\n","protected":false},"author":2,"featured_media":0,"parent":886,"menu_order":3,"comment_status":"closed","ping_status":"closed","template":"detailseiten.php","meta":{"footnotes":""},"class_list":["post-812","page","type-page","status-publish","hentry","brick"],"yoast_head":"<!-- This site is optimized with the Yoast SEO plugin v27.4 - https:\/\/yoast.com\/product\/yoast-seo-wordpress\/ -->\n<title>Pferdeshow Apassionata - Commissioned Painting Kwast Berlin<\/title>\n<meta name=\"robots\" content=\"index, follow, max-snippet:-1, max-image-preview:large, max-video-preview:-1\" \/>\n<link rel=\"canonical\" href=\"https:\/\/auftragsmalerei-kwast-berlin.de\/en\/eventmalerei-arbeitsbeispiele\/pferdeshow-apassionata\/\" \/>\n<meta property=\"og:locale\" content=\"en_US\" \/>\n<meta property=\"og:type\" content=\"article\" \/>\n<meta property=\"og:title\" content=\"Pferdeshow Apassionata - Commissioned Painting Kwast Berlin\" \/>\n<meta property=\"og:description\" content=\"Auftraggeber: APASSIONATA Entertainment GmbH | Bemalung B\u00fchnendekoration | Stoffmalfarbe auf Nessel, verschiedene Materialien F\u00fcr die Europatournee der Pferdeshow Apassionata wurde eine B\u00fchnendekoration gew\u00fcnscht, die durch die Jahreszeiten f\u00fchrt. Die Pferde sollten aus einer Art Manegentor kommen, welches das jeweilige Thema anzeigt. Daf\u00fcr wurden f\u00fcnf 18m lange Dekorationsprospekte gemalt; Fr\u00fchling, Sommer, Herbst, Winter und Karneval. Da [&hellip;]\" \/>\n<meta property=\"og:url\" content=\"https:\/\/auftragsmalerei-kwast-berlin.de\/en\/eventmalerei-arbeitsbeispiele\/pferdeshow-apassionata\/\" \/>\n<meta property=\"og:site_name\" content=\"Commissioned Painting Kwast Berlin\" \/>\n<meta name=\"twitter:card\" content=\"summary_large_image\" \/>\n<meta name=\"twitter:label1\" content=\"Est. reading time\" \/>\n\t<meta name=\"twitter:data1\" content=\"1 minute\" \/>\n<script type=\"application\/ld+json\" class=\"yoast-schema-graph\">{\"@context\":\"https:\\\/\\\/schema.org\",\"@graph\":[{\"@type\":\"WebPage\",\"@id\":\"https:\\\/\\\/auftragsmalerei-kwast-berlin.de\\\/en\\\/eventmalerei-arbeitsbeispiele\\\/pferdeshow-apassionata\\\/\",\"url\":\"https:\\\/\\\/auftragsmalerei-kwast-berlin.de\\\/en\\\/eventmalerei-arbeitsbeispiele\\\/pferdeshow-apassionata\\\/\",\"name\":\"Pferdeshow Apassionata - Commissioned Painting Kwast Berlin\",\"isPartOf\":{\"@id\":\"https:\\\/\\\/auftragsmalerei-kwast-berlin.de\\\/en\\\/#website\"},\"datePublished\":\"2015-09-03T12:05:48+00:00\",\"breadcrumb\":{\"@id\":\"https:\\\/\\\/auftragsmalerei-kwast-berlin.de\\\/en\\\/eventmalerei-arbeitsbeispiele\\\/pferdeshow-apassionata\\\/#breadcrumb\"},\"inLanguage\":\"en-US\",\"potentialAction\":[{\"@type\":\"ReadAction\",\"target\":[\"https:\\\/\\\/auftragsmalerei-kwast-berlin.de\\\/en\\\/eventmalerei-arbeitsbeispiele\\\/pferdeshow-apassionata\\\/\"]}]},{\"@type\":\"BreadcrumbList\",\"@id\":\"https:\\\/\\\/auftragsmalerei-kwast-berlin.de\\\/en\\\/eventmalerei-arbeitsbeispiele\\\/pferdeshow-apassionata\\\/#breadcrumb\",\"itemListElement\":[{\"@type\":\"ListItem\",\"position\":1,\"name\":\"Home\",\"item\":\"https:\\\/\\\/auftragsmalerei-kwast-berlin.de\\\/en\\\/\"},{\"@type\":\"ListItem\",\"position\":2,\"name\":\"Event painting\",\"item\":\"https:\\\/\\\/auftragsmalerei-kwast-berlin.de\\\/en\\\/eventmalerei-arbeitsbeispiele\\\/\"},{\"@type\":\"ListItem\",\"position\":3,\"name\":\"Pferdeshow Apassionata\"}]},{\"@type\":\"WebSite\",\"@id\":\"https:\\\/\\\/auftragsmalerei-kwast-berlin.de\\\/en\\\/#website\",\"url\":\"https:\\\/\\\/auftragsmalerei-kwast-berlin.de\\\/en\\\/\",\"name\":\"Commissioned Painting Kwast Berlin\",\"description\":\"Commissioned painting for theatre and film, fairs and museums, wall, facade and portrait\",\"potentialAction\":[{\"@type\":\"SearchAction\",\"target\":{\"@type\":\"EntryPoint\",\"urlTemplate\":\"https:\\\/\\\/auftragsmalerei-kwast-berlin.de\\\/en\\\/?s={search_term_string}\"},\"query-input\":{\"@type\":\"PropertyValueSpecification\",\"valueRequired\":true,\"valueName\":\"search_term_string\"}}],\"inLanguage\":\"en-US\"}]}<\/script>\n<!-- \/ Yoast SEO plugin. -->","yoast_head_json":{"title":"Pferdeshow Apassionata - Commissioned Painting Kwast Berlin","robots":{"index":"index","follow":"follow","max-snippet":"max-snippet:-1","max-image-preview":"max-image-preview:large","max-video-preview":"max-video-preview:-1"},"canonical":"https:\/\/auftragsmalerei-kwast-berlin.de\/en\/eventmalerei-arbeitsbeispiele\/pferdeshow-apassionata\/","og_locale":"en_US","og_type":"article","og_title":"Pferdeshow Apassionata - Commissioned Painting Kwast Berlin","og_description":"Auftraggeber: APASSIONATA Entertainment GmbH | Bemalung B\u00fchnendekoration | Stoffmalfarbe auf Nessel, verschiedene Materialien F\u00fcr die Europatournee der Pferdeshow Apassionata wurde eine B\u00fchnendekoration gew\u00fcnscht, die durch die Jahreszeiten f\u00fchrt. Die Pferde sollten aus einer Art Manegentor kommen, welches das jeweilige Thema anzeigt. Daf\u00fcr wurden f\u00fcnf 18m lange Dekorationsprospekte gemalt; Fr\u00fchling, Sommer, Herbst, Winter und Karneval. Da [&hellip;]","og_url":"https:\/\/auftragsmalerei-kwast-berlin.de\/en\/eventmalerei-arbeitsbeispiele\/pferdeshow-apassionata\/","og_site_name":"Commissioned Painting Kwast Berlin","twitter_card":"summary_large_image","twitter_misc":{"Est. reading time":"1 minute"},"schema":{"@context":"https:\/\/schema.org","@graph":[{"@type":"WebPage","@id":"https:\/\/auftragsmalerei-kwast-berlin.de\/en\/eventmalerei-arbeitsbeispiele\/pferdeshow-apassionata\/","url":"https:\/\/auftragsmalerei-kwast-berlin.de\/en\/eventmalerei-arbeitsbeispiele\/pferdeshow-apassionata\/","name":"Pferdeshow Apassionata - Commissioned Painting Kwast Berlin","isPartOf":{"@id":"https:\/\/auftragsmalerei-kwast-berlin.de\/en\/#website"},"datePublished":"2015-09-03T12:05:48+00:00","breadcrumb":{"@id":"https:\/\/auftragsmalerei-kwast-berlin.de\/en\/eventmalerei-arbeitsbeispiele\/pferdeshow-apassionata\/#breadcrumb"},"inLanguage":"en-US","potentialAction":[{"@type":"ReadAction","target":["https:\/\/auftragsmalerei-kwast-berlin.de\/en\/eventmalerei-arbeitsbeispiele\/pferdeshow-apassionata\/"]}]},{"@type":"BreadcrumbList","@id":"https:\/\/auftragsmalerei-kwast-berlin.de\/en\/eventmalerei-arbeitsbeispiele\/pferdeshow-apassionata\/#breadcrumb","itemListElement":[{"@type":"ListItem","position":1,"name":"Home","item":"https:\/\/auftragsmalerei-kwast-berlin.de\/en\/"},{"@type":"ListItem","position":2,"name":"Event painting","item":"https:\/\/auftragsmalerei-kwast-berlin.de\/en\/eventmalerei-arbeitsbeispiele\/"},{"@type":"ListItem","position":3,"name":"Pferdeshow Apassionata"}]},{"@type":"WebSite","@id":"https:\/\/auftragsmalerei-kwast-berlin.de\/en\/#website","url":"https:\/\/auftragsmalerei-kwast-berlin.de\/en\/","name":"Commissioned Painting Kwast Berlin","description":"Commissioned painting for theatre and film, fairs and museums, wall, facade and portrait","potentialAction":[{"@type":"SearchAction","target":{"@type":"EntryPoint","urlTemplate":"https:\/\/auftragsmalerei-kwast-berlin.de\/en\/?s={search_term_string}"},"query-input":{"@type":"PropertyValueSpecification","valueRequired":true,"valueName":"search_term_string"}}],"inLanguage":"en-US"}]}},"_links":{"self":[{"href":"https:\/\/auftragsmalerei-kwast-berlin.de\/en\/wp-json\/wp\/v2\/pages\/812","targetHints":{"allow":["GET"]}}],"collection":[{"href":"https:\/\/auftragsmalerei-kwast-berlin.de\/en\/wp-json\/wp\/v2\/pages"}],"about":[{"href":"https:\/\/auftragsmalerei-kwast-berlin.de\/en\/wp-json\/wp\/v2\/types\/page"}],"author":[{"embeddable":true,"href":"https:\/\/auftragsmalerei-kwast-berlin.de\/en\/wp-json\/wp\/v2\/users\/2"}],"replies":[{"embeddable":true,"href":"https:\/\/auftragsmalerei-kwast-berlin.de\/en\/wp-json\/wp\/v2\/comments?post=812"}],"version-history":[{"count":0,"href":"https:\/\/auftragsmalerei-kwast-berlin.de\/en\/wp-json\/wp\/v2\/pages\/812\/revisions"}],"up":[{"embeddable":true,"href":"https:\/\/auftragsmalerei-kwast-berlin.de\/en\/wp-json\/wp\/v2\/pages\/886"}],"wp:attachment":[{"href":"https:\/\/auftragsmalerei-kwast-berlin.de\/en\/wp-json\/wp\/v2\/media?parent=812"}],"curies":[{"name":"wp","href":"https:\/\/api.w.org\/{rel}","templated":true}]}}