{"id":825,"date":"2015-09-04T11:44:15","date_gmt":"2015-09-04T09:44:15","guid":{"rendered":"http:\/\/relaunch.auftragsmalerei-kwast-berlin.de\/?page_id=825"},"modified":"2015-09-04T11:44:15","modified_gmt":"2015-09-04T09:44:15","slug":"atze-schroeder-buehnenshow","status":"publish","type":"page","link":"https:\/\/auftragsmalerei-kwast-berlin.de\/en\/eventmalerei-arbeitsbeispiele\/atze-schroeder-buehnenshow\/","title":{"rendered":"Atze Schr\u00f6der B\u00fchnenshow"},"content":{"rendered":"<h3>Auftraggeber: Atze Schr\u00f6der | Objektbemalung, Dekorationsprospekt | verschiedene Gr\u00f6\u00dfen<\/h3>\n<p>Die Tournee von Atze Schr\u00f6der, einem bekannten Comedy-K\u00fcnstler, lief unter dem Titel \u00bbApocalypse now\u00ab. Die B\u00fchnendekoration sollte also Weltuntergangsstimmung unterst\u00fctzen. Ein 12m x 26m B\u00fchnenhorizont wurde als d\u00fcsterer schwarz-wei\u00df Himmel bemalt. Geschickte Beleuchtung lie\u00df diesen Himmel dann farblich ver\u00e4ndern. Auf der Vorderb\u00fchne bemalte ich mehrere Objekte auf Metall und Rost und Patina. Diese Auftragsmalerei war die richtige Aufgabe f\u00fcr einen Theatermaler, nur die Arbeitsorganisation ist hier eine andere.<\/p>\n<div class=\"content_block\" id=\"custom_post_widget-818\"><p><img loading=\"lazy\" decoding=\"async\" src=\"\/wp-content\/uploads\/auftrag_atzeSchroeder_1gr.jpg\" alt=\"Kwast - Auftragsmalerei - Atze Schr\u00f6der\" width=\"656\" height=\"450\" class=\"alignnone size-full wp-image-819\" \/><\/p>\n<p><img loading=\"lazy\" decoding=\"async\" src=\"\/wp-content\/uploads\/auftrag_atzeSchroeder_5gr.jpg\" alt=\"Kwast - Auftragsmalerei - Atze Schr\u00f6der\" width=\"656\" height=\"450\" class=\"alignnone size-full wp-image-823\" \/><\/p>\n<p><img loading=\"lazy\" decoding=\"async\" src=\"\/wp-content\/uploads\/auftrag_atzeSchroeder_4gr.jpg\" alt=\"Kwast - Auftragsmalerei - Atze Schr\u00f6der\" width=\"656\" height=\"450\" class=\"alignnone size-full wp-image-822\" \/><\/p>\n<p><img loading=\"lazy\" decoding=\"async\" src=\"\/wp-content\/uploads\/auftrag_atzeSchroeder_3gr.jpg\" alt=\"Kwast - Auftragsmalerei - Atze Schr\u00f6der\" width=\"656\" height=\"450\" class=\"alignnone size-full wp-image-821\" \/><\/p>\n<p><img loading=\"lazy\" decoding=\"async\" src=\"\/wp-content\/uploads\/auftrag_atzeSchroeder_2gr.jpg\" alt=\"Kwast - Auftragsmalerei - Atze Schr\u00f6der\" width=\"656\" height=\"450\" class=\"alignnone size-full wp-image-820\" \/><\/p>\n<\/div>\n","protected":false},"excerpt":{"rendered":"<p>Auftraggeber: Atze Schr\u00f6der | Objektbemalung, Dekorationsprospekt | verschiedene Gr\u00f6\u00dfen Die Tournee von Atze Schr\u00f6der, einem bekannten Comedy-K\u00fcnstler, lief unter dem Titel \u00bbApocalypse now\u00ab. Die B\u00fchnendekoration sollte also Weltuntergangsstimmung unterst\u00fctzen. Ein 12m x 26m B\u00fchnenhorizont wurde als d\u00fcsterer schwarz-wei\u00df Himmel bemalt. Geschickte Beleuchtung lie\u00df diesen Himmel dann farblich ver\u00e4ndern. Auf der Vorderb\u00fchne bemalte ich mehrere Objekte [&hellip;]<\/p>\n","protected":false},"author":2,"featured_media":0,"parent":886,"menu_order":4,"comment_status":"closed","ping_status":"closed","template":"detailseiten.php","meta":{"footnotes":""},"class_list":["post-825","page","type-page","status-publish","hentry","brick"],"yoast_head":"<!-- This site is optimized with the Yoast SEO plugin v27.4 - https:\/\/yoast.com\/product\/yoast-seo-wordpress\/ -->\n<title>Atze Schr\u00f6der B\u00fchnenshow - Commissioned Painting Kwast Berlin<\/title>\n<meta name=\"robots\" content=\"index, follow, max-snippet:-1, max-image-preview:large, max-video-preview:-1\" \/>\n<link rel=\"canonical\" href=\"https:\/\/auftragsmalerei-kwast-berlin.de\/en\/eventmalerei-arbeitsbeispiele\/atze-schroeder-buehnenshow\/\" \/>\n<meta property=\"og:locale\" content=\"en_US\" \/>\n<meta property=\"og:type\" content=\"article\" \/>\n<meta property=\"og:title\" content=\"Atze Schr\u00f6der B\u00fchnenshow - Commissioned Painting Kwast Berlin\" \/>\n<meta property=\"og:description\" content=\"Auftraggeber: Atze Schr\u00f6der | Objektbemalung, Dekorationsprospekt | verschiedene Gr\u00f6\u00dfen Die Tournee von Atze Schr\u00f6der, einem bekannten Comedy-K\u00fcnstler, lief unter dem Titel \u00bbApocalypse now\u00ab. Die B\u00fchnendekoration sollte also Weltuntergangsstimmung unterst\u00fctzen. Ein 12m x 26m B\u00fchnenhorizont wurde als d\u00fcsterer schwarz-wei\u00df Himmel bemalt. Geschickte Beleuchtung lie\u00df diesen Himmel dann farblich ver\u00e4ndern. Auf der Vorderb\u00fchne bemalte ich mehrere Objekte [&hellip;]\" \/>\n<meta property=\"og:url\" content=\"https:\/\/auftragsmalerei-kwast-berlin.de\/en\/eventmalerei-arbeitsbeispiele\/atze-schroeder-buehnenshow\/\" \/>\n<meta property=\"og:site_name\" content=\"Commissioned Painting Kwast Berlin\" \/>\n<meta name=\"twitter:card\" content=\"summary_large_image\" \/>\n<script type=\"application\/ld+json\" class=\"yoast-schema-graph\">{\"@context\":\"https:\\\/\\\/schema.org\",\"@graph\":[{\"@type\":\"WebPage\",\"@id\":\"https:\\\/\\\/auftragsmalerei-kwast-berlin.de\\\/en\\\/eventmalerei-arbeitsbeispiele\\\/atze-schroeder-buehnenshow\\\/\",\"url\":\"https:\\\/\\\/auftragsmalerei-kwast-berlin.de\\\/en\\\/eventmalerei-arbeitsbeispiele\\\/atze-schroeder-buehnenshow\\\/\",\"name\":\"Atze Schr\u00f6der B\u00fchnenshow - Commissioned Painting Kwast Berlin\",\"isPartOf\":{\"@id\":\"https:\\\/\\\/auftragsmalerei-kwast-berlin.de\\\/en\\\/#website\"},\"datePublished\":\"2015-09-04T09:44:15+00:00\",\"breadcrumb\":{\"@id\":\"https:\\\/\\\/auftragsmalerei-kwast-berlin.de\\\/en\\\/eventmalerei-arbeitsbeispiele\\\/atze-schroeder-buehnenshow\\\/#breadcrumb\"},\"inLanguage\":\"en-US\",\"potentialAction\":[{\"@type\":\"ReadAction\",\"target\":[\"https:\\\/\\\/auftragsmalerei-kwast-berlin.de\\\/en\\\/eventmalerei-arbeitsbeispiele\\\/atze-schroeder-buehnenshow\\\/\"]}]},{\"@type\":\"BreadcrumbList\",\"@id\":\"https:\\\/\\\/auftragsmalerei-kwast-berlin.de\\\/en\\\/eventmalerei-arbeitsbeispiele\\\/atze-schroeder-buehnenshow\\\/#breadcrumb\",\"itemListElement\":[{\"@type\":\"ListItem\",\"position\":1,\"name\":\"Home\",\"item\":\"https:\\\/\\\/auftragsmalerei-kwast-berlin.de\\\/en\\\/\"},{\"@type\":\"ListItem\",\"position\":2,\"name\":\"Event painting\",\"item\":\"https:\\\/\\\/auftragsmalerei-kwast-berlin.de\\\/en\\\/eventmalerei-arbeitsbeispiele\\\/\"},{\"@type\":\"ListItem\",\"position\":3,\"name\":\"Atze Schr\u00f6der B\u00fchnenshow\"}]},{\"@type\":\"WebSite\",\"@id\":\"https:\\\/\\\/auftragsmalerei-kwast-berlin.de\\\/en\\\/#website\",\"url\":\"https:\\\/\\\/auftragsmalerei-kwast-berlin.de\\\/en\\\/\",\"name\":\"Commissioned Painting Kwast Berlin\",\"description\":\"Commissioned painting for theatre and film, fairs and museums, wall, facade and portrait\",\"potentialAction\":[{\"@type\":\"SearchAction\",\"target\":{\"@type\":\"EntryPoint\",\"urlTemplate\":\"https:\\\/\\\/auftragsmalerei-kwast-berlin.de\\\/en\\\/?s={search_term_string}\"},\"query-input\":{\"@type\":\"PropertyValueSpecification\",\"valueRequired\":true,\"valueName\":\"search_term_string\"}}],\"inLanguage\":\"en-US\"}]}<\/script>\n<!-- \/ Yoast SEO plugin. -->","yoast_head_json":{"title":"Atze Schr\u00f6der B\u00fchnenshow - Commissioned Painting Kwast Berlin","robots":{"index":"index","follow":"follow","max-snippet":"max-snippet:-1","max-image-preview":"max-image-preview:large","max-video-preview":"max-video-preview:-1"},"canonical":"https:\/\/auftragsmalerei-kwast-berlin.de\/en\/eventmalerei-arbeitsbeispiele\/atze-schroeder-buehnenshow\/","og_locale":"en_US","og_type":"article","og_title":"Atze Schr\u00f6der B\u00fchnenshow - Commissioned Painting Kwast Berlin","og_description":"Auftraggeber: Atze Schr\u00f6der | Objektbemalung, Dekorationsprospekt | verschiedene Gr\u00f6\u00dfen Die Tournee von Atze Schr\u00f6der, einem bekannten Comedy-K\u00fcnstler, lief unter dem Titel \u00bbApocalypse now\u00ab. Die B\u00fchnendekoration sollte also Weltuntergangsstimmung unterst\u00fctzen. Ein 12m x 26m B\u00fchnenhorizont wurde als d\u00fcsterer schwarz-wei\u00df Himmel bemalt. Geschickte Beleuchtung lie\u00df diesen Himmel dann farblich ver\u00e4ndern. Auf der Vorderb\u00fchne bemalte ich mehrere Objekte [&hellip;]","og_url":"https:\/\/auftragsmalerei-kwast-berlin.de\/en\/eventmalerei-arbeitsbeispiele\/atze-schroeder-buehnenshow\/","og_site_name":"Commissioned Painting Kwast Berlin","twitter_card":"summary_large_image","schema":{"@context":"https:\/\/schema.org","@graph":[{"@type":"WebPage","@id":"https:\/\/auftragsmalerei-kwast-berlin.de\/en\/eventmalerei-arbeitsbeispiele\/atze-schroeder-buehnenshow\/","url":"https:\/\/auftragsmalerei-kwast-berlin.de\/en\/eventmalerei-arbeitsbeispiele\/atze-schroeder-buehnenshow\/","name":"Atze Schr\u00f6der B\u00fchnenshow - Commissioned Painting Kwast Berlin","isPartOf":{"@id":"https:\/\/auftragsmalerei-kwast-berlin.de\/en\/#website"},"datePublished":"2015-09-04T09:44:15+00:00","breadcrumb":{"@id":"https:\/\/auftragsmalerei-kwast-berlin.de\/en\/eventmalerei-arbeitsbeispiele\/atze-schroeder-buehnenshow\/#breadcrumb"},"inLanguage":"en-US","potentialAction":[{"@type":"ReadAction","target":["https:\/\/auftragsmalerei-kwast-berlin.de\/en\/eventmalerei-arbeitsbeispiele\/atze-schroeder-buehnenshow\/"]}]},{"@type":"BreadcrumbList","@id":"https:\/\/auftragsmalerei-kwast-berlin.de\/en\/eventmalerei-arbeitsbeispiele\/atze-schroeder-buehnenshow\/#breadcrumb","itemListElement":[{"@type":"ListItem","position":1,"name":"Home","item":"https:\/\/auftragsmalerei-kwast-berlin.de\/en\/"},{"@type":"ListItem","position":2,"name":"Event painting","item":"https:\/\/auftragsmalerei-kwast-berlin.de\/en\/eventmalerei-arbeitsbeispiele\/"},{"@type":"ListItem","position":3,"name":"Atze Schr\u00f6der B\u00fchnenshow"}]},{"@type":"WebSite","@id":"https:\/\/auftragsmalerei-kwast-berlin.de\/en\/#website","url":"https:\/\/auftragsmalerei-kwast-berlin.de\/en\/","name":"Commissioned Painting Kwast Berlin","description":"Commissioned painting for theatre and film, fairs and museums, wall, facade and portrait","potentialAction":[{"@type":"SearchAction","target":{"@type":"EntryPoint","urlTemplate":"https:\/\/auftragsmalerei-kwast-berlin.de\/en\/?s={search_term_string}"},"query-input":{"@type":"PropertyValueSpecification","valueRequired":true,"valueName":"search_term_string"}}],"inLanguage":"en-US"}]}},"_links":{"self":[{"href":"https:\/\/auftragsmalerei-kwast-berlin.de\/en\/wp-json\/wp\/v2\/pages\/825","targetHints":{"allow":["GET"]}}],"collection":[{"href":"https:\/\/auftragsmalerei-kwast-berlin.de\/en\/wp-json\/wp\/v2\/pages"}],"about":[{"href":"https:\/\/auftragsmalerei-kwast-berlin.de\/en\/wp-json\/wp\/v2\/types\/page"}],"author":[{"embeddable":true,"href":"https:\/\/auftragsmalerei-kwast-berlin.de\/en\/wp-json\/wp\/v2\/users\/2"}],"replies":[{"embeddable":true,"href":"https:\/\/auftragsmalerei-kwast-berlin.de\/en\/wp-json\/wp\/v2\/comments?post=825"}],"version-history":[{"count":0,"href":"https:\/\/auftragsmalerei-kwast-berlin.de\/en\/wp-json\/wp\/v2\/pages\/825\/revisions"}],"up":[{"embeddable":true,"href":"https:\/\/auftragsmalerei-kwast-berlin.de\/en\/wp-json\/wp\/v2\/pages\/886"}],"wp:attachment":[{"href":"https:\/\/auftragsmalerei-kwast-berlin.de\/en\/wp-json\/wp\/v2\/media?parent=825"}],"curies":[{"name":"wp","href":"https:\/\/api.w.org\/{rel}","templated":true}]}}