{"id":853,"date":"2015-09-04T12:30:45","date_gmt":"2015-09-04T10:30:45","guid":{"rendered":"http:\/\/relaunch.auftragsmalerei-kwast-berlin.de\/?page_id=853"},"modified":"2015-09-04T12:30:45","modified_gmt":"2015-09-04T10:30:45","slug":"udo-juergens-show","status":"publish","type":"page","link":"https:\/\/auftragsmalerei-kwast-berlin.de\/en\/eventmalerei-arbeitsbeispiele\/udo-juergens-show\/","title":{"rendered":"Udo J\u00fcrgens Show"},"content":{"rendered":"<h3>Auftraggeber: &#8230; | B&uuml;hnenprospekte | verschiedene Gr\u00f6\u00dfen<\/p>\n<p>F&uuml;r das Musical -Ich war noch niemals in New York- im Operettentheater Hamburg (vorher Cats) malte ich zwei 18m lange B&uuml;hnenhorizonte, die  einmal mit und einmal ohne Skyline die Ankunft in New York zeigen. Gemalt wurde auf einem Baumwollstoff, in den ein Kunstfaden eingewebt war. Die Farbe stand sehr gut darauf und f&uuml;r die Grafik war es ein idealer Grund. Auftragsmalerei in der Gr&uuml;&szlig;enordnung  bietet beste Referenzen.<\/p>\n<div class=\"content_block\" id=\"custom_post_widget-846\"><p><img loading=\"lazy\" decoding=\"async\" src=\"\/wp-content\/uploads\/auftrag_udoJuergens_1gr.jpg\" alt=\"Kwast - Auftragsmalerei - Udo J\u00fcrgens Show\" width=\"640\" height=\"480\" class=\"alignnone size-full wp-image-847\" \/><\/p>\n<p><img loading=\"lazy\" decoding=\"async\" src=\"\/wp-content\/uploads\/auftrag_udoJuergens_5gr.jpg\" alt=\"Kwast - Auftragsmalerei - Udo J\u00fcrgens Show\" width=\"640\" height=\"480\" class=\"alignnone size-full wp-image-851\" \/><\/p>\n<p><img loading=\"lazy\" decoding=\"async\" src=\"\/wp-content\/uploads\/auftrag_udoJuergens_4gr.jpg\" alt=\"Kwast - Auftragsmalerei - Udo J\u00fcrgens Show\" width=\"640\" height=\"480\" class=\"alignnone size-full wp-image-850\" \/><\/p>\n<p><img loading=\"lazy\" decoding=\"async\" src=\"\/wp-content\/uploads\/auftrag_udoJuergens_3gr.jpg\" alt=\"Kwast - Auftragsmalerei - Udo J\u00fcrgens Show\" width=\"640\" height=\"480\" class=\"alignnone size-full wp-image-849\" \/><\/p>\n<p><img loading=\"lazy\" decoding=\"async\" src=\"\/wp-content\/uploads\/auftrag_udoJuergens_2gr.jpg\" alt=\"Kwast - Auftragsmalerei - Udo J\u00fcrgens Show\" width=\"640\" height=\"480\" class=\"alignnone size-full wp-image-848\" \/><\/p>\n<\/div>\n","protected":false},"excerpt":{"rendered":"<p>Auftraggeber: &#8230; | B&uuml;hnenprospekte | verschiedene Gr\u00f6\u00dfen F&uuml;r das Musical -Ich war noch niemals in New York- im Operettentheater Hamburg (vorher Cats) malte ich zwei 18m lange B&uuml;hnenhorizonte, die einmal mit und einmal ohne Skyline die Ankunft in New York zeigen. Gemalt wurde auf einem Baumwollstoff, in den ein Kunstfaden eingewebt war. Die Farbe stand [&hellip;]<\/p>\n","protected":false},"author":2,"featured_media":0,"parent":886,"menu_order":6,"comment_status":"closed","ping_status":"closed","template":"detailseiten.php","meta":{"footnotes":""},"class_list":["post-853","page","type-page","status-publish","hentry","brick"],"yoast_head":"<!-- This site is optimized with the Yoast SEO plugin v27.5 - https:\/\/yoast.com\/product\/yoast-seo-wordpress\/ -->\n<title>Udo J\u00fcrgens Show - Commissioned Painting Kwast Berlin<\/title>\n<meta name=\"robots\" content=\"index, follow, max-snippet:-1, max-image-preview:large, max-video-preview:-1\" \/>\n<link rel=\"canonical\" href=\"https:\/\/auftragsmalerei-kwast-berlin.de\/en\/eventmalerei-arbeitsbeispiele\/udo-juergens-show\/\" \/>\n<meta property=\"og:locale\" content=\"en_US\" \/>\n<meta property=\"og:type\" content=\"article\" \/>\n<meta property=\"og:title\" content=\"Udo J\u00fcrgens Show - Commissioned Painting Kwast Berlin\" \/>\n<meta property=\"og:description\" content=\"Auftraggeber: &#8230; | B&uuml;hnenprospekte | verschiedene Gr\u00f6\u00dfen F&uuml;r das Musical -Ich war noch niemals in New York- im Operettentheater Hamburg (vorher Cats) malte ich zwei 18m lange B&uuml;hnenhorizonte, die einmal mit und einmal ohne Skyline die Ankunft in New York zeigen. Gemalt wurde auf einem Baumwollstoff, in den ein Kunstfaden eingewebt war. Die Farbe stand [&hellip;]\" \/>\n<meta property=\"og:url\" content=\"https:\/\/auftragsmalerei-kwast-berlin.de\/en\/eventmalerei-arbeitsbeispiele\/udo-juergens-show\/\" \/>\n<meta property=\"og:site_name\" content=\"Commissioned Painting Kwast Berlin\" \/>\n<meta name=\"twitter:card\" content=\"summary_large_image\" \/>\n<script type=\"application\/ld+json\" class=\"yoast-schema-graph\">{\"@context\":\"https:\\\/\\\/schema.org\",\"@graph\":[{\"@type\":\"WebPage\",\"@id\":\"https:\\\/\\\/auftragsmalerei-kwast-berlin.de\\\/en\\\/eventmalerei-arbeitsbeispiele\\\/udo-juergens-show\\\/\",\"url\":\"https:\\\/\\\/auftragsmalerei-kwast-berlin.de\\\/en\\\/eventmalerei-arbeitsbeispiele\\\/udo-juergens-show\\\/\",\"name\":\"Udo J\u00fcrgens Show - Commissioned Painting Kwast Berlin\",\"isPartOf\":{\"@id\":\"https:\\\/\\\/auftragsmalerei-kwast-berlin.de\\\/en\\\/#website\"},\"datePublished\":\"2015-09-04T10:30:45+00:00\",\"breadcrumb\":{\"@id\":\"https:\\\/\\\/auftragsmalerei-kwast-berlin.de\\\/en\\\/eventmalerei-arbeitsbeispiele\\\/udo-juergens-show\\\/#breadcrumb\"},\"inLanguage\":\"en-US\",\"potentialAction\":[{\"@type\":\"ReadAction\",\"target\":[\"https:\\\/\\\/auftragsmalerei-kwast-berlin.de\\\/en\\\/eventmalerei-arbeitsbeispiele\\\/udo-juergens-show\\\/\"]}]},{\"@type\":\"BreadcrumbList\",\"@id\":\"https:\\\/\\\/auftragsmalerei-kwast-berlin.de\\\/en\\\/eventmalerei-arbeitsbeispiele\\\/udo-juergens-show\\\/#breadcrumb\",\"itemListElement\":[{\"@type\":\"ListItem\",\"position\":1,\"name\":\"Home\",\"item\":\"https:\\\/\\\/auftragsmalerei-kwast-berlin.de\\\/en\\\/\"},{\"@type\":\"ListItem\",\"position\":2,\"name\":\"Event painting\",\"item\":\"https:\\\/\\\/auftragsmalerei-kwast-berlin.de\\\/en\\\/eventmalerei-arbeitsbeispiele\\\/\"},{\"@type\":\"ListItem\",\"position\":3,\"name\":\"Udo J\u00fcrgens Show\"}]},{\"@type\":\"WebSite\",\"@id\":\"https:\\\/\\\/auftragsmalerei-kwast-berlin.de\\\/en\\\/#website\",\"url\":\"https:\\\/\\\/auftragsmalerei-kwast-berlin.de\\\/en\\\/\",\"name\":\"Commissioned Painting Kwast Berlin\",\"description\":\"Commissioned painting for theatre and film, fairs and museums, wall, facade and portrait\",\"potentialAction\":[{\"@type\":\"SearchAction\",\"target\":{\"@type\":\"EntryPoint\",\"urlTemplate\":\"https:\\\/\\\/auftragsmalerei-kwast-berlin.de\\\/en\\\/?s={search_term_string}\"},\"query-input\":{\"@type\":\"PropertyValueSpecification\",\"valueRequired\":true,\"valueName\":\"search_term_string\"}}],\"inLanguage\":\"en-US\"}]}<\/script>\n<!-- \/ Yoast SEO plugin. -->","yoast_head_json":{"title":"Udo J\u00fcrgens Show - Commissioned Painting Kwast Berlin","robots":{"index":"index","follow":"follow","max-snippet":"max-snippet:-1","max-image-preview":"max-image-preview:large","max-video-preview":"max-video-preview:-1"},"canonical":"https:\/\/auftragsmalerei-kwast-berlin.de\/en\/eventmalerei-arbeitsbeispiele\/udo-juergens-show\/","og_locale":"en_US","og_type":"article","og_title":"Udo J\u00fcrgens Show - Commissioned Painting Kwast Berlin","og_description":"Auftraggeber: &#8230; | B&uuml;hnenprospekte | verschiedene Gr\u00f6\u00dfen F&uuml;r das Musical -Ich war noch niemals in New York- im Operettentheater Hamburg (vorher Cats) malte ich zwei 18m lange B&uuml;hnenhorizonte, die einmal mit und einmal ohne Skyline die Ankunft in New York zeigen. Gemalt wurde auf einem Baumwollstoff, in den ein Kunstfaden eingewebt war. Die Farbe stand [&hellip;]","og_url":"https:\/\/auftragsmalerei-kwast-berlin.de\/en\/eventmalerei-arbeitsbeispiele\/udo-juergens-show\/","og_site_name":"Commissioned Painting Kwast Berlin","twitter_card":"summary_large_image","schema":{"@context":"https:\/\/schema.org","@graph":[{"@type":"WebPage","@id":"https:\/\/auftragsmalerei-kwast-berlin.de\/en\/eventmalerei-arbeitsbeispiele\/udo-juergens-show\/","url":"https:\/\/auftragsmalerei-kwast-berlin.de\/en\/eventmalerei-arbeitsbeispiele\/udo-juergens-show\/","name":"Udo J\u00fcrgens Show - Commissioned Painting Kwast Berlin","isPartOf":{"@id":"https:\/\/auftragsmalerei-kwast-berlin.de\/en\/#website"},"datePublished":"2015-09-04T10:30:45+00:00","breadcrumb":{"@id":"https:\/\/auftragsmalerei-kwast-berlin.de\/en\/eventmalerei-arbeitsbeispiele\/udo-juergens-show\/#breadcrumb"},"inLanguage":"en-US","potentialAction":[{"@type":"ReadAction","target":["https:\/\/auftragsmalerei-kwast-berlin.de\/en\/eventmalerei-arbeitsbeispiele\/udo-juergens-show\/"]}]},{"@type":"BreadcrumbList","@id":"https:\/\/auftragsmalerei-kwast-berlin.de\/en\/eventmalerei-arbeitsbeispiele\/udo-juergens-show\/#breadcrumb","itemListElement":[{"@type":"ListItem","position":1,"name":"Home","item":"https:\/\/auftragsmalerei-kwast-berlin.de\/en\/"},{"@type":"ListItem","position":2,"name":"Event painting","item":"https:\/\/auftragsmalerei-kwast-berlin.de\/en\/eventmalerei-arbeitsbeispiele\/"},{"@type":"ListItem","position":3,"name":"Udo J\u00fcrgens Show"}]},{"@type":"WebSite","@id":"https:\/\/auftragsmalerei-kwast-berlin.de\/en\/#website","url":"https:\/\/auftragsmalerei-kwast-berlin.de\/en\/","name":"Commissioned Painting Kwast Berlin","description":"Commissioned painting for theatre and film, fairs and museums, wall, facade and portrait","potentialAction":[{"@type":"SearchAction","target":{"@type":"EntryPoint","urlTemplate":"https:\/\/auftragsmalerei-kwast-berlin.de\/en\/?s={search_term_string}"},"query-input":{"@type":"PropertyValueSpecification","valueRequired":true,"valueName":"search_term_string"}}],"inLanguage":"en-US"}]}},"_links":{"self":[{"href":"https:\/\/auftragsmalerei-kwast-berlin.de\/en\/wp-json\/wp\/v2\/pages\/853","targetHints":{"allow":["GET"]}}],"collection":[{"href":"https:\/\/auftragsmalerei-kwast-berlin.de\/en\/wp-json\/wp\/v2\/pages"}],"about":[{"href":"https:\/\/auftragsmalerei-kwast-berlin.de\/en\/wp-json\/wp\/v2\/types\/page"}],"author":[{"embeddable":true,"href":"https:\/\/auftragsmalerei-kwast-berlin.de\/en\/wp-json\/wp\/v2\/users\/2"}],"replies":[{"embeddable":true,"href":"https:\/\/auftragsmalerei-kwast-berlin.de\/en\/wp-json\/wp\/v2\/comments?post=853"}],"version-history":[{"count":0,"href":"https:\/\/auftragsmalerei-kwast-berlin.de\/en\/wp-json\/wp\/v2\/pages\/853\/revisions"}],"up":[{"embeddable":true,"href":"https:\/\/auftragsmalerei-kwast-berlin.de\/en\/wp-json\/wp\/v2\/pages\/886"}],"wp:attachment":[{"href":"https:\/\/auftragsmalerei-kwast-berlin.de\/en\/wp-json\/wp\/v2\/media?parent=853"}],"curies":[{"name":"wp","href":"https:\/\/api.w.org\/{rel}","templated":true}]}}