{"id":863,"date":"2015-09-04T12:38:36","date_gmt":"2015-09-04T10:38:36","guid":{"rendered":"http:\/\/relaunch.auftragsmalerei-kwast-berlin.de\/?page_id=863"},"modified":"2015-09-04T12:38:36","modified_gmt":"2015-09-04T10:38:36","slug":"berlin-musical","status":"publish","type":"page","link":"https:\/\/auftragsmalerei-kwast-berlin.de\/en\/eventmalerei-arbeitsbeispiele\/berlin-musical\/","title":{"rendered":"Berlin\u2013Musical"},"content":{"rendered":"<h3>Auftraggeber: Gentara Multimedia e.V. | Himmelsprospekt | 12,00m x 26,00m<\/h3>\n<p>F\u00fcr ein geplantes Berlin\u2013Musical malte ich in den Werkst\u00e4tten des Schillertheaters diesen Himmelsprospekt, wo Berliner Fernsehturm und die Bronzefigur Viktoria der Siegess\u00e4ule, als fliegender Engel, den Blickfang bilden. Diese Theatermalerei wurde komplett mit der Spritzpistole erstellt, um eine gute Durchleuchtung zu gew\u00e4hrleisten.<br \/>\nProspektmalerei in dieser Gr\u00f6\u00dfe schnell zu realisieren erfordert eine gute k\u00f6rperliche Verfassung und eine Menge malerischer Erfahrung.<\/p>\n<div class=\"content_block\" id=\"custom_post_widget-858\"><p><img loading=\"lazy\" decoding=\"async\" src=\"\/wp-content\/uploads\/auftrag_berlinerMusical_3gr.jpg\" alt=\"Kwast - Auftragsmalerei - Berlin Musical\" width=\"430\" height=\"569\" class=\"alignnone size-full wp-image-860\" \/><\/p>\n<p><img loading=\"lazy\" decoding=\"async\" src=\"\/wp-content\/uploads\/auftrag_berlinerMusical_2gr.jpg\" alt=\"Kwast - Auftragsmalerei - Berlin Musical\" width=\"430\" height=\"569\" class=\"alignnone size-full wp-image-859\" \/><\/p>\n<p><img loading=\"lazy\" decoding=\"async\" src=\"\/wp-content\/uploads\/auftrag_berlinMusical_1gr.jpg\" alt=\"Kwast - Auftragsmalerei - Berlin Musical\" width=\"656\" height=\"410\" class=\"alignnone size-full wp-image-861\" \/><\/p>\n<\/div>\n","protected":false},"excerpt":{"rendered":"<p>Auftraggeber: Gentara Multimedia e.V. | Himmelsprospekt | 12,00m x 26,00m F\u00fcr ein geplantes Berlin\u2013Musical malte ich in den Werkst\u00e4tten des Schillertheaters diesen Himmelsprospekt, wo Berliner Fernsehturm und die Bronzefigur Viktoria der Siegess\u00e4ule, als fliegender Engel, den Blickfang bilden. Diese Theatermalerei wurde komplett mit der Spritzpistole erstellt, um eine gute Durchleuchtung zu gew\u00e4hrleisten. Prospektmalerei in dieser [&hellip;]<\/p>\n","protected":false},"author":2,"featured_media":0,"parent":886,"menu_order":7,"comment_status":"closed","ping_status":"closed","template":"detailseiten.php","meta":{"footnotes":""},"class_list":["post-863","page","type-page","status-publish","hentry","brick"],"yoast_head":"<!-- This site is optimized with the Yoast SEO plugin v27.4 - https:\/\/yoast.com\/product\/yoast-seo-wordpress\/ -->\n<title>Berlin\u2013Musical - Commissioned Painting Kwast Berlin<\/title>\n<meta name=\"robots\" content=\"index, follow, max-snippet:-1, max-image-preview:large, max-video-preview:-1\" \/>\n<link rel=\"canonical\" href=\"https:\/\/auftragsmalerei-kwast-berlin.de\/en\/eventmalerei-arbeitsbeispiele\/berlin-musical\/\" \/>\n<meta property=\"og:locale\" content=\"en_US\" \/>\n<meta property=\"og:type\" content=\"article\" \/>\n<meta property=\"og:title\" content=\"Berlin\u2013Musical - Commissioned Painting Kwast Berlin\" \/>\n<meta property=\"og:description\" content=\"Auftraggeber: Gentara Multimedia e.V. | Himmelsprospekt | 12,00m x 26,00m F\u00fcr ein geplantes Berlin\u2013Musical malte ich in den Werkst\u00e4tten des Schillertheaters diesen Himmelsprospekt, wo Berliner Fernsehturm und die Bronzefigur Viktoria der Siegess\u00e4ule, als fliegender Engel, den Blickfang bilden. Diese Theatermalerei wurde komplett mit der Spritzpistole erstellt, um eine gute Durchleuchtung zu gew\u00e4hrleisten. Prospektmalerei in dieser [&hellip;]\" \/>\n<meta property=\"og:url\" content=\"https:\/\/auftragsmalerei-kwast-berlin.de\/en\/eventmalerei-arbeitsbeispiele\/berlin-musical\/\" \/>\n<meta property=\"og:site_name\" content=\"Commissioned Painting Kwast Berlin\" \/>\n<meta name=\"twitter:card\" content=\"summary_large_image\" \/>\n<script type=\"application\/ld+json\" class=\"yoast-schema-graph\">{\"@context\":\"https:\\\/\\\/schema.org\",\"@graph\":[{\"@type\":\"WebPage\",\"@id\":\"https:\\\/\\\/auftragsmalerei-kwast-berlin.de\\\/en\\\/eventmalerei-arbeitsbeispiele\\\/berlin-musical\\\/\",\"url\":\"https:\\\/\\\/auftragsmalerei-kwast-berlin.de\\\/en\\\/eventmalerei-arbeitsbeispiele\\\/berlin-musical\\\/\",\"name\":\"Berlin\u2013Musical - Commissioned Painting Kwast Berlin\",\"isPartOf\":{\"@id\":\"https:\\\/\\\/auftragsmalerei-kwast-berlin.de\\\/en\\\/#website\"},\"datePublished\":\"2015-09-04T10:38:36+00:00\",\"breadcrumb\":{\"@id\":\"https:\\\/\\\/auftragsmalerei-kwast-berlin.de\\\/en\\\/eventmalerei-arbeitsbeispiele\\\/berlin-musical\\\/#breadcrumb\"},\"inLanguage\":\"en-US\",\"potentialAction\":[{\"@type\":\"ReadAction\",\"target\":[\"https:\\\/\\\/auftragsmalerei-kwast-berlin.de\\\/en\\\/eventmalerei-arbeitsbeispiele\\\/berlin-musical\\\/\"]}]},{\"@type\":\"BreadcrumbList\",\"@id\":\"https:\\\/\\\/auftragsmalerei-kwast-berlin.de\\\/en\\\/eventmalerei-arbeitsbeispiele\\\/berlin-musical\\\/#breadcrumb\",\"itemListElement\":[{\"@type\":\"ListItem\",\"position\":1,\"name\":\"Home\",\"item\":\"https:\\\/\\\/auftragsmalerei-kwast-berlin.de\\\/en\\\/\"},{\"@type\":\"ListItem\",\"position\":2,\"name\":\"Event painting\",\"item\":\"https:\\\/\\\/auftragsmalerei-kwast-berlin.de\\\/en\\\/eventmalerei-arbeitsbeispiele\\\/\"},{\"@type\":\"ListItem\",\"position\":3,\"name\":\"Berlin\u2013Musical\"}]},{\"@type\":\"WebSite\",\"@id\":\"https:\\\/\\\/auftragsmalerei-kwast-berlin.de\\\/en\\\/#website\",\"url\":\"https:\\\/\\\/auftragsmalerei-kwast-berlin.de\\\/en\\\/\",\"name\":\"Commissioned Painting Kwast Berlin\",\"description\":\"Commissioned painting for theatre and film, fairs and museums, wall, facade and portrait\",\"potentialAction\":[{\"@type\":\"SearchAction\",\"target\":{\"@type\":\"EntryPoint\",\"urlTemplate\":\"https:\\\/\\\/auftragsmalerei-kwast-berlin.de\\\/en\\\/?s={search_term_string}\"},\"query-input\":{\"@type\":\"PropertyValueSpecification\",\"valueRequired\":true,\"valueName\":\"search_term_string\"}}],\"inLanguage\":\"en-US\"}]}<\/script>\n<!-- \/ Yoast SEO plugin. -->","yoast_head_json":{"title":"Berlin\u2013Musical - Commissioned Painting Kwast Berlin","robots":{"index":"index","follow":"follow","max-snippet":"max-snippet:-1","max-image-preview":"max-image-preview:large","max-video-preview":"max-video-preview:-1"},"canonical":"https:\/\/auftragsmalerei-kwast-berlin.de\/en\/eventmalerei-arbeitsbeispiele\/berlin-musical\/","og_locale":"en_US","og_type":"article","og_title":"Berlin\u2013Musical - Commissioned Painting Kwast Berlin","og_description":"Auftraggeber: Gentara Multimedia e.V. | Himmelsprospekt | 12,00m x 26,00m F\u00fcr ein geplantes Berlin\u2013Musical malte ich in den Werkst\u00e4tten des Schillertheaters diesen Himmelsprospekt, wo Berliner Fernsehturm und die Bronzefigur Viktoria der Siegess\u00e4ule, als fliegender Engel, den Blickfang bilden. Diese Theatermalerei wurde komplett mit der Spritzpistole erstellt, um eine gute Durchleuchtung zu gew\u00e4hrleisten. Prospektmalerei in dieser [&hellip;]","og_url":"https:\/\/auftragsmalerei-kwast-berlin.de\/en\/eventmalerei-arbeitsbeispiele\/berlin-musical\/","og_site_name":"Commissioned Painting Kwast Berlin","twitter_card":"summary_large_image","schema":{"@context":"https:\/\/schema.org","@graph":[{"@type":"WebPage","@id":"https:\/\/auftragsmalerei-kwast-berlin.de\/en\/eventmalerei-arbeitsbeispiele\/berlin-musical\/","url":"https:\/\/auftragsmalerei-kwast-berlin.de\/en\/eventmalerei-arbeitsbeispiele\/berlin-musical\/","name":"Berlin\u2013Musical - Commissioned Painting Kwast Berlin","isPartOf":{"@id":"https:\/\/auftragsmalerei-kwast-berlin.de\/en\/#website"},"datePublished":"2015-09-04T10:38:36+00:00","breadcrumb":{"@id":"https:\/\/auftragsmalerei-kwast-berlin.de\/en\/eventmalerei-arbeitsbeispiele\/berlin-musical\/#breadcrumb"},"inLanguage":"en-US","potentialAction":[{"@type":"ReadAction","target":["https:\/\/auftragsmalerei-kwast-berlin.de\/en\/eventmalerei-arbeitsbeispiele\/berlin-musical\/"]}]},{"@type":"BreadcrumbList","@id":"https:\/\/auftragsmalerei-kwast-berlin.de\/en\/eventmalerei-arbeitsbeispiele\/berlin-musical\/#breadcrumb","itemListElement":[{"@type":"ListItem","position":1,"name":"Home","item":"https:\/\/auftragsmalerei-kwast-berlin.de\/en\/"},{"@type":"ListItem","position":2,"name":"Event painting","item":"https:\/\/auftragsmalerei-kwast-berlin.de\/en\/eventmalerei-arbeitsbeispiele\/"},{"@type":"ListItem","position":3,"name":"Berlin\u2013Musical"}]},{"@type":"WebSite","@id":"https:\/\/auftragsmalerei-kwast-berlin.de\/en\/#website","url":"https:\/\/auftragsmalerei-kwast-berlin.de\/en\/","name":"Commissioned Painting Kwast Berlin","description":"Commissioned painting for theatre and film, fairs and museums, wall, facade and portrait","potentialAction":[{"@type":"SearchAction","target":{"@type":"EntryPoint","urlTemplate":"https:\/\/auftragsmalerei-kwast-berlin.de\/en\/?s={search_term_string}"},"query-input":{"@type":"PropertyValueSpecification","valueRequired":true,"valueName":"search_term_string"}}],"inLanguage":"en-US"}]}},"_links":{"self":[{"href":"https:\/\/auftragsmalerei-kwast-berlin.de\/en\/wp-json\/wp\/v2\/pages\/863","targetHints":{"allow":["GET"]}}],"collection":[{"href":"https:\/\/auftragsmalerei-kwast-berlin.de\/en\/wp-json\/wp\/v2\/pages"}],"about":[{"href":"https:\/\/auftragsmalerei-kwast-berlin.de\/en\/wp-json\/wp\/v2\/types\/page"}],"author":[{"embeddable":true,"href":"https:\/\/auftragsmalerei-kwast-berlin.de\/en\/wp-json\/wp\/v2\/users\/2"}],"replies":[{"embeddable":true,"href":"https:\/\/auftragsmalerei-kwast-berlin.de\/en\/wp-json\/wp\/v2\/comments?post=863"}],"version-history":[{"count":0,"href":"https:\/\/auftragsmalerei-kwast-berlin.de\/en\/wp-json\/wp\/v2\/pages\/863\/revisions"}],"up":[{"embeddable":true,"href":"https:\/\/auftragsmalerei-kwast-berlin.de\/en\/wp-json\/wp\/v2\/pages\/886"}],"wp:attachment":[{"href":"https:\/\/auftragsmalerei-kwast-berlin.de\/en\/wp-json\/wp\/v2\/media?parent=863"}],"curies":[{"name":"wp","href":"https:\/\/api.w.org\/{rel}","templated":true}]}}