{"id":903,"date":"2015-09-07T11:10:57","date_gmt":"2015-09-07T09:10:57","guid":{"rendered":"http:\/\/relaunch.auftragsmalerei-kwast-berlin.de\/?page_id=903"},"modified":"2015-09-07T11:10:57","modified_gmt":"2015-09-07T09:10:57","slug":"mc-kinsey-party","status":"publish","type":"page","link":"https:\/\/auftragsmalerei-kwast-berlin.de\/en\/eventmalerei-arbeitsbeispiele\/mc-kinsey-party\/","title":{"rendered":"McKinsey-Party \u2013 Eis-Bar"},"content":{"rendered":"<h3>Auftraggeber: &#8230; | Acryl auf Spanplatten | unterschiedliche Gr\u00f6\u00dfen<\/h3>\n<p>F\u00fcr eine gro\u00dfe Feier in den ehemaligen Flugzeughallen des Flughafen Tegel mussten in k\u00fcrzester Zeit mehrere Getr\u00e4nkebars der restlichen Winterdekoration angepasst werden. In der Auftragsmalerei ist neben der Qualit\u00e4t auch die Arbeitsgeschwindigkeit ein wesentlicher Vergabegrund geworden. Hier wurde als schnelle L\u00f6sung eine Verkleidung der Bartresen in Eisw\u00fcrfeloptik angeboten, die dann auch in wenigen Stunden vor Ort realisiert wurde.<br \/>\n<div class=\"content_block\" id=\"custom_post_widget-897\"><p><img loading=\"lazy\" decoding=\"async\" class=\"wp-image-899 size-full\" src=\"https:\/\/auftragsmalerei-kwast-berlin.de\/wp-content\/uploads\/auftrag_eisbar_1gr.jpg\" alt=\"Kwast - Auftragsmalerei - McKinsey Party\" width=\"640\" height=\"425\" \/><\/p>\n<p><img loading=\"lazy\" decoding=\"async\" class=\"alignnone wp-image-901 size-full\" src=\"https:\/\/auftragsmalerei-kwast-berlin.de\/wp-content\/uploads\/auftrag_eisbar_3gr.jpg\" alt=\"Kwast - Auftragsmalerei - McKinsey Party\" width=\"640\" height=\"426\" \/><\/p>\n<p><img loading=\"lazy\" decoding=\"async\" class=\"alignnone wp-image-900 size-full\" src=\"https:\/\/auftragsmalerei-kwast-berlin.de\/wp-content\/uploads\/auftrag_eisbar_2gr.jpg\" alt=\"Kwast - Auftragsmalerei - McKinsey Party\" width=\"640\" height=\"425\" \/><\/p>\n<\/div><\/p>\n","protected":false},"excerpt":{"rendered":"<p>Auftraggeber: &#8230; | Acryl auf Spanplatten | unterschiedliche Gr\u00f6\u00dfen F\u00fcr eine gro\u00dfe Feier in den ehemaligen Flugzeughallen des Flughafen Tegel mussten in k\u00fcrzester Zeit mehrere Getr\u00e4nkebars der restlichen Winterdekoration angepasst werden. In der Auftragsmalerei ist neben der Qualit\u00e4t auch die Arbeitsgeschwindigkeit ein wesentlicher Vergabegrund geworden. Hier wurde als schnelle L\u00f6sung eine Verkleidung der Bartresen in [&hellip;]<\/p>\n","protected":false},"author":2,"featured_media":0,"parent":886,"menu_order":8,"comment_status":"closed","ping_status":"closed","template":"detailseiten.php","meta":{"footnotes":""},"class_list":["post-903","page","type-page","status-publish","hentry","brick"],"yoast_head":"<!-- This site is optimized with the Yoast SEO plugin v27.4 - https:\/\/yoast.com\/product\/yoast-seo-wordpress\/ -->\n<title>McKinsey-Party \u2013 Eis-Bar - Commissioned Painting Kwast Berlin<\/title>\n<meta name=\"robots\" content=\"index, follow, max-snippet:-1, max-image-preview:large, max-video-preview:-1\" \/>\n<link rel=\"canonical\" href=\"https:\/\/auftragsmalerei-kwast-berlin.de\/en\/eventmalerei-arbeitsbeispiele\/mc-kinsey-party\/\" \/>\n<meta property=\"og:locale\" content=\"en_US\" \/>\n<meta property=\"og:type\" content=\"article\" \/>\n<meta property=\"og:title\" content=\"McKinsey-Party \u2013 Eis-Bar - Commissioned Painting Kwast Berlin\" \/>\n<meta property=\"og:description\" content=\"Auftraggeber: &#8230; | Acryl auf Spanplatten | unterschiedliche Gr\u00f6\u00dfen F\u00fcr eine gro\u00dfe Feier in den ehemaligen Flugzeughallen des Flughafen Tegel mussten in k\u00fcrzester Zeit mehrere Getr\u00e4nkebars der restlichen Winterdekoration angepasst werden. In der Auftragsmalerei ist neben der Qualit\u00e4t auch die Arbeitsgeschwindigkeit ein wesentlicher Vergabegrund geworden. Hier wurde als schnelle L\u00f6sung eine Verkleidung der Bartresen in [&hellip;]\" \/>\n<meta property=\"og:url\" content=\"https:\/\/auftragsmalerei-kwast-berlin.de\/en\/eventmalerei-arbeitsbeispiele\/mc-kinsey-party\/\" \/>\n<meta property=\"og:site_name\" content=\"Commissioned Painting Kwast Berlin\" \/>\n<meta name=\"twitter:card\" content=\"summary_large_image\" \/>\n<script type=\"application\/ld+json\" class=\"yoast-schema-graph\">{\"@context\":\"https:\\\/\\\/schema.org\",\"@graph\":[{\"@type\":\"WebPage\",\"@id\":\"https:\\\/\\\/auftragsmalerei-kwast-berlin.de\\\/en\\\/eventmalerei-arbeitsbeispiele\\\/mc-kinsey-party\\\/\",\"url\":\"https:\\\/\\\/auftragsmalerei-kwast-berlin.de\\\/en\\\/eventmalerei-arbeitsbeispiele\\\/mc-kinsey-party\\\/\",\"name\":\"McKinsey-Party \u2013 Eis-Bar - Commissioned Painting Kwast Berlin\",\"isPartOf\":{\"@id\":\"https:\\\/\\\/auftragsmalerei-kwast-berlin.de\\\/en\\\/#website\"},\"datePublished\":\"2015-09-07T09:10:57+00:00\",\"breadcrumb\":{\"@id\":\"https:\\\/\\\/auftragsmalerei-kwast-berlin.de\\\/en\\\/eventmalerei-arbeitsbeispiele\\\/mc-kinsey-party\\\/#breadcrumb\"},\"inLanguage\":\"en-US\",\"potentialAction\":[{\"@type\":\"ReadAction\",\"target\":[\"https:\\\/\\\/auftragsmalerei-kwast-berlin.de\\\/en\\\/eventmalerei-arbeitsbeispiele\\\/mc-kinsey-party\\\/\"]}]},{\"@type\":\"BreadcrumbList\",\"@id\":\"https:\\\/\\\/auftragsmalerei-kwast-berlin.de\\\/en\\\/eventmalerei-arbeitsbeispiele\\\/mc-kinsey-party\\\/#breadcrumb\",\"itemListElement\":[{\"@type\":\"ListItem\",\"position\":1,\"name\":\"Home\",\"item\":\"https:\\\/\\\/auftragsmalerei-kwast-berlin.de\\\/en\\\/\"},{\"@type\":\"ListItem\",\"position\":2,\"name\":\"Event painting\",\"item\":\"https:\\\/\\\/auftragsmalerei-kwast-berlin.de\\\/en\\\/eventmalerei-arbeitsbeispiele\\\/\"},{\"@type\":\"ListItem\",\"position\":3,\"name\":\"McKinsey-Party \u2013 Eis-Bar\"}]},{\"@type\":\"WebSite\",\"@id\":\"https:\\\/\\\/auftragsmalerei-kwast-berlin.de\\\/en\\\/#website\",\"url\":\"https:\\\/\\\/auftragsmalerei-kwast-berlin.de\\\/en\\\/\",\"name\":\"Commissioned Painting Kwast Berlin\",\"description\":\"Commissioned painting for theatre and film, fairs and museums, wall, facade and portrait\",\"potentialAction\":[{\"@type\":\"SearchAction\",\"target\":{\"@type\":\"EntryPoint\",\"urlTemplate\":\"https:\\\/\\\/auftragsmalerei-kwast-berlin.de\\\/en\\\/?s={search_term_string}\"},\"query-input\":{\"@type\":\"PropertyValueSpecification\",\"valueRequired\":true,\"valueName\":\"search_term_string\"}}],\"inLanguage\":\"en-US\"}]}<\/script>\n<!-- \/ Yoast SEO plugin. -->","yoast_head_json":{"title":"McKinsey-Party \u2013 Eis-Bar - Commissioned Painting Kwast Berlin","robots":{"index":"index","follow":"follow","max-snippet":"max-snippet:-1","max-image-preview":"max-image-preview:large","max-video-preview":"max-video-preview:-1"},"canonical":"https:\/\/auftragsmalerei-kwast-berlin.de\/en\/eventmalerei-arbeitsbeispiele\/mc-kinsey-party\/","og_locale":"en_US","og_type":"article","og_title":"McKinsey-Party \u2013 Eis-Bar - Commissioned Painting Kwast Berlin","og_description":"Auftraggeber: &#8230; | Acryl auf Spanplatten | unterschiedliche Gr\u00f6\u00dfen F\u00fcr eine gro\u00dfe Feier in den ehemaligen Flugzeughallen des Flughafen Tegel mussten in k\u00fcrzester Zeit mehrere Getr\u00e4nkebars der restlichen Winterdekoration angepasst werden. In der Auftragsmalerei ist neben der Qualit\u00e4t auch die Arbeitsgeschwindigkeit ein wesentlicher Vergabegrund geworden. Hier wurde als schnelle L\u00f6sung eine Verkleidung der Bartresen in [&hellip;]","og_url":"https:\/\/auftragsmalerei-kwast-berlin.de\/en\/eventmalerei-arbeitsbeispiele\/mc-kinsey-party\/","og_site_name":"Commissioned Painting Kwast Berlin","twitter_card":"summary_large_image","schema":{"@context":"https:\/\/schema.org","@graph":[{"@type":"WebPage","@id":"https:\/\/auftragsmalerei-kwast-berlin.de\/en\/eventmalerei-arbeitsbeispiele\/mc-kinsey-party\/","url":"https:\/\/auftragsmalerei-kwast-berlin.de\/en\/eventmalerei-arbeitsbeispiele\/mc-kinsey-party\/","name":"McKinsey-Party \u2013 Eis-Bar - Commissioned Painting Kwast Berlin","isPartOf":{"@id":"https:\/\/auftragsmalerei-kwast-berlin.de\/en\/#website"},"datePublished":"2015-09-07T09:10:57+00:00","breadcrumb":{"@id":"https:\/\/auftragsmalerei-kwast-berlin.de\/en\/eventmalerei-arbeitsbeispiele\/mc-kinsey-party\/#breadcrumb"},"inLanguage":"en-US","potentialAction":[{"@type":"ReadAction","target":["https:\/\/auftragsmalerei-kwast-berlin.de\/en\/eventmalerei-arbeitsbeispiele\/mc-kinsey-party\/"]}]},{"@type":"BreadcrumbList","@id":"https:\/\/auftragsmalerei-kwast-berlin.de\/en\/eventmalerei-arbeitsbeispiele\/mc-kinsey-party\/#breadcrumb","itemListElement":[{"@type":"ListItem","position":1,"name":"Home","item":"https:\/\/auftragsmalerei-kwast-berlin.de\/en\/"},{"@type":"ListItem","position":2,"name":"Event painting","item":"https:\/\/auftragsmalerei-kwast-berlin.de\/en\/eventmalerei-arbeitsbeispiele\/"},{"@type":"ListItem","position":3,"name":"McKinsey-Party \u2013 Eis-Bar"}]},{"@type":"WebSite","@id":"https:\/\/auftragsmalerei-kwast-berlin.de\/en\/#website","url":"https:\/\/auftragsmalerei-kwast-berlin.de\/en\/","name":"Commissioned Painting Kwast Berlin","description":"Commissioned painting for theatre and film, fairs and museums, wall, facade and portrait","potentialAction":[{"@type":"SearchAction","target":{"@type":"EntryPoint","urlTemplate":"https:\/\/auftragsmalerei-kwast-berlin.de\/en\/?s={search_term_string}"},"query-input":{"@type":"PropertyValueSpecification","valueRequired":true,"valueName":"search_term_string"}}],"inLanguage":"en-US"}]}},"_links":{"self":[{"href":"https:\/\/auftragsmalerei-kwast-berlin.de\/en\/wp-json\/wp\/v2\/pages\/903","targetHints":{"allow":["GET"]}}],"collection":[{"href":"https:\/\/auftragsmalerei-kwast-berlin.de\/en\/wp-json\/wp\/v2\/pages"}],"about":[{"href":"https:\/\/auftragsmalerei-kwast-berlin.de\/en\/wp-json\/wp\/v2\/types\/page"}],"author":[{"embeddable":true,"href":"https:\/\/auftragsmalerei-kwast-berlin.de\/en\/wp-json\/wp\/v2\/users\/2"}],"replies":[{"embeddable":true,"href":"https:\/\/auftragsmalerei-kwast-berlin.de\/en\/wp-json\/wp\/v2\/comments?post=903"}],"version-history":[{"count":0,"href":"https:\/\/auftragsmalerei-kwast-berlin.de\/en\/wp-json\/wp\/v2\/pages\/903\/revisions"}],"up":[{"embeddable":true,"href":"https:\/\/auftragsmalerei-kwast-berlin.de\/en\/wp-json\/wp\/v2\/pages\/886"}],"wp:attachment":[{"href":"https:\/\/auftragsmalerei-kwast-berlin.de\/en\/wp-json\/wp\/v2\/media?parent=903"}],"curies":[{"name":"wp","href":"https:\/\/api.w.org\/{rel}","templated":true}]}}