{"id":958,"date":"2015-09-07T13:56:11","date_gmt":"2015-09-07T11:56:11","guid":{"rendered":"http:\/\/relaunch.auftragsmalerei-kwast-berlin.de\/?page_id=958"},"modified":"2015-09-07T13:56:11","modified_gmt":"2015-09-07T11:56:11","slug":"zwei-harley-davidsons","status":"publish","type":"page","link":"https:\/\/auftragsmalerei-kwast-berlin.de\/en\/auftragsmalerei-arbeitsbeispiele\/zwei-harley-davidsons\/","title":{"rendered":"Auftragsmalerei Harley`s"},"content":{"rendered":"<h3>Auftraggeber: Kr\u00fcger G\u00fcterkraftverkehr GmbH | Wasserl\u00f6sliche \u00d6lfarbe auf Leinwand | je 60 x 40 cm<\/h3>\n<p>Diese Auftragsmalereien nach Fotos haben einfach Spa\u00df gemacht. Die Motorr\u00e4der wurden der Wirkung wegen vor einen neutralen Hintergrund gestellt. Nach der Ausf\u00fchrung des ersten Bildes wurde gleich das zweite Bild geordert. Auftragsmalereien als sehr pers\u00f6nliche Firmengeschenke erleben gerade eine Renaissance.<\/p>\n<div class=\"content_block\" id=\"custom_post_widget-952\"><p><img loading=\"lazy\" decoding=\"async\" class=\"alignnone size-large wp-image-1115\" src=\"\/wp-content\/uploads\/harley_3-900x675.jpg\" alt=\"Kwast - Auftragsmalerei - Motorrad Harley Davidson\" width=\"640\" height=\"480\" \/> <img loading=\"lazy\" decoding=\"async\" class=\"alignnone size-large wp-image-1114\" src=\"\/wp-content\/uploads\/harley_2-900x675.jpg\" alt=\"Kwast - Auftragsmalerei - Motorrad Harley Davidson\" width=\"640\" height=\"480\" \/> <img loading=\"lazy\" decoding=\"async\" class=\"alignnone size-large wp-image-1113\" src=\"\/wp-content\/uploads\/harley_1-900x675.jpg\" alt=\"Kwast - Auftragsmalerei - Motorrad Harley Davidson\" width=\"640\" height=\"480\" \/> <img loading=\"lazy\" decoding=\"async\" class=\"alignnone size-large wp-image-1116\" src=\"\/wp-content\/uploads\/harley_4-900x675.jpg\" alt=\"Kwast - Auftragsmalerei - Motorrad Harley Davidson\" width=\"640\" height=\"480\" \/><\/p>\n<\/div>\n","protected":false},"excerpt":{"rendered":"<p>Auftraggeber: Kr\u00fcger G\u00fcterkraftverkehr GmbH | Wasserl\u00f6sliche \u00d6lfarbe auf Leinwand | je 60 x 40 cm Diese Auftragsmalereien nach Fotos haben einfach Spa\u00df gemacht. Die Motorr\u00e4der wurden der Wirkung wegen vor einen neutralen Hintergrund gestellt. Nach der Ausf\u00fchrung des ersten Bildes wurde gleich das zweite Bild geordert. Auftragsmalereien als sehr pers\u00f6nliche Firmengeschenke erleben gerade eine Renaissance.<\/p>\n","protected":false},"author":2,"featured_media":0,"parent":77,"menu_order":26,"comment_status":"closed","ping_status":"closed","template":"detailseiten.php","meta":{"footnotes":""},"class_list":["post-958","page","type-page","status-publish","hentry","brick"],"yoast_head":"<!-- This site is optimized with the Yoast SEO plugin v27.4 - https:\/\/yoast.com\/product\/yoast-seo-wordpress\/ -->\n<title>Auftragsmalerei Harley`s, Auftragsmalerei-Kwast-Berlin<\/title>\n<meta name=\"description\" content=\"Tafelmalerei im Auftrag einer Firma, Oelmalerei auf Leinwand, Motiv Motorr\u00e4der Harley Davidson, neutraler Hintergrund, Fotorealismus\" \/>\n<meta name=\"robots\" content=\"index, follow, max-snippet:-1, max-image-preview:large, max-video-preview:-1\" \/>\n<link rel=\"canonical\" href=\"https:\/\/auftragsmalerei-kwast-berlin.de\/en\/auftragsmalerei-arbeitsbeispiele\/zwei-harley-davidsons\/\" \/>\n<meta property=\"og:locale\" content=\"en_US\" \/>\n<meta property=\"og:type\" content=\"article\" \/>\n<meta property=\"og:title\" content=\"Auftragsmalerei Harley`s, Auftragsmalerei-Kwast-Berlin\" \/>\n<meta property=\"og:description\" content=\"Tafelmalerei im Auftrag einer Firma, Oelmalerei auf Leinwand, Motiv Motorr\u00e4der Harley Davidson, neutraler Hintergrund, Fotorealismus\" \/>\n<meta property=\"og:url\" content=\"https:\/\/auftragsmalerei-kwast-berlin.de\/en\/auftragsmalerei-arbeitsbeispiele\/zwei-harley-davidsons\/\" \/>\n<meta property=\"og:site_name\" content=\"Commissioned Painting Kwast Berlin\" \/>\n<meta name=\"twitter:card\" content=\"summary_large_image\" \/>\n<script type=\"application\/ld+json\" class=\"yoast-schema-graph\">{\"@context\":\"https:\\\/\\\/schema.org\",\"@graph\":[{\"@type\":\"WebPage\",\"@id\":\"https:\\\/\\\/auftragsmalerei-kwast-berlin.de\\\/en\\\/auftragsmalerei-arbeitsbeispiele\\\/zwei-harley-davidsons\\\/\",\"url\":\"https:\\\/\\\/auftragsmalerei-kwast-berlin.de\\\/en\\\/auftragsmalerei-arbeitsbeispiele\\\/zwei-harley-davidsons\\\/\",\"name\":\"Auftragsmalerei Harley`s, Auftragsmalerei-Kwast-Berlin\",\"isPartOf\":{\"@id\":\"https:\\\/\\\/auftragsmalerei-kwast-berlin.de\\\/en\\\/#website\"},\"datePublished\":\"2015-09-07T11:56:11+00:00\",\"description\":\"Tafelmalerei im Auftrag einer Firma, Oelmalerei auf Leinwand, Motiv Motorr\u00e4der Harley Davidson, neutraler Hintergrund, Fotorealismus\",\"breadcrumb\":{\"@id\":\"https:\\\/\\\/auftragsmalerei-kwast-berlin.de\\\/en\\\/auftragsmalerei-arbeitsbeispiele\\\/zwei-harley-davidsons\\\/#breadcrumb\"},\"inLanguage\":\"en-US\",\"potentialAction\":[{\"@type\":\"ReadAction\",\"target\":[\"https:\\\/\\\/auftragsmalerei-kwast-berlin.de\\\/en\\\/auftragsmalerei-arbeitsbeispiele\\\/zwei-harley-davidsons\\\/\"]}]},{\"@type\":\"BreadcrumbList\",\"@id\":\"https:\\\/\\\/auftragsmalerei-kwast-berlin.de\\\/en\\\/auftragsmalerei-arbeitsbeispiele\\\/zwei-harley-davidsons\\\/#breadcrumb\",\"itemListElement\":[{\"@type\":\"ListItem\",\"position\":1,\"name\":\"Home\",\"item\":\"https:\\\/\\\/auftragsmalerei-kwast-berlin.de\\\/en\\\/\"},{\"@type\":\"ListItem\",\"position\":2,\"name\":\"Order painting\",\"item\":\"https:\\\/\\\/auftragsmalerei-kwast-berlin.de\\\/en\\\/auftragsmalerei-arbeitsbeispiele\\\/\"},{\"@type\":\"ListItem\",\"position\":3,\"name\":\"Auftragsmalerei Harley`s\"}]},{\"@type\":\"WebSite\",\"@id\":\"https:\\\/\\\/auftragsmalerei-kwast-berlin.de\\\/en\\\/#website\",\"url\":\"https:\\\/\\\/auftragsmalerei-kwast-berlin.de\\\/en\\\/\",\"name\":\"Commissioned Painting Kwast Berlin\",\"description\":\"Commissioned painting for theatre and film, fairs and museums, wall, facade and portrait\",\"potentialAction\":[{\"@type\":\"SearchAction\",\"target\":{\"@type\":\"EntryPoint\",\"urlTemplate\":\"https:\\\/\\\/auftragsmalerei-kwast-berlin.de\\\/en\\\/?s={search_term_string}\"},\"query-input\":{\"@type\":\"PropertyValueSpecification\",\"valueRequired\":true,\"valueName\":\"search_term_string\"}}],\"inLanguage\":\"en-US\"}]}<\/script>\n<!-- \/ Yoast SEO plugin. -->","yoast_head_json":{"title":"Auftragsmalerei Harley`s, Auftragsmalerei-Kwast-Berlin","description":"Tafelmalerei im Auftrag einer Firma, Oelmalerei auf Leinwand, Motiv Motorr\u00e4der Harley Davidson, neutraler Hintergrund, Fotorealismus","robots":{"index":"index","follow":"follow","max-snippet":"max-snippet:-1","max-image-preview":"max-image-preview:large","max-video-preview":"max-video-preview:-1"},"canonical":"https:\/\/auftragsmalerei-kwast-berlin.de\/en\/auftragsmalerei-arbeitsbeispiele\/zwei-harley-davidsons\/","og_locale":"en_US","og_type":"article","og_title":"Auftragsmalerei Harley`s, Auftragsmalerei-Kwast-Berlin","og_description":"Tafelmalerei im Auftrag einer Firma, Oelmalerei auf Leinwand, Motiv Motorr\u00e4der Harley Davidson, neutraler Hintergrund, Fotorealismus","og_url":"https:\/\/auftragsmalerei-kwast-berlin.de\/en\/auftragsmalerei-arbeitsbeispiele\/zwei-harley-davidsons\/","og_site_name":"Commissioned Painting Kwast Berlin","twitter_card":"summary_large_image","schema":{"@context":"https:\/\/schema.org","@graph":[{"@type":"WebPage","@id":"https:\/\/auftragsmalerei-kwast-berlin.de\/en\/auftragsmalerei-arbeitsbeispiele\/zwei-harley-davidsons\/","url":"https:\/\/auftragsmalerei-kwast-berlin.de\/en\/auftragsmalerei-arbeitsbeispiele\/zwei-harley-davidsons\/","name":"Auftragsmalerei Harley`s, Auftragsmalerei-Kwast-Berlin","isPartOf":{"@id":"https:\/\/auftragsmalerei-kwast-berlin.de\/en\/#website"},"datePublished":"2015-09-07T11:56:11+00:00","description":"Tafelmalerei im Auftrag einer Firma, Oelmalerei auf Leinwand, Motiv Motorr\u00e4der Harley Davidson, neutraler Hintergrund, Fotorealismus","breadcrumb":{"@id":"https:\/\/auftragsmalerei-kwast-berlin.de\/en\/auftragsmalerei-arbeitsbeispiele\/zwei-harley-davidsons\/#breadcrumb"},"inLanguage":"en-US","potentialAction":[{"@type":"ReadAction","target":["https:\/\/auftragsmalerei-kwast-berlin.de\/en\/auftragsmalerei-arbeitsbeispiele\/zwei-harley-davidsons\/"]}]},{"@type":"BreadcrumbList","@id":"https:\/\/auftragsmalerei-kwast-berlin.de\/en\/auftragsmalerei-arbeitsbeispiele\/zwei-harley-davidsons\/#breadcrumb","itemListElement":[{"@type":"ListItem","position":1,"name":"Home","item":"https:\/\/auftragsmalerei-kwast-berlin.de\/en\/"},{"@type":"ListItem","position":2,"name":"Order painting","item":"https:\/\/auftragsmalerei-kwast-berlin.de\/en\/auftragsmalerei-arbeitsbeispiele\/"},{"@type":"ListItem","position":3,"name":"Auftragsmalerei Harley`s"}]},{"@type":"WebSite","@id":"https:\/\/auftragsmalerei-kwast-berlin.de\/en\/#website","url":"https:\/\/auftragsmalerei-kwast-berlin.de\/en\/","name":"Commissioned Painting Kwast Berlin","description":"Commissioned painting for theatre and film, fairs and museums, wall, facade and portrait","potentialAction":[{"@type":"SearchAction","target":{"@type":"EntryPoint","urlTemplate":"https:\/\/auftragsmalerei-kwast-berlin.de\/en\/?s={search_term_string}"},"query-input":{"@type":"PropertyValueSpecification","valueRequired":true,"valueName":"search_term_string"}}],"inLanguage":"en-US"}]}},"_links":{"self":[{"href":"https:\/\/auftragsmalerei-kwast-berlin.de\/en\/wp-json\/wp\/v2\/pages\/958","targetHints":{"allow":["GET"]}}],"collection":[{"href":"https:\/\/auftragsmalerei-kwast-berlin.de\/en\/wp-json\/wp\/v2\/pages"}],"about":[{"href":"https:\/\/auftragsmalerei-kwast-berlin.de\/en\/wp-json\/wp\/v2\/types\/page"}],"author":[{"embeddable":true,"href":"https:\/\/auftragsmalerei-kwast-berlin.de\/en\/wp-json\/wp\/v2\/users\/2"}],"replies":[{"embeddable":true,"href":"https:\/\/auftragsmalerei-kwast-berlin.de\/en\/wp-json\/wp\/v2\/comments?post=958"}],"version-history":[{"count":0,"href":"https:\/\/auftragsmalerei-kwast-berlin.de\/en\/wp-json\/wp\/v2\/pages\/958\/revisions"}],"up":[{"embeddable":true,"href":"https:\/\/auftragsmalerei-kwast-berlin.de\/en\/wp-json\/wp\/v2\/pages\/77"}],"wp:attachment":[{"href":"https:\/\/auftragsmalerei-kwast-berlin.de\/en\/wp-json\/wp\/v2\/media?parent=958"}],"curies":[{"name":"wp","href":"https:\/\/api.w.org\/{rel}","templated":true}]}}